{"id":977,"date":"2014-02-05T17:39:26","date_gmt":"2014-02-05T16:39:26","guid":{"rendered":"http:\/\/zallan.se\/?page_id=977"},"modified":"2019-05-08T16:49:53","modified_gmt":"2019-05-08T14:49:53","slug":"ky-kycklingpasta","status":"publish","type":"page","link":"https:\/\/zallan.se\/?page_id=977","title":{"rendered":"Indisk kyckling i currys\u00e5s"},"content":{"rendered":"<div class=\"fusion-fullwidth fullwidth-box fusion-builder-row-1 hundred-percent-fullwidth non-hundred-percent-height-scrolling\" style=\"--awb-border-radius-top-left:0px;--awb-border-radius-top-right:0px;--awb-border-radius-bottom-right:0px;--awb-border-radius-bottom-left:0px;--awb-overflow:visible;--awb-padding-right:30px;--awb-padding-left:30px;--awb-flex-wrap:wrap;\" ><div class=\"fusion-builder-row fusion-row\"><div class=\"fusion-layout-column fusion_builder_column fusion-builder-column-0 fusion_builder_column_1_2 1_2 fusion-one-half fusion-column-first\" style=\"--awb-bg-size:cover;width:50%;width:calc(50% - ( ( 4% ) * 0.5 ) );margin-right: 4%;\"><div class=\"fusion-column-wrapper fusion-flex-column-wrapper-legacy\"><div class=\"fusion-text fusion-text-1\"><p><img decoding=\"async\" class=\"alignnone size-full wp-image-980\" src=\"http:\/\/zallan.se\/wp-content\/uploads\/2014\/02\/KYkycklingpasta.jpg\" alt=\"\" width=\"560\" height=\"420\" srcset=\"https:\/\/zallan.se\/wp-content\/uploads\/2014\/02\/KYkycklingpasta-180x135.jpg 180w, https:\/\/zallan.se\/wp-content\/uploads\/2014\/02\/KYkycklingpasta-200x150.jpg 200w, https:\/\/zallan.se\/wp-content\/uploads\/2014\/02\/KYkycklingpasta-360x270.jpg 360w, https:\/\/zallan.se\/wp-content\/uploads\/2014\/02\/KYkycklingpasta.jpg 560w\" sizes=\"(max-width: 560px) 100vw, 560px\" \/><\/p>\n<\/div><div class=\"fusion-clearfix\"><\/div><\/div><\/div><div class=\"fusion-layout-column fusion_builder_column fusion-builder-column-1 fusion_builder_column_1_2 1_2 fusion-one-half fusion-column-last\" style=\"--awb-bg-size:cover;width:50%;width:calc(50% - ( ( 4% ) * 0.5 ) );\"><div class=\"fusion-column-wrapper fusion-flex-column-wrapper-legacy\"><div class=\"fusion-text fusion-text-2\"><h2><strong>Indisk kyckling i currys\u00e5s<br \/>\n<\/strong><\/h2>\n<p><strong>2 pers<\/strong><br \/>\n350-400 g kycklingbr\u00f6stfil\u00e9er<br \/>\n1 dl turkisk yoghurt<br \/>\n1 dl matlagningsgr\u00e4dde<br \/>\n75 g marinerade soltorkade tomater<br \/>\n1-2 msk sambal oelek<br \/>\n1 tsk salt<br \/>\n1 krm svartpeppar<br \/>\n3 salladsl\u00f6kar<br \/>\n2 vitl\u00f6ksklyftor<br \/>\nn\u00e5gra milda r\u00f6da chilifrukter<br \/>\nraps- och sesamolja<br \/>\nsp\u00e4tzle eller pasta (ca 80 g per person)<\/p>\n<\/div><div class=\"fusion-clearfix\"><\/div><\/div><\/div><div class=\"fusion-layout-column fusion_builder_column fusion-builder-column-2 fusion_builder_column_1_2 1_2 fusion-one-half fusion-column-first\" style=\"--awb-bg-size:cover;width:48%; margin-right: 4%;\"><div class=\"fusion-column-wrapper fusion-flex-column-wrapper-legacy\"><div class=\"fusion-text fusion-text-3\"><p><a href=\"http:\/\/zallan.se\/wp-content\/uploads\/2014\/02\/KYspatzle-200x150.jpg\"><img decoding=\"async\" class=\"alignleft wp-image-2912 size-full\" src=\"http:\/\/zallan.se\/wp-content\/uploads\/2014\/02\/KYspatzle-200x150.jpg\" alt=\"\" width=\"200\" height=\"150\" srcset=\"https:\/\/zallan.se\/wp-content\/uploads\/2014\/02\/KYspatzle-200x150-180x135.jpg 180w, https:\/\/zallan.se\/wp-content\/uploads\/2014\/02\/KYspatzle-200x150.jpg 200w\" sizes=\"(max-width: 200px) 100vw, 200px\" \/><\/a><\/p>\n<p>K\u00f6r tomaterna med gr\u00e4dde och yoghurt i en matberedare eller med mixerstav tills allt \u00e4r v\u00e4l blandat. Tills\u00e4tt sambal oelek, lite salt och peppar. St\u00e4ll \u00e5t sidan. Sk\u00e4r chilifrukterna och en salladsl\u00f6k i ganska tunna skivor, hacka vitl\u00f6ksklyftan. Fr\u00e4s chili, salladsl\u00f6k och vitl\u00f6k i lite olja, raps och sesam blandat. St\u00e4ll \u00e5t sidan. Sk\u00e4r kycklingbr\u00f6sten i ganska stora t\u00e4rningar. Bryn en hackad vitl\u00f6ksklyfta i rapsolja och tills\u00e4tt kycklingbitarna. L\u00e5t steka tills alla bitar f\u00e5tt f\u00e4rg runt om. Tills\u00e4tt yoghurt-gr\u00e4ddblandningen och l\u00e5t koka ihop. Koka under tiden pastan eller sp\u00e4tzlen. V\u00e4rm p\u00e5 chili-l\u00f6kblandningen och l\u00e4gg i de \u00e5terst\u00e5ende tv\u00e5 salladsl\u00f6karna skurna i sneda skivor och l\u00e5t allt bli varmt. L\u00e4gg upp kycklingen p\u00e5 ett fat och toppa med den fr\u00e4sta chili-salladsl\u00f6ken. Servera med sp\u00e4tzle el pasta.<\/p>\n<\/div><div class=\"fusion-clearfix\"><\/div><\/div><\/div><div class=\"fusion-layout-column fusion_builder_column fusion-builder-column-3 fusion_builder_column_1_1 1_1 fusion-one-full fusion-column-last fusion-column-no-min-height\" style=\"--awb-bg-size:cover;--awb-margin-bottom:0px;\"><div class=\"fusion-column-wrapper fusion-flex-column-wrapper-legacy\"><div class=\"fusion-sep-clear\"><\/div><div class=\"fusion-separator fusion-full-width-sep\" style=\"margin-left: auto;margin-right: auto;margin-top:40px;margin-bottom:40px;width:100%;\"><div class=\"fusion-separator-border sep-shadow\" style=\"--awb-height:20px;--awb-amount:20px;background:radial-gradient(ellipse at 50% -50% , #e0dede 0px, rgba(255, 255, 255, 0) 80%) repeat scroll 0 0 rgba(0, 0, 0, 0);background:-webkit-radial-gradient(ellipse at 50% -50% , #e0dede 0px, rgba(255, 255, 255, 0) 80%) repeat scroll 0 0 rgba(0, 0, 0, 0);background:-moz-radial-gradient(ellipse at 50% -50% , #e0dede 0px, rgba(255, 255, 255, 0) 80%) repeat scroll 0 0 rgba(0, 0, 0, 0);background:-o-radial-gradient(ellipse at 50% -50% , #e0dede 0px, rgba(255, 255, 255, 0) 80%) repeat scroll 0 0 rgba(0, 0, 0, 0);\"><\/div><\/div><div class=\"fusion-sep-clear\"><\/div><div class=\"fusion-clearfix\"><\/div><\/div><\/div><\/div><\/div>\n","protected":false},"excerpt":{"rendered":"","protected":false},"author":3,"featured_media":0,"parent":217,"menu_order":145,"comment_status":"open","ping_status":"open","template":"100-width.php","meta":{"footnotes":""},"class_list":["post-977","page","type-page","status-publish","hentry"],"_links":{"self":[{"href":"https:\/\/zallan.se\/index.php?rest_route=\/wp\/v2\/pages\/977","targetHints":{"allow":["GET"]}}],"collection":[{"href":"https:\/\/zallan.se\/index.php?rest_route=\/wp\/v2\/pages"}],"about":[{"href":"https:\/\/zallan.se\/index.php?rest_route=\/wp\/v2\/types\/page"}],"author":[{"embeddable":true,"href":"https:\/\/zallan.se\/index.php?rest_route=\/wp\/v2\/users\/3"}],"replies":[{"embeddable":true,"href":"https:\/\/zallan.se\/index.php?rest_route=%2Fwp%2Fv2%2Fcomments&post=977"}],"version-history":[{"count":2,"href":"https:\/\/zallan.se\/index.php?rest_route=\/wp\/v2\/pages\/977\/revisions"}],"predecessor-version":[{"id":6003,"href":"https:\/\/zallan.se\/index.php?rest_route=\/wp\/v2\/pages\/977\/revisions\/6003"}],"up":[{"embeddable":true,"href":"https:\/\/zallan.se\/index.php?rest_route=\/wp\/v2\/pages\/217"}],"wp:attachment":[{"href":"https:\/\/zallan.se\/index.php?rest_route=%2Fwp%2Fv2%2Fmedia&parent=977"}],"curies":[{"name":"wp","href":"https:\/\/api.w.org\/{rel}","templated":true}]}}