{"id":852,"date":"2014-01-14T09:41:03","date_gmt":"2014-01-14T08:41:03","guid":{"rendered":"http:\/\/zallan.se\/?page_id=852"},"modified":"2019-05-08T12:37:22","modified_gmt":"2019-05-08T10:37:22","slug":"fi","status":"publish","type":"page","link":"https:\/\/zallan.se\/?page_id=852","title":{"rendered":"Ugnsbakad lax med \u00f6rtsm\u00f6rt\u00e4cke"},"content":{"rendered":"<div class=\"fusion-fullwidth fullwidth-box fusion-builder-row-1 hundred-percent-fullwidth non-hundred-percent-height-scrolling\" style=\"--awb-border-radius-top-left:0px;--awb-border-radius-top-right:0px;--awb-border-radius-bottom-right:0px;--awb-border-radius-bottom-left:0px;--awb-overflow:visible;--awb-padding-right:30px;--awb-padding-left:30px;--awb-flex-wrap:wrap;\" ><div class=\"fusion-builder-row fusion-row\"><div class=\"fusion-layout-column fusion_builder_column fusion-builder-column-0 fusion_builder_column_1_2 1_2 fusion-one-half fusion-column-first\" style=\"--awb-bg-size:cover;width:50%;width:calc(50% - ( ( 4% ) * 0.5 ) );margin-right: 4%;\"><div class=\"fusion-column-wrapper fusion-flex-column-wrapper-legacy\"><div class=\"fusion-text fusion-text-1\"><p><img decoding=\"async\" class=\"alignnone size-medium wp-image-2870\" src=\"http:\/\/zallan.se\/wp-content\/uploads\/2014\/10\/ugnsbakad-lax-med-kryddsmor-360x270.jpg\" alt=\"\" width=\"360\" height=\"270\" srcset=\"https:\/\/zallan.se\/wp-content\/uploads\/2014\/10\/ugnsbakad-lax-med-kryddsmor-180x135.jpg 180w, https:\/\/zallan.se\/wp-content\/uploads\/2014\/10\/ugnsbakad-lax-med-kryddsmor-200x150.jpg 200w, https:\/\/zallan.se\/wp-content\/uploads\/2014\/10\/ugnsbakad-lax-med-kryddsmor-360x270.jpg 360w, https:\/\/zallan.se\/wp-content\/uploads\/2014\/10\/ugnsbakad-lax-med-kryddsmor.jpg 560w\" sizes=\"(max-width: 360px) 100vw, 360px\" \/><\/p>\n<\/div><div class=\"fusion-clearfix\"><\/div><\/div><\/div><div class=\"fusion-layout-column fusion_builder_column fusion-builder-column-1 fusion_builder_column_1_2 1_2 fusion-one-half fusion-column-last\" style=\"--awb-bg-size:cover;width:50%;width:calc(50% - ( ( 4% ) * 0.5 ) );\"><div class=\"fusion-column-wrapper fusion-flex-column-wrapper-legacy\"><div class=\"fusion-text fusion-text-2\"><h2><strong>Ugnsbakad lax med \u00f6rtsm\u00f6rt\u00e4cke<\/strong><\/h2>\n<p><strong>2-3 pers<\/strong><br \/>\n500 g laxfil\u00e9 utan skinn<br \/>\n1 msk citronsaft<br \/>\n\u00bd tsk salt<br \/>\n<span style=\"font-size: 14px; line-height: 1.5em;\"><em>\u00d6rtsm\u00f6r:<\/em><br \/>\n<\/span>100 g rumsvarmt sm\u00f6r<br \/>\n\u00bd dl finhackad persilja<br \/>\n\u00bd dl finhackad dill<br \/>\n2 msk finhackad gr\u00e4sl\u00f6k<br \/>\n1 msk finhackad f\u00e4rsk dragon alt 1 tsk torkad eller motsvarande m\u00e4ngd finhackad spansk k\u00f6rvel<br \/>\n2 krm salt<br \/>\nrivet skal av en halv citron (g\u00e4rna ekologisk)<br \/>\n\u00bd msk citronsaft<br \/>\n\u00bd msk fransk senap<\/p>\n<\/div><div class=\"fusion-sep-clear\"><\/div><div class=\"fusion-separator fusion-full-width-sep\" style=\"margin-left: auto;margin-right: auto;margin-top:40px;margin-bottom:40px;width:100%;\"><div class=\"fusion-separator-border sep-shadow\" style=\"--awb-height:20px;--awb-amount:20px;background:radial-gradient(ellipse at 50% -50% , #e0dede 0px, rgba(255, 255, 255, 0) 80%) repeat scroll 0 0 rgba(0, 0, 0, 0);background:-webkit-radial-gradient(ellipse at 50% -50% , #e0dede 0px, rgba(255, 255, 255, 0) 80%) repeat scroll 0 0 rgba(0, 0, 0, 0);background:-moz-radial-gradient(ellipse at 50% -50% , #e0dede 0px, rgba(255, 255, 255, 0) 80%) repeat scroll 0 0 rgba(0, 0, 0, 0);background:-o-radial-gradient(ellipse at 50% -50% , #e0dede 0px, rgba(255, 255, 255, 0) 80%) repeat scroll 0 0 rgba(0, 0, 0, 0);\"><\/div><\/div><div class=\"fusion-sep-clear\"><\/div><div class=\"fusion-clearfix\"><\/div><\/div><\/div><div class=\"fusion-layout-column fusion_builder_column fusion-builder-column-2 fusion_builder_column_1_2 1_2 fusion-one-half fusion-column-first\" style=\"--awb-bg-size:cover;width:50%;width:calc(50% - ( ( 4% ) * 0.5 ) );margin-right: 4%;\"><div class=\"fusion-column-wrapper fusion-flex-column-wrapper-legacy\"><div class=\"fusion-text fusion-text-3\"><p>S\u00e4tt ugnen p\u00e5 200\u00b0. Vispa sm\u00f6ret vitt och p\u00f6sigt. Tv\u00e4tta citronen noga i varmt vatten och riv skalet fint p\u00e5 ett rivj\u00e4rn. R\u00f6r sedan ner detta i det vispade sm\u00f6ret tillsammans med alla \u00f6vriga ingredienser. Torka av laxen och gnid in den med salt. Droppa \u00f6ver citronsaften och l\u00e4gg \u00f6ver laxen i en ugnss\u00e4ker form. Bred \u00f6ver tv\u00e5 tredjedelar av \u00f6rtsm\u00f6ret. Rulla in resterande \u00f6rtsm\u00f6r i gladpack och l\u00e4gg i frysen. S\u00e4tt in fisken i ugnen och tillaga i ca 20 min.<\/p>\n<\/div><div class=\"fusion-sep-clear\"><\/div><div class=\"fusion-separator fusion-full-width-sep\" style=\"margin-left: auto;margin-right: auto;margin-top:40px;margin-bottom:40px;width:100%;\"><div class=\"fusion-separator-border sep-shadow\" style=\"--awb-height:20px;--awb-amount:20px;background:radial-gradient(ellipse at 50% -50% , #e0dede 0px, rgba(255, 255, 255, 0) 80%) repeat scroll 0 0 rgba(0, 0, 0, 0);background:-webkit-radial-gradient(ellipse at 50% -50% , #e0dede 0px, rgba(255, 255, 255, 0) 80%) repeat scroll 0 0 rgba(0, 0, 0, 0);background:-moz-radial-gradient(ellipse at 50% -50% , #e0dede 0px, rgba(255, 255, 255, 0) 80%) repeat scroll 0 0 rgba(0, 0, 0, 0);background:-o-radial-gradient(ellipse at 50% -50% , #e0dede 0px, rgba(255, 255, 255, 0) 80%) repeat scroll 0 0 rgba(0, 0, 0, 0);\"><\/div><\/div><div class=\"fusion-sep-clear\"><\/div><div class=\"fusion-clearfix\"><\/div><\/div><\/div><\/div><\/div>\n","protected":false},"excerpt":{"rendered":"","protected":false},"author":3,"featured_media":0,"parent":48,"menu_order":83,"comment_status":"open","ping_status":"open","template":"100-width.php","meta":{"footnotes":""},"class_list":["post-852","page","type-page","status-publish","hentry"],"_links":{"self":[{"href":"https:\/\/zallan.se\/index.php?rest_route=\/wp\/v2\/pages\/852","targetHints":{"allow":["GET"]}}],"collection":[{"href":"https:\/\/zallan.se\/index.php?rest_route=\/wp\/v2\/pages"}],"about":[{"href":"https:\/\/zallan.se\/index.php?rest_route=\/wp\/v2\/types\/page"}],"author":[{"embeddable":true,"href":"https:\/\/zallan.se\/index.php?rest_route=\/wp\/v2\/users\/3"}],"replies":[{"embeddable":true,"href":"https:\/\/zallan.se\/index.php?rest_route=%2Fwp%2Fv2%2Fcomments&post=852"}],"version-history":[{"count":2,"href":"https:\/\/zallan.se\/index.php?rest_route=\/wp\/v2\/pages\/852\/revisions"}],"predecessor-version":[{"id":5937,"href":"https:\/\/zallan.se\/index.php?rest_route=\/wp\/v2\/pages\/852\/revisions\/5937"}],"up":[{"embeddable":true,"href":"https:\/\/zallan.se\/index.php?rest_route=\/wp\/v2\/pages\/48"}],"wp:attachment":[{"href":"https:\/\/zallan.se\/index.php?rest_route=%2Fwp%2Fv2%2Fmedia&parent=852"}],"curies":[{"name":"wp","href":"https:\/\/api.w.org\/{rel}","templated":true}]}}