{"id":846,"date":"2014-01-14T09:34:11","date_gmt":"2014-01-14T08:34:11","guid":{"rendered":"http:\/\/zallan.se\/?page_id=846"},"modified":"2019-05-08T12:43:12","modified_gmt":"2019-05-08T10:43:12","slug":"fi-ugnsbakad-lax-med-trattkantarellsas","status":"publish","type":"page","link":"https:\/\/zallan.se\/?page_id=846","title":{"rendered":"Ugnsbakad lax med trattkantarells\u00e5s"},"content":{"rendered":"<div class=\"fusion-fullwidth fullwidth-box fusion-builder-row-1 hundred-percent-fullwidth non-hundred-percent-height-scrolling\" style=\"--awb-border-radius-top-left:0px;--awb-border-radius-top-right:0px;--awb-border-radius-bottom-right:0px;--awb-border-radius-bottom-left:0px;--awb-overflow:visible;--awb-padding-right:30px;--awb-padding-left:30px;--awb-flex-wrap:wrap;\" ><div class=\"fusion-builder-row fusion-row\"><div class=\"fusion-layout-column fusion_builder_column fusion-builder-column-0 fusion_builder_column_1_2 1_2 fusion-one-half fusion-column-first\" style=\"--awb-bg-size:cover;width:50%;width:calc(50% - ( ( 4% ) * 0.5 ) );margin-right: 4%;\"><div class=\"fusion-column-wrapper fusion-flex-column-wrapper-legacy\"><div class=\"fusion-text fusion-text-1\"><p><img decoding=\"async\" class=\"alignnone wp-image-863\" src=\"http:\/\/zallan.se\/wp-content\/uploads\/2014\/01\/FI-trattisar-202x270.jpg\" alt=\"\" width=\"378\" height=\"506\" srcset=\"https:\/\/zallan.se\/wp-content\/uploads\/2014\/01\/FI-trattisar-202x270.jpg 202w, https:\/\/zallan.se\/wp-content\/uploads\/2014\/01\/FI-trattisar.jpg 420w\" sizes=\"(max-width: 378px) 100vw, 378px\" \/><\/p>\n<\/div><div class=\"fusion-clearfix\"><\/div><\/div><\/div><div class=\"fusion-layout-column fusion_builder_column fusion-builder-column-1 fusion_builder_column_1_2 1_2 fusion-one-half fusion-column-last\" style=\"--awb-bg-size:cover;width:50%;width:calc(50% - ( ( 4% ) * 0.5 ) );\"><div class=\"fusion-column-wrapper fusion-flex-column-wrapper-legacy\"><div class=\"fusion-text fusion-text-2\"><h2><strong>Ugnsbakad lax med trattkantarells\u00e5s<\/strong><\/h2>\n<p><strong>4 pers<\/strong><\/p>\n<p>700 g skinn- och benfri lax av mittbiten,<br \/>\n\u00bd-1 tsk salt<br \/>\n1 msk olja<\/p>\n<p>Fyllning:<br \/>\n150 g gorgonzola<br \/>\n2\/3 dl hackad gr\u00e4sl\u00f6k<br \/>\n\u00bd dl hackad persilja<br \/>\nTrattkantarells\u00e5s:<br \/>\n\u00bd-1 msk sm\u00f6r<br \/>\n1 msk finhackad schalottenl\u00f6k<br \/>\n1\u00bd-2 dl hackade trattkantareller<br \/>\n\u00bd msk maizenamj\u00f6l<br \/>\n4 dl vispgr\u00e4dde<br \/>\n\u00bd gr\u00f6nsaksbuljongt\u00e4rning<br \/>\nev salt<\/p>\n<p>Tillbeh\u00f6r:<br \/>\nkokt sparrispotatis, dill, panko<\/p>\n<\/div><div class=\"fusion-sep-clear\"><\/div><div class=\"fusion-separator fusion-full-width-sep\" style=\"margin-left: auto;margin-right: auto;margin-top:40px;margin-bottom:40px;width:100%;\"><div class=\"fusion-separator-border sep-shadow\" style=\"--awb-height:20px;--awb-amount:20px;background:radial-gradient(ellipse at 50% -50% , #e0dede 0px, rgba(255, 255, 255, 0) 80%) repeat scroll 0 0 rgba(0, 0, 0, 0);background:-webkit-radial-gradient(ellipse at 50% -50% , #e0dede 0px, rgba(255, 255, 255, 0) 80%) repeat scroll 0 0 rgba(0, 0, 0, 0);background:-moz-radial-gradient(ellipse at 50% -50% , #e0dede 0px, rgba(255, 255, 255, 0) 80%) repeat scroll 0 0 rgba(0, 0, 0, 0);background:-o-radial-gradient(ellipse at 50% -50% , #e0dede 0px, rgba(255, 255, 255, 0) 80%) repeat scroll 0 0 rgba(0, 0, 0, 0);\"><\/div><\/div><div class=\"fusion-sep-clear\"><\/div><div class=\"fusion-clearfix\"><\/div><\/div><\/div><div class=\"fusion-layout-column fusion_builder_column fusion-builder-column-2 fusion_builder_column_1_2 1_2 fusion-one-half fusion-column-first\" style=\"--awb-bg-size:cover;width:50%;width:calc(50% - ( ( 4% ) * 0.5 ) );margin-right: 4%;\"><div class=\"fusion-column-wrapper fusion-flex-column-wrapper-legacy\"><div class=\"fusion-text fusion-text-3\"><p>Mosa osten och blanda ihop ingredienserna till fyllningen. St\u00e4ll \u00e5t sidan.<br \/>\nS\u00e5sen: Fr\u00e4s l\u00f6ken l\u00e4tt i sm\u00f6ret n\u00e5gon minut. Tills\u00e4tt svampen och fr\u00e4s ytterligare n\u00e5gra minuter eller till all v\u00e4tska sugits upp. Vrid n\u00e5gra varv p\u00e5 pepparkvarnen. Pudra \u00f6ver maizenamj\u00f6l. Sp\u00e4d med gr\u00e4dden under omr\u00f6rning och smula i buljongt\u00e4rningen. Sjud s\u00e5sen i minst 10 minuter och r\u00f6r om d\u00e5 och d\u00e5. Smaka av med salt. Det h\u00e4r g\u00e5r bra att g\u00f6ra n\u00e5gra timmar i f\u00f6rv\u00e4g. Koka potatisen tills den \u00e4r klar, 15-20 min. L\u00e5t kallna.<br \/>\nDela laxen i 4 portionsbitar och sk\u00e5ra dem f\u00f6rsiktig fr\u00e5n den tjocka sidan ner mot den tunna biten. Se till att inte sk\u00e4ra igenom helt. Om man \u00e4r r\u00e4dd att sk\u00e4ra igenom kan man l\u00e5ta skinnet sitta kvar. Men det \u00e4r l\u00e4ttare att \u00e4ta utan skinn om man inte fj\u00e4llat fisken f\u00f6rst. Se till att det inte finns n\u00e5gra ben kvar. L\u00e4gg laxbitarna i en smord eldfast form och f\u00f6rdela ost\/kryddblandningen i sk\u00e5ran. Pensla laxen med olja och salta f\u00f6rsiktigt. St\u00e4ll laxfil\u00e9erna p\u00e5 galler mitt i ugnen och baka 6-8 min. Stek sparrispotatisen, dela de stora p\u00e5 mitten, i sm\u00f6r tills de \u00e4r genomvarma. Str\u00f6 \u00f6ver panko och rikligt med hackad dill. Servera med en gr\u00f6nsallad.<\/p>\n<\/div><div class=\"fusion-sep-clear\"><\/div><div class=\"fusion-separator fusion-full-width-sep\" style=\"margin-left: auto;margin-right: auto;margin-top:40px;margin-bottom:40px;width:100%;\"><div class=\"fusion-separator-border sep-shadow\" style=\"--awb-height:20px;--awb-amount:20px;background:radial-gradient(ellipse at 50% -50% , #e0dede 0px, rgba(255, 255, 255, 0) 80%) repeat scroll 0 0 rgba(0, 0, 0, 0);background:-webkit-radial-gradient(ellipse at 50% -50% , #e0dede 0px, rgba(255, 255, 255, 0) 80%) repeat scroll 0 0 rgba(0, 0, 0, 0);background:-moz-radial-gradient(ellipse at 50% -50% , #e0dede 0px, rgba(255, 255, 255, 0) 80%) repeat scroll 0 0 rgba(0, 0, 0, 0);background:-o-radial-gradient(ellipse at 50% -50% , #e0dede 0px, rgba(255, 255, 255, 0) 80%) repeat scroll 0 0 rgba(0, 0, 0, 0);\"><\/div><\/div><div class=\"fusion-sep-clear\"><\/div><div class=\"fusion-clearfix\"><\/div><\/div><\/div><\/div><\/div>\n","protected":false},"excerpt":{"rendered":"","protected":false},"author":3,"featured_media":0,"parent":48,"menu_order":84,"comment_status":"open","ping_status":"open","template":"100-width.php","meta":{"footnotes":""},"class_list":["post-846","page","type-page","status-publish","hentry"],"_links":{"self":[{"href":"https:\/\/zallan.se\/index.php?rest_route=\/wp\/v2\/pages\/846","targetHints":{"allow":["GET"]}}],"collection":[{"href":"https:\/\/zallan.se\/index.php?rest_route=\/wp\/v2\/pages"}],"about":[{"href":"https:\/\/zallan.se\/index.php?rest_route=\/wp\/v2\/types\/page"}],"author":[{"embeddable":true,"href":"https:\/\/zallan.se\/index.php?rest_route=\/wp\/v2\/users\/3"}],"replies":[{"embeddable":true,"href":"https:\/\/zallan.se\/index.php?rest_route=%2Fwp%2Fv2%2Fcomments&post=846"}],"version-history":[{"count":3,"href":"https:\/\/zallan.se\/index.php?rest_route=\/wp\/v2\/pages\/846\/revisions"}],"predecessor-version":[{"id":5940,"href":"https:\/\/zallan.se\/index.php?rest_route=\/wp\/v2\/pages\/846\/revisions\/5940"}],"up":[{"embeddable":true,"href":"https:\/\/zallan.se\/index.php?rest_route=\/wp\/v2\/pages\/48"}],"wp:attachment":[{"href":"https:\/\/zallan.se\/index.php?rest_route=%2Fwp%2Fv2%2Fmedia&parent=846"}],"curies":[{"name":"wp","href":"https:\/\/api.w.org\/{rel}","templated":true}]}}