{"id":844,"date":"2014-01-14T09:31:20","date_gmt":"2014-01-14T08:31:20","guid":{"rendered":"http:\/\/zallan.se\/?page_id=844"},"modified":"2019-05-08T12:18:56","modified_gmt":"2019-05-08T10:18:56","slug":"fi-fiskgratang","status":"publish","type":"page","link":"https:\/\/zallan.se\/?page_id=844","title":{"rendered":"Fiskgrat\u00e4ng"},"content":{"rendered":"<div class=\"fusion-fullwidth fullwidth-box fusion-builder-row-1 hundred-percent-fullwidth non-hundred-percent-height-scrolling\" style=\"--awb-border-radius-top-left:0px;--awb-border-radius-top-right:0px;--awb-border-radius-bottom-right:0px;--awb-border-radius-bottom-left:0px;--awb-overflow:visible;--awb-padding-right:30px;--awb-padding-left:30px;--awb-flex-wrap:wrap;\" ><div class=\"fusion-builder-row fusion-row\"><div class=\"fusion-layout-column fusion_builder_column fusion-builder-column-0 fusion_builder_column_1_2 1_2 fusion-one-half fusion-column-first\" style=\"--awb-bg-size:cover;width:50%;width:calc(50% - ( ( 4% ) * 0.5 ) );margin-right: 4%;\"><div class=\"fusion-column-wrapper fusion-flex-column-wrapper-legacy\"><div class=\"fusion-image-element in-legacy-container\" style=\"--awb-caption-title-font-family:var(--h2_typography-font-family);--awb-caption-title-font-weight:var(--h2_typography-font-weight);--awb-caption-title-font-style:var(--h2_typography-font-style);--awb-caption-title-size:var(--h2_typography-font-size);--awb-caption-title-transform:var(--h2_typography-text-transform);--awb-caption-title-line-height:var(--h2_typography-line-height);--awb-caption-title-letter-spacing:var(--h2_typography-letter-spacing);\"><span class=\" fusion-imageframe imageframe-none imageframe-1 hover-type-none\"><img decoding=\"async\" width=\"360\" height=\"270\" title=\"Architetto&#8212;-Fuocco-da-campeggio-800px copy\" src=\"http:\/\/zallan.se\/wp-content\/uploads\/2013\/11\/Architetto-Fuocco-da-campeggio-800px-copy.png\" alt class=\"img-responsive wp-image-5101\" srcset=\"https:\/\/zallan.se\/wp-content\/uploads\/2013\/11\/Architetto-Fuocco-da-campeggio-800px-copy-200x150.png 200w, https:\/\/zallan.se\/wp-content\/uploads\/2013\/11\/Architetto-Fuocco-da-campeggio-800px-copy.png 360w\" sizes=\"(max-width: 900px) 100vw, 360px\" \/><\/span><\/div><div class=\"fusion-clearfix\"><\/div><\/div><\/div><div class=\"fusion-layout-column fusion_builder_column fusion-builder-column-1 fusion_builder_column_1_2 1_2 fusion-one-half fusion-column-last\" style=\"--awb-bg-size:cover;width:50%;width:calc(50% - ( ( 4% ) * 0.5 ) );\"><div class=\"fusion-column-wrapper fusion-flex-column-wrapper-legacy\"><div class=\"fusion-text fusion-text-1\"><h2><strong>Fiskgrat\u00e4ng<\/strong><\/h2>\n<p><strong>3-4 pers<\/strong><\/p>\n<p>500 g torskfil\u00e9<br \/>\n1 msk citronsaft<br \/>\n\u00bd dl torrt vitt vin<br \/>\n75 g sm\u00f6r<br \/>\n2 vitl\u00f6ksklyftor<br \/>\n2 skivor &#8216;gammalt&#8217; lantbr\u00f6d (g\u00e4rna surdeg)<br \/>\n2 dl riven lagrad ost<\/p>\n<p>S\u00e4tt ugnen p\u00e5 225 grader. L\u00e4gg torsken i en smord ugnsfast form och h\u00e4ll \u00f6ver citronsaft och vin. Smula br\u00f6det och str\u00f6 \u00f6ver fisken. Sm\u00e4lt sm\u00f6ret, pressa i vitl\u00f6ken och h\u00e4ll \u00f6ver br\u00f6d och fisk i formen. St\u00e4ll in i ugnen i 10-15 minuter. Str\u00f6 \u00f6ver rikligt med hackad dill och servera med kokt eller pressad potatis och en fr\u00e4sch sallad, t ex tomatsallad med hackad r\u00f6dl\u00f6k.<\/p>\n<\/div><div class=\"fusion-sep-clear\"><\/div><div class=\"fusion-separator fusion-full-width-sep\" style=\"margin-left: auto;margin-right: auto;margin-top:40px;margin-bottom:40px;width:100%;\"><div class=\"fusion-separator-border sep-shadow\" style=\"--awb-height:20px;--awb-amount:20px;background:radial-gradient(ellipse at 50% -50% , #e0dede 0px, rgba(255, 255, 255, 0) 80%) repeat scroll 0 0 rgba(0, 0, 0, 0);background:-webkit-radial-gradient(ellipse at 50% -50% , #e0dede 0px, rgba(255, 255, 255, 0) 80%) repeat scroll 0 0 rgba(0, 0, 0, 0);background:-moz-radial-gradient(ellipse at 50% -50% , #e0dede 0px, rgba(255, 255, 255, 0) 80%) repeat scroll 0 0 rgba(0, 0, 0, 0);background:-o-radial-gradient(ellipse at 50% -50% , #e0dede 0px, rgba(255, 255, 255, 0) 80%) repeat scroll 0 0 rgba(0, 0, 0, 0);\"><\/div><\/div><div class=\"fusion-sep-clear\"><\/div><div class=\"fusion-clearfix\"><\/div><\/div><\/div><\/div><\/div>\n","protected":false},"excerpt":{"rendered":"","protected":false},"author":3,"featured_media":0,"parent":48,"menu_order":72,"comment_status":"open","ping_status":"open","template":"100-width.php","meta":{"footnotes":""},"class_list":["post-844","page","type-page","status-publish","hentry"],"_links":{"self":[{"href":"https:\/\/zallan.se\/index.php?rest_route=\/wp\/v2\/pages\/844","targetHints":{"allow":["GET"]}}],"collection":[{"href":"https:\/\/zallan.se\/index.php?rest_route=\/wp\/v2\/pages"}],"about":[{"href":"https:\/\/zallan.se\/index.php?rest_route=\/wp\/v2\/types\/page"}],"author":[{"embeddable":true,"href":"https:\/\/zallan.se\/index.php?rest_route=\/wp\/v2\/users\/3"}],"replies":[{"embeddable":true,"href":"https:\/\/zallan.se\/index.php?rest_route=%2Fwp%2Fv2%2Fcomments&post=844"}],"version-history":[{"count":1,"href":"https:\/\/zallan.se\/index.php?rest_route=\/wp\/v2\/pages\/844\/revisions"}],"predecessor-version":[{"id":5922,"href":"https:\/\/zallan.se\/index.php?rest_route=\/wp\/v2\/pages\/844\/revisions\/5922"}],"up":[{"embeddable":true,"href":"https:\/\/zallan.se\/index.php?rest_route=\/wp\/v2\/pages\/48"}],"wp:attachment":[{"href":"https:\/\/zallan.se\/index.php?rest_route=%2Fwp%2Fv2%2Fmedia&parent=844"}],"curies":[{"name":"wp","href":"https:\/\/api.w.org\/{rel}","templated":true}]}}