{"id":743,"date":"2012-06-30T16:17:03","date_gmt":"2012-06-30T14:17:03","guid":{"rendered":"http:\/\/zallan.se\/?page_id=743"},"modified":"2019-05-08T17:46:17","modified_gmt":"2019-05-08T15:46:17","slug":"ma-linfrolimpa","status":"publish","type":"page","link":"https:\/\/zallan.se\/?page_id=743","title":{"rendered":"Linfr\u00f6limpa"},"content":{"rendered":"<div class=\"fusion-fullwidth fullwidth-box fusion-builder-row-1 hundred-percent-fullwidth non-hundred-percent-height-scrolling\" style=\"--awb-border-radius-top-left:0px;--awb-border-radius-top-right:0px;--awb-border-radius-bottom-right:0px;--awb-border-radius-bottom-left:0px;--awb-overflow:visible;--awb-padding-right:30px;--awb-padding-left:30px;--awb-flex-wrap:wrap;\" ><div class=\"fusion-builder-row fusion-row\"><div class=\"fusion-layout-column fusion_builder_column fusion-builder-column-0 fusion_builder_column_1_2 1_2 fusion-one-half fusion-column-first\" style=\"--awb-bg-size:cover;width:50%;width:calc(50% - ( ( 4% ) * 0.5 ) );margin-right: 4%;\"><div class=\"fusion-column-wrapper fusion-flex-column-wrapper-legacy\"><div class=\"fusion-text fusion-text-1\"><p><img decoding=\"async\" class=\"alignnone size-full wp-image-742\" src=\"http:\/\/zallan.se\/wp-content\/uploads\/2014\/01\/MA-linfrc3b6limpa1.jpg\" alt=\"\" width=\"560\" height=\"420\" srcset=\"https:\/\/zallan.se\/wp-content\/uploads\/2014\/01\/MA-linfrc3b6limpa1-180x135.jpg 180w, https:\/\/zallan.se\/wp-content\/uploads\/2014\/01\/MA-linfrc3b6limpa1-200x150.jpg 200w, https:\/\/zallan.se\/wp-content\/uploads\/2014\/01\/MA-linfrc3b6limpa1-360x270.jpg 360w, https:\/\/zallan.se\/wp-content\/uploads\/2014\/01\/MA-linfrc3b6limpa1.jpg 560w\" sizes=\"(max-width: 560px) 100vw, 560px\" \/><\/p>\n<\/div><div class=\"fusion-clearfix\"><\/div><\/div><\/div><div class=\"fusion-layout-column fusion_builder_column fusion-builder-column-1 fusion_builder_column_1_2 1_2 fusion-one-half fusion-column-last\" style=\"--awb-bg-size:cover;width:50%;width:calc(50% - ( ( 4% ) * 0.5 ) );\"><div class=\"fusion-column-wrapper fusion-flex-column-wrapper-legacy\"><div class=\"fusion-text fusion-text-2\"><h2><strong>Linfr\u00f6limpa<\/strong><\/h2>\n<p><strong><em>2 st<\/em><\/strong><br \/>\n1 dl linfr\u00f6<br \/>\n2 dl vetekli<br \/>\n5 dl vatten<br \/>\n50 g j\u00e4st<br \/>\n1 msk salt<br \/>\n3 msk olja<br \/>\n2 msk sirap<br \/>\n7 dl r\u00e5gsikt (420 g)<br \/>\n3 dl vetemj\u00f6l special (180 g)<\/p>\n<\/div><div class=\"fusion-clearfix\"><\/div><\/div><\/div><div class=\"fusion-layout-column fusion_builder_column fusion-builder-column-2 fusion_builder_column_1_2 1_2 fusion-one-half fusion-column-first\" style=\"--awb-bg-size:cover;width:48%; margin-right: 4%;\"><div class=\"fusion-column-wrapper fusion-flex-column-wrapper-legacy\"><div class=\"fusion-text fusion-text-3\"><p>Blanda linfr\u00f6 och vetekli i en sk\u00e5l. Koka upp 2 dl av vattnet och sl\u00e5 \u00f6ver. L\u00e5t sv\u00e4lla i 1 timme. V\u00e4rm resten av vattnet till 37 grader. Smula j\u00e4sten i en degbunke och l\u00f6s upp i lite av vattnet. H\u00e4ll i resten, saltet, oljan och sirapen samt linfr\u00f6gr\u00f6ten. Arbeta in r\u00e5gsikten och\u00a0vetemj\u00f6l (spara lite till utbakning)\u00a0och k\u00f6r i maskin ca 5 min tills degen sl\u00e4pper fr\u00e5n bunken. J\u00e4s i 40 min. Ta upp degen och baka ut tv\u00e5 knubbiga limpor. L\u00e4gg p\u00e5 pl\u00e5t med bakpl\u00e5tspapper och j\u00e4s i 30 min. Gr\u00e4dda i 175 grader ca 1 timme.<\/p>\n<\/div><div class=\"fusion-clearfix\"><\/div><\/div><\/div><div class=\"fusion-layout-column fusion_builder_column fusion-builder-column-3 fusion_builder_column_1_1 1_1 fusion-one-full fusion-column-last fusion-column-no-min-height\" style=\"--awb-bg-size:cover;--awb-margin-bottom:0px;\"><div class=\"fusion-column-wrapper fusion-flex-column-wrapper-legacy\"><div class=\"fusion-sep-clear\"><\/div><div class=\"fusion-separator fusion-full-width-sep\" style=\"margin-left: auto;margin-right: auto;width:100%;\"><div class=\"fusion-separator-border sep-shadow\" style=\"--awb-height:20px;--awb-amount:20px;background:radial-gradient(ellipse at 50% -50% , #e0dede 0px, rgba(255, 255, 255, 0) 80%) repeat scroll 0 0 rgba(0, 0, 0, 0);background:-webkit-radial-gradient(ellipse at 50% -50% , #e0dede 0px, rgba(255, 255, 255, 0) 80%) repeat scroll 0 0 rgba(0, 0, 0, 0);background:-moz-radial-gradient(ellipse at 50% -50% , #e0dede 0px, rgba(255, 255, 255, 0) 80%) repeat scroll 0 0 rgba(0, 0, 0, 0);background:-o-radial-gradient(ellipse at 50% -50% , #e0dede 0px, rgba(255, 255, 255, 0) 80%) repeat scroll 0 0 rgba(0, 0, 0, 0);\"><\/div><\/div><div class=\"fusion-sep-clear\"><\/div><div class=\"fusion-clearfix\"><\/div><\/div><\/div><\/div><\/div>\n","protected":false},"excerpt":{"rendered":"","protected":false},"author":3,"featured_media":0,"parent":221,"menu_order":184,"comment_status":"open","ping_status":"open","template":"100-width.php","meta":{"footnotes":""},"class_list":["post-743","page","type-page","status-publish","hentry"],"_links":{"self":[{"href":"https:\/\/zallan.se\/index.php?rest_route=\/wp\/v2\/pages\/743","targetHints":{"allow":["GET"]}}],"collection":[{"href":"https:\/\/zallan.se\/index.php?rest_route=\/wp\/v2\/pages"}],"about":[{"href":"https:\/\/zallan.se\/index.php?rest_route=\/wp\/v2\/types\/page"}],"author":[{"embeddable":true,"href":"https:\/\/zallan.se\/index.php?rest_route=\/wp\/v2\/users\/3"}],"replies":[{"embeddable":true,"href":"https:\/\/zallan.se\/index.php?rest_route=%2Fwp%2Fv2%2Fcomments&post=743"}],"version-history":[{"count":1,"href":"https:\/\/zallan.se\/index.php?rest_route=\/wp\/v2\/pages\/743\/revisions"}],"predecessor-version":[{"id":6042,"href":"https:\/\/zallan.se\/index.php?rest_route=\/wp\/v2\/pages\/743\/revisions\/6042"}],"up":[{"embeddable":true,"href":"https:\/\/zallan.se\/index.php?rest_route=\/wp\/v2\/pages\/221"}],"wp:attachment":[{"href":"https:\/\/zallan.se\/index.php?rest_route=%2Fwp%2Fv2%2Fmedia&parent=743"}],"curies":[{"name":"wp","href":"https:\/\/api.w.org\/{rel}","templated":true}]}}