{"id":725,"date":"2013-01-27T15:38:32","date_gmt":"2013-01-27T14:38:32","guid":{"rendered":"http:\/\/zallan.se\/?page_id=725"},"modified":"2019-05-08T15:32:10","modified_gmt":"2019-05-08T13:32:10","slug":"ko-tunna-revben","status":"publish","type":"page","link":"https:\/\/zallan.se\/?page_id=725","title":{"rendered":"Tunna revben"},"content":{"rendered":"<div class=\"fusion-fullwidth fullwidth-box fusion-builder-row-1 hundred-percent-fullwidth non-hundred-percent-height-scrolling\" style=\"--awb-border-radius-top-left:0px;--awb-border-radius-top-right:0px;--awb-border-radius-bottom-right:0px;--awb-border-radius-bottom-left:0px;--awb-overflow:visible;--awb-padding-right:30px;--awb-padding-left:30px;--awb-flex-wrap:wrap;\" ><div class=\"fusion-builder-row fusion-row\"><div class=\"fusion-layout-column fusion_builder_column fusion-builder-column-0 fusion_builder_column_3_5 3_5 fusion-three-fifth fusion-column-first\" style=\"--awb-bg-size:cover;width:60%;width:calc(60% - ( ( 4% ) * 0.6 ) );margin-right: 4%;\"><div class=\"fusion-column-wrapper fusion-flex-column-wrapper-legacy\"><div class=\"fusion-text fusion-text-1\"><p><img decoding=\"async\" class=\"alignnone size-full wp-image-2849\" src=\"http:\/\/zallan.se\/wp-content\/uploads\/2014\/10\/tunna-revben2.jpg\" alt=\"\" width=\"560\" height=\"420\" srcset=\"https:\/\/zallan.se\/wp-content\/uploads\/2014\/10\/tunna-revben2-180x135.jpg 180w, https:\/\/zallan.se\/wp-content\/uploads\/2014\/10\/tunna-revben2-200x150.jpg 200w, https:\/\/zallan.se\/wp-content\/uploads\/2014\/10\/tunna-revben2-360x270.jpg 360w, https:\/\/zallan.se\/wp-content\/uploads\/2014\/10\/tunna-revben2.jpg 560w\" sizes=\"(max-width: 560px) 100vw, 560px\" \/><\/p>\n<\/div><div class=\"fusion-clearfix\"><\/div><\/div><\/div><div class=\"fusion-layout-column fusion_builder_column fusion-builder-column-1 fusion_builder_column_2_5 2_5 fusion-two-fifth fusion-column-last\" style=\"--awb-bg-size:cover;width:40%;width:calc(40% - ( ( 4% ) * 0.4 ) );\"><div class=\"fusion-column-wrapper fusion-flex-column-wrapper-legacy\"><div class=\"fusion-text fusion-text-2\"><h2><strong>Tunna revben<\/strong><\/h2>\n<p><strong><em>Till 2 pers<\/em><\/strong><br \/>\n600-800 g kamben eller tunna revben<br \/>\n1 liter vatten<br \/>\n1 gul l\u00f6k i klyftor<br \/>\nn\u00e5gra kvistar f\u00e4rsk timjan<br \/>\n1 msk japansk soja<br \/>\n2 torkade chipotlefrukter<br \/>\n1 torkad chile ancho entero<br \/>\n2 tsk salt<\/p>\n<p>Glaze:<br \/>\n1 finhackad gul l\u00f6k<br \/>\n1-2 finhackade vitl\u00f6ksklyftor<br \/>\n2 msk balsamvin\u00e4ger<br \/>\n1 finhackad r\u00f6d chili (urk\u00e4rnad om man inte gillar f\u00f6r starkt)<br \/>\n\u00bd dl sweet chilis\u00e5s<br \/>\n\u00bd dl mango chutney p\u00e5 burk<br \/>\n1 msk r\u00f6kt paprikapulver<br \/>\nsalt och svartpeppar<\/p>\n<\/div><div class=\"fusion-clearfix\"><\/div><\/div><\/div><div class=\"fusion-layout-column fusion_builder_column fusion-builder-column-2 fusion_builder_column_1_2 1_2 fusion-one-half fusion-column-first\" style=\"--awb-bg-size:cover;width:50%;width:calc(50% - ( ( 4% ) * 0.5 ) );margin-right: 4%;\"><div class=\"fusion-column-wrapper fusion-flex-column-wrapper-legacy\"><div class=\"fusion-text fusion-text-3\"><p>Koka upp vattnet och l\u00e4gg i revbenen. Sjud under lock i 1 timme. Ta upp och l\u00e5t svalna.<br \/>\nTill glazen sm\u00e4lter man l\u00f6k och vitl\u00f6k i lite olja och h\u00e4ller p\u00e5 balsamvin\u00e4gern. Tills\u00e4tt sweet chili och mango chutney och smaka av med salt och peppar. Eller g\u00f6r en helt egen glaze. Pensla p\u00e5 benen och marinera n\u00e5gon timme eller grilla direkt. Pensla ytterligare n\u00e5gra g\u00e5nger under grillningen. I ugnen k\u00f6r man p\u00e5 200-225 grader i 20-30 minuter.<\/p>\n<\/div><div class=\"fusion-clearfix\"><\/div><\/div><\/div><\/div><\/div>\n","protected":false},"excerpt":{"rendered":"","protected":false},"author":3,"featured_media":0,"parent":219,"menu_order":140,"comment_status":"open","ping_status":"open","template":"100-width.php","meta":{"footnotes":""},"class_list":["post-725","page","type-page","status-publish","hentry"],"_links":{"self":[{"href":"https:\/\/zallan.se\/index.php?rest_route=\/wp\/v2\/pages\/725","targetHints":{"allow":["GET"]}}],"collection":[{"href":"https:\/\/zallan.se\/index.php?rest_route=\/wp\/v2\/pages"}],"about":[{"href":"https:\/\/zallan.se\/index.php?rest_route=\/wp\/v2\/types\/page"}],"author":[{"embeddable":true,"href":"https:\/\/zallan.se\/index.php?rest_route=\/wp\/v2\/users\/3"}],"replies":[{"embeddable":true,"href":"https:\/\/zallan.se\/index.php?rest_route=%2Fwp%2Fv2%2Fcomments&post=725"}],"version-history":[{"count":7,"href":"https:\/\/zallan.se\/index.php?rest_route=\/wp\/v2\/pages\/725\/revisions"}],"predecessor-version":[{"id":5997,"href":"https:\/\/zallan.se\/index.php?rest_route=\/wp\/v2\/pages\/725\/revisions\/5997"}],"up":[{"embeddable":true,"href":"https:\/\/zallan.se\/index.php?rest_route=\/wp\/v2\/pages\/219"}],"wp:attachment":[{"href":"https:\/\/zallan.se\/index.php?rest_route=%2Fwp%2Fv2%2Fmedia&parent=725"}],"curies":[{"name":"wp","href":"https:\/\/api.w.org\/{rel}","templated":true}]}}