{"id":675,"date":"2014-01-08T17:02:08","date_gmt":"2014-01-08T16:02:08","guid":{"rendered":"http:\/\/zallan.se\/?page_id=675"},"modified":"2019-05-08T16:56:14","modified_gmt":"2019-05-08T14:56:14","slug":"ky-kyckling-med-pasta-rucola-och-kvibille","status":"publish","type":"page","link":"https:\/\/zallan.se\/?page_id=675","title":{"rendered":"Kyckling med pasta, rucola och kvibille"},"content":{"rendered":"<div class=\"fusion-fullwidth fullwidth-box fusion-builder-row-1 hundred-percent-fullwidth non-hundred-percent-height-scrolling\" style=\"--awb-border-radius-top-left:0px;--awb-border-radius-top-right:0px;--awb-border-radius-bottom-right:0px;--awb-border-radius-bottom-left:0px;--awb-overflow:visible;--awb-padding-right:30px;--awb-padding-left:30px;--awb-flex-wrap:wrap;\" ><div class=\"fusion-builder-row fusion-row\"><div class=\"fusion-layout-column fusion_builder_column fusion-builder-column-0 fusion_builder_column_1_2 1_2 fusion-one-half fusion-column-first\" style=\"--awb-bg-size:cover;width:50%;width:calc(50% - ( ( 4% ) * 0.5 ) );margin-right: 4%;\"><div class=\"fusion-column-wrapper fusion-flex-column-wrapper-legacy\"><div class=\"fusion-text fusion-text-1\"><p><a href=\"http:\/\/zallan.se\/wp-content\/uploads\/2013\/11\/KY-Pastakyckling-med-rucola-och-kvibille.jpg\"><img decoding=\"async\" class=\"alignnone size-full wp-image-667\" src=\"http:\/\/zallan.se\/wp-content\/uploads\/2013\/11\/KY-Pastakyckling-med-rucola-och-kvibille.jpg\" alt=\"KY-Pastakyckling med rucola och kvibille\" width=\"560\" height=\"420\" srcset=\"https:\/\/zallan.se\/wp-content\/uploads\/2013\/11\/KY-Pastakyckling-med-rucola-och-kvibille-180x135.jpg 180w, https:\/\/zallan.se\/wp-content\/uploads\/2013\/11\/KY-Pastakyckling-med-rucola-och-kvibille-200x150.jpg 200w, https:\/\/zallan.se\/wp-content\/uploads\/2013\/11\/KY-Pastakyckling-med-rucola-och-kvibille-360x270.jpg 360w, https:\/\/zallan.se\/wp-content\/uploads\/2013\/11\/KY-Pastakyckling-med-rucola-och-kvibille.jpg 560w\" sizes=\"(max-width: 560px) 100vw, 560px\" \/><\/a><\/p>\n<\/div><div class=\"fusion-clearfix\"><\/div><\/div><\/div><div class=\"fusion-layout-column fusion_builder_column fusion-builder-column-1 fusion_builder_column_1_2 1_2 fusion-one-half fusion-column-last\" style=\"--awb-bg-size:cover;width:50%;width:calc(50% - ( ( 4% ) * 0.5 ) );\"><div class=\"fusion-column-wrapper fusion-flex-column-wrapper-legacy\"><div class=\"fusion-text fusion-text-2\"><h2><strong>Kyckling med pasta, rucola och kvibille<\/strong><\/h2>\n<p><strong>4 pers<\/strong><\/p>\n<p>400 g f\u00e4rsk eller torkad tagliatelle<br \/>\n140 g svart kvibille gr\u00e4dd\u00e4del<br \/>\n500-600 g kycklingl\u00e5rfil\u00e9 (alt br\u00f6stfil\u00e9)<br \/>\n2 msk (oliv-) olja<br \/>\n1 tsk salt<br \/>\n1 krm svartpeppar<br \/>\n3-4 msk balsamvin\u00e4ger<br \/>\n100-150 g rucolasallad<\/p>\n<\/div><div class=\"fusion-sep-clear\"><\/div><div class=\"fusion-separator fusion-full-width-sep\" style=\"margin-left: auto;margin-right: auto;margin-top:40px;margin-bottom:40px;width:100%;\"><div class=\"fusion-separator-border sep-shadow\" style=\"--awb-height:20px;--awb-amount:20px;background:radial-gradient(ellipse at 50% -50% , #e0dede 0px, rgba(255, 255, 255, 0) 80%) repeat scroll 0 0 rgba(0, 0, 0, 0);background:-webkit-radial-gradient(ellipse at 50% -50% , #e0dede 0px, rgba(255, 255, 255, 0) 80%) repeat scroll 0 0 rgba(0, 0, 0, 0);background:-moz-radial-gradient(ellipse at 50% -50% , #e0dede 0px, rgba(255, 255, 255, 0) 80%) repeat scroll 0 0 rgba(0, 0, 0, 0);background:-o-radial-gradient(ellipse at 50% -50% , #e0dede 0px, rgba(255, 255, 255, 0) 80%) repeat scroll 0 0 rgba(0, 0, 0, 0);\"><\/div><\/div><div class=\"fusion-sep-clear\"><\/div><div class=\"fusion-clearfix\"><\/div><\/div><\/div><div class=\"fusion-layout-column fusion_builder_column fusion-builder-column-2 fusion_builder_column_1_2 1_2 fusion-one-half fusion-column-first\" style=\"--awb-bg-size:cover;width:50%;width:calc(50% - ( ( 4% ) * 0.5 ) );margin-right: 4%;\"><div class=\"fusion-column-wrapper fusion-flex-column-wrapper-legacy\"><div class=\"fusion-text fusion-text-3\"><p>Koka pastan enligt anvisning p\u00e5 paketet. Sk\u00e4r osten i skivor och strimla kycklingen. Det blir saftigare med l\u00e5rfil\u00e9 \u00e4n br\u00f6stfil\u00e9. Stek kycklingen i olja i en panna. Krydda med salt och peppar och sl\u00e5 \u00f6ver balsamvin\u00e4ger. Varva pasta, kyckling, sallad och ost p\u00e5 ett fat och st\u00e4nk ev \u00f6ver ytterligare balsamvin\u00e4ger.<\/p>\n<\/div><div class=\"fusion-sep-clear\"><\/div><div class=\"fusion-separator fusion-full-width-sep\" style=\"margin-left: auto;margin-right: auto;margin-top:40px;margin-bottom:40px;width:100%;\"><div class=\"fusion-separator-border sep-shadow\" style=\"--awb-height:20px;--awb-amount:20px;background:radial-gradient(ellipse at 50% -50% , #e0dede 0px, rgba(255, 255, 255, 0) 80%) repeat scroll 0 0 rgba(0, 0, 0, 0);background:-webkit-radial-gradient(ellipse at 50% -50% , #e0dede 0px, rgba(255, 255, 255, 0) 80%) repeat scroll 0 0 rgba(0, 0, 0, 0);background:-moz-radial-gradient(ellipse at 50% -50% , #e0dede 0px, rgba(255, 255, 255, 0) 80%) repeat scroll 0 0 rgba(0, 0, 0, 0);background:-o-radial-gradient(ellipse at 50% -50% , #e0dede 0px, rgba(255, 255, 255, 0) 80%) repeat scroll 0 0 rgba(0, 0, 0, 0);\"><\/div><\/div><div class=\"fusion-sep-clear\"><\/div><div class=\"fusion-clearfix\"><\/div><\/div><\/div><\/div><\/div>\n","protected":false},"excerpt":{"rendered":"","protected":false},"author":3,"featured_media":0,"parent":217,"menu_order":149,"comment_status":"open","ping_status":"open","template":"100-width.php","meta":{"footnotes":""},"class_list":["post-675","page","type-page","status-publish","hentry"],"_links":{"self":[{"href":"https:\/\/zallan.se\/index.php?rest_route=\/wp\/v2\/pages\/675","targetHints":{"allow":["GET"]}}],"collection":[{"href":"https:\/\/zallan.se\/index.php?rest_route=\/wp\/v2\/pages"}],"about":[{"href":"https:\/\/zallan.se\/index.php?rest_route=\/wp\/v2\/types\/page"}],"author":[{"embeddable":true,"href":"https:\/\/zallan.se\/index.php?rest_route=\/wp\/v2\/users\/3"}],"replies":[{"embeddable":true,"href":"https:\/\/zallan.se\/index.php?rest_route=%2Fwp%2Fv2%2Fcomments&post=675"}],"version-history":[{"count":1,"href":"https:\/\/zallan.se\/index.php?rest_route=\/wp\/v2\/pages\/675\/revisions"}],"predecessor-version":[{"id":6008,"href":"https:\/\/zallan.se\/index.php?rest_route=\/wp\/v2\/pages\/675\/revisions\/6008"}],"up":[{"embeddable":true,"href":"https:\/\/zallan.se\/index.php?rest_route=\/wp\/v2\/pages\/217"}],"wp:attachment":[{"href":"https:\/\/zallan.se\/index.php?rest_route=%2Fwp%2Fv2%2Fmedia&parent=675"}],"curies":[{"name":"wp","href":"https:\/\/api.w.org\/{rel}","templated":true}]}}