{"id":5224,"date":"2019-01-10T11:23:53","date_gmt":"2019-01-10T10:23:53","guid":{"rendered":"http:\/\/zallan.se\/?page_id=5224"},"modified":"2022-11-21T10:33:47","modified_gmt":"2022-11-21T09:33:47","slug":"kak-skaneasar","status":"publish","type":"page","link":"https:\/\/zallan.se\/?page_id=5224","title":{"rendered":"Sk\u00e5ne\u00e5sar"},"content":{"rendered":"<div class=\"fusion-fullwidth fullwidth-box fusion-builder-row-1 nonhundred-percent-fullwidth non-hundred-percent-height-scrolling\" style=\"--awb-border-radius-top-left:0px;--awb-border-radius-top-right:0px;--awb-border-radius-bottom-right:0px;--awb-border-radius-bottom-left:0px;--awb-flex-wrap:wrap;\" ><div class=\"fusion-builder-row fusion-row\"><div class=\"fusion-layout-column fusion_builder_column fusion-builder-column-0 fusion_builder_column_1_2 1_2 fusion-one-half fusion-column-first\" style=\"--awb-bg-size:cover;width:50%;width:calc(50% - ( ( 4% ) * 0.5 ) );margin-right: 4%;\"><div class=\"fusion-column-wrapper fusion-flex-column-wrapper-legacy\"><div class=\"fusion-image-element in-legacy-container\" style=\"--awb-caption-title-font-family:var(--h2_typography-font-family);--awb-caption-title-font-weight:var(--h2_typography-font-weight);--awb-caption-title-font-style:var(--h2_typography-font-style);--awb-caption-title-size:var(--h2_typography-font-size);--awb-caption-title-transform:var(--h2_typography-text-transform);--awb-caption-title-line-height:var(--h2_typography-line-height);--awb-caption-title-letter-spacing:var(--h2_typography-letter-spacing);\"><span class=\" fusion-imageframe imageframe-none imageframe-1 hover-type-none\"><img decoding=\"async\" width=\"4032\" height=\"3024\" title=\"2019-01-09 12.51.16\" src=\"http:\/\/zallan.se\/wp-content\/uploads\/2019\/01\/2019-01-09-12.51.16.jpg\" alt class=\"img-responsive wp-image-5225\" srcset=\"https:\/\/zallan.se\/wp-content\/uploads\/2019\/01\/2019-01-09-12.51.16-200x150.jpg 200w, https:\/\/zallan.se\/wp-content\/uploads\/2019\/01\/2019-01-09-12.51.16-400x300.jpg 400w, https:\/\/zallan.se\/wp-content\/uploads\/2019\/01\/2019-01-09-12.51.16-600x450.jpg 600w, https:\/\/zallan.se\/wp-content\/uploads\/2019\/01\/2019-01-09-12.51.16-800x600.jpg 800w, https:\/\/zallan.se\/wp-content\/uploads\/2019\/01\/2019-01-09-12.51.16-1200x900.jpg 1200w, https:\/\/zallan.se\/wp-content\/uploads\/2019\/01\/2019-01-09-12.51.16.jpg 4032w\" sizes=\"(max-width: 900px) 100vw, 600px\" \/><\/span><\/div><div class=\"fusion-clearfix\"><\/div><\/div><\/div><div class=\"fusion-layout-column fusion_builder_column fusion-builder-column-1 fusion_builder_column_1_2 1_2 fusion-one-half fusion-column-last\" style=\"--awb-bg-size:cover;width:50%;width:calc(50% - ( ( 4% ) * 0.5 ) );\"><div class=\"fusion-column-wrapper fusion-flex-column-wrapper-legacy\"><div class=\"fusion-title title fusion-title-1 fusion-sep-none fusion-title-text fusion-title-size-two\" style=\"--awb-margin-top-small:10px;--awb-margin-right-small:0px;--awb-margin-bottom-small:10px;--awb-margin-left-small:0px;\"><h2 class=\"fusion-title-heading title-heading-left fusion-responsive-typography-calculated\" style=\"margin:0;--fontSize:23;line-height:1.5;\"><strong>Sk\u00e5ne\u00e5sar<\/strong><\/h2><\/div><div class=\"fusion-text fusion-text-1\"><p><em>M\u00f6rdeg<\/em>: 4 dl vetemj\u00f6l, 200 g sm\u00f6r, \u00bd dl socker (45 g), \u00bd \u00e4gg eller 1 \u00e4ggula<\/p>\n<p><em>Toscasmet<\/em>: 125 g hackade hasseln\u00f6tter, 100 g sm\u00f6r, 100 g socker, 1\u00bd msk vetemj\u00f6l, 1 msk mj\u00f6lk<\/p>\n<p>250 g f\u00e4rdig mandelmassa, ev lite gr\u00f6n karamellf\u00e4rg<\/p>\n<p><em>Ugnstemp:<\/em> 200\u00b0, <em>varmluft:<\/em> 175\u00b0<\/p>\n<\/div><div class=\"fusion-clearfix\"><\/div><\/div><\/div><div class=\"fusion-layout-column fusion_builder_column fusion-builder-column-2 fusion_builder_column_1_1 1_1 fusion-one-full fusion-column-first fusion-column-last\" style=\"--awb-bg-size:cover;\"><div class=\"fusion-column-wrapper fusion-flex-column-wrapper-legacy\"><div class=\"fusion-text fusion-text-2\"><p>Blanda alla ingredienser till m\u00f6rdegen och l\u00e5t den vila svalt en stund. Dela den d\u00e4refter i tre delar och kavla ut till l\u00e4ngder, ca 12 cm breda och 30 cm l\u00e5nga.<br \/>\nDela mandelmassan i tre delar och f\u00e4rga ev gr\u00f6n. Rulla varje del till en l\u00e4ngd, lika l\u00e5ng som m\u00f6rdegen och l\u00e4gg ovanp\u00e5. Vik upp kanterna runt rullen och tryck ihop lite l\u00e4tt. L\u00e4gg \u00f6ver p\u00e5 en pl\u00e5t med bakpl\u00e5tspapper med skarven ned\u00e5t. S\u00e4tt in i 200\u00b0 och gr\u00e4dda halvf\u00e4rdiga, ca 8 minuter.<br \/>\nG\u00f6r under tiden toscasmeten. Blanda alla ingredienserna i en kastrull. V\u00e4rm f\u00f6rsiktigt under omr\u00f6rning tills all tjocknat n\u00e5got. Ta ut pl\u00e5ten ur ugnen och bred toscasmeten \u00f6ver l\u00e4ngderna. S\u00e4tt in pl\u00e5ten i ytterligare 7-8 minuter, tills toscan f\u00e5tt fin f\u00e4rg. L\u00e5t l\u00e4ngderna svalna och sk\u00e4r dem sedan i ca 2 cm breda bitar p\u00e5 snedden. G\u00e5r utm\u00e4rkt att frysa.<\/p>\n<\/div><div class=\"fusion-clearfix\"><\/div><\/div><\/div><\/div><\/div>\n","protected":false},"excerpt":{"rendered":"","protected":false},"author":3,"featured_media":0,"parent":216,"menu_order":116,"comment_status":"closed","ping_status":"closed","template":"","meta":{"footnotes":""},"class_list":["post-5224","page","type-page","status-publish","hentry"],"_links":{"self":[{"href":"https:\/\/zallan.se\/index.php?rest_route=\/wp\/v2\/pages\/5224","targetHints":{"allow":["GET"]}}],"collection":[{"href":"https:\/\/zallan.se\/index.php?rest_route=\/wp\/v2\/pages"}],"about":[{"href":"https:\/\/zallan.se\/index.php?rest_route=\/wp\/v2\/types\/page"}],"author":[{"embeddable":true,"href":"https:\/\/zallan.se\/index.php?rest_route=\/wp\/v2\/users\/3"}],"replies":[{"embeddable":true,"href":"https:\/\/zallan.se\/index.php?rest_route=%2Fwp%2Fv2%2Fcomments&post=5224"}],"version-history":[{"count":2,"href":"https:\/\/zallan.se\/index.php?rest_route=\/wp\/v2\/pages\/5224\/revisions"}],"predecessor-version":[{"id":6248,"href":"https:\/\/zallan.se\/index.php?rest_route=\/wp\/v2\/pages\/5224\/revisions\/6248"}],"up":[{"embeddable":true,"href":"https:\/\/zallan.se\/index.php?rest_route=\/wp\/v2\/pages\/216"}],"wp:attachment":[{"href":"https:\/\/zallan.se\/index.php?rest_route=%2Fwp%2Fv2%2Fmedia&parent=5224"}],"curies":[{"name":"wp","href":"https:\/\/api.w.org\/{rel}","templated":true}]}}