{"id":5206,"date":"2019-01-08T14:50:51","date_gmt":"2019-01-08T13:50:51","guid":{"rendered":"http:\/\/zallan.se\/?page_id=5206"},"modified":"2022-11-20T22:24:22","modified_gmt":"2022-11-20T21:24:22","slug":"mat-sillabrod","status":"publish","type":"page","link":"https:\/\/zallan.se\/?page_id=5206","title":{"rendered":"Sillabr\u00f6d"},"content":{"rendered":"<div class=\"fusion-fullwidth fullwidth-box fusion-builder-row-1 nonhundred-percent-fullwidth non-hundred-percent-height-scrolling\" style=\"--awb-border-radius-top-left:0px;--awb-border-radius-top-right:0px;--awb-border-radius-bottom-right:0px;--awb-border-radius-bottom-left:0px;--awb-flex-wrap:wrap;\" ><div class=\"fusion-builder-row fusion-row\"><div class=\"fusion-layout-column fusion_builder_column fusion-builder-column-0 fusion_builder_column_1_2 1_2 fusion-one-half fusion-column-first\" style=\"--awb-bg-size:cover;width:50%;width:calc(50% - ( ( 4% ) * 0.5 ) );margin-right: 4%;\"><div class=\"fusion-column-wrapper fusion-flex-column-wrapper-legacy\"><div class=\"fusion-image-element in-legacy-container\" style=\"--awb-caption-title-font-family:var(--h2_typography-font-family);--awb-caption-title-font-weight:var(--h2_typography-font-weight);--awb-caption-title-font-style:var(--h2_typography-font-style);--awb-caption-title-size:var(--h2_typography-font-size);--awb-caption-title-transform:var(--h2_typography-text-transform);--awb-caption-title-line-height:var(--h2_typography-line-height);--awb-caption-title-letter-spacing:var(--h2_typography-letter-spacing);\"><span class=\" fusion-imageframe imageframe-none imageframe-1 hover-type-none\"><img decoding=\"async\" width=\"560\" height=\"420\" title=\"Sillabrod-2\" src=\"http:\/\/zallan.se\/wp-content\/uploads\/2022\/11\/Sillabrod-2-560x420.jpg\" alt class=\"img-responsive wp-image-6245\" srcset=\"https:\/\/zallan.se\/wp-content\/uploads\/2022\/11\/Sillabrod-2-200x150.jpg 200w, https:\/\/zallan.se\/wp-content\/uploads\/2022\/11\/Sillabrod-2-400x300.jpg 400w, https:\/\/zallan.se\/wp-content\/uploads\/2022\/11\/Sillabrod-2.jpg 560w\" sizes=\"(max-width: 900px) 100vw, 560px\" \/><\/span><\/div><div class=\"fusion-clearfix\"><\/div><\/div><\/div><div class=\"fusion-layout-column fusion_builder_column fusion-builder-column-1 fusion_builder_column_1_2 1_2 fusion-one-half fusion-column-last\" style=\"--awb-bg-size:cover;width:50%;width:calc(50% - ( ( 4% ) * 0.5 ) );\"><div class=\"fusion-column-wrapper fusion-flex-column-wrapper-legacy\"><div class=\"fusion-title title fusion-title-1 fusion-sep-none fusion-title-text fusion-title-size-two\" style=\"--awb-margin-top-small:10px;--awb-margin-right-small:0px;--awb-margin-bottom-small:10px;--awb-margin-left-small:0px;\"><h2 class=\"fusion-title-heading title-heading-left fusion-responsive-typography-calculated\" style=\"margin:0;--fontSize:23;line-height:1.5;\"><strong>Sillabr\u00f6d <\/strong><\/h2><\/div><div class=\"fusion-text fusion-text-1\"><p>2 br\u00f6d<\/p>\n<p><strong>Dag 1 &#8211; sk\u00e5llning<\/strong><br \/>\n60 g linfr\u00f6, 200 g fint r\u00e5gmj\u00f6l, 8 g kummin, 300 g hett kaffe<\/p>\n<p><strong>Dag 2<br \/>\n<\/strong>1)<br \/>\nSk\u00e5llningen fr\u00e5n dag 1, 300 g vatten, 250 g fint r\u00e5gmj\u00f6l, 30 g j\u00e4st<br \/>\n2)<br \/>\n450 g vetemj\u00f6l med h\u00f6g proteinhalt, 100 g m\u00f6rk sirap, 125 g m\u00f6rkt muscovadosocker, 25 g salt<\/p>\n<\/div><div class=\"fusion-clearfix\"><\/div><\/div><\/div><div class=\"fusion-layout-column fusion_builder_column fusion-builder-column-2 fusion_builder_column_1_1 1_1 fusion-one-full fusion-column-first fusion-column-last\" style=\"--awb-bg-size:cover;\"><div class=\"fusion-column-wrapper fusion-flex-column-wrapper-legacy\"><div class=\"fusion-text fusion-text-2\"><p>Dag 1 &#8211; Blanda ingredienserna i en bunke, h\u00e4ll i det heta kaffet och r\u00f6r om ordentligt till en tjock gr\u00f6t. Plasta in och l\u00e5t st\u00e5 i rumstemperatur \u00f6ver natten eller tills den kallnat. Sk\u00e5llningen h\u00e5ller i tre dagar i kylen.<br \/>\nDag 2 -Blanda samman ingredienserna och arbeta degen i ca 10 minuter i maskin eller minst 15 minuter f\u00f6r hand. L\u00e5t degen vila i ca 1 timme.<br \/>\nTills\u00e4tt de sista ingredienserna och arbeta degen i ytterligare ca 10 minuter i maskin eller minst 15 f\u00f6r hand. L\u00e5t degen vila i ca 1 timme.\u00a0 Sleva upp degen, den ska vara kladdig, i tv\u00e5 smorda formar (ca 30&#215;10). J\u00e4s br\u00f6den ca 1\u00bd-2 timmar eller tills de kommit upp till kanten. L\u00e4gg ev ett bakpl\u00e5tspapper och en pl\u00e5t med tyngd ovanp\u00e5. St\u00e4ll in br\u00f6den i 180\u00b0 och baka i drygt en timme eller tills innertemperaturen n\u00e5tt n\u00e4rmare 100\u00b0. Stj\u00e4lp upp p\u00e5 galler, plasta in n\u00e4r br\u00f6det svalnat n\u00e5got.\u00a0 L\u00e5t vila och mogna till n\u00e4sta dag. G\u00e5r utm\u00e4rkt att frysa.<\/p>\n<\/div><div class=\"fusion-clearfix\"><\/div><\/div><\/div><\/div><\/div>\n","protected":false},"excerpt":{"rendered":"","protected":false},"author":3,"featured_media":0,"parent":221,"menu_order":198,"comment_status":"closed","ping_status":"closed","template":"","meta":{"footnotes":""},"class_list":["post-5206","page","type-page","status-publish","hentry"],"_links":{"self":[{"href":"https:\/\/zallan.se\/index.php?rest_route=\/wp\/v2\/pages\/5206","targetHints":{"allow":["GET"]}}],"collection":[{"href":"https:\/\/zallan.se\/index.php?rest_route=\/wp\/v2\/pages"}],"about":[{"href":"https:\/\/zallan.se\/index.php?rest_route=\/wp\/v2\/types\/page"}],"author":[{"embeddable":true,"href":"https:\/\/zallan.se\/index.php?rest_route=\/wp\/v2\/users\/3"}],"replies":[{"embeddable":true,"href":"https:\/\/zallan.se\/index.php?rest_route=%2Fwp%2Fv2%2Fcomments&post=5206"}],"version-history":[{"count":3,"href":"https:\/\/zallan.se\/index.php?rest_route=\/wp\/v2\/pages\/5206\/revisions"}],"predecessor-version":[{"id":6246,"href":"https:\/\/zallan.se\/index.php?rest_route=\/wp\/v2\/pages\/5206\/revisions\/6246"}],"up":[{"embeddable":true,"href":"https:\/\/zallan.se\/index.php?rest_route=\/wp\/v2\/pages\/221"}],"wp:attachment":[{"href":"https:\/\/zallan.se\/index.php?rest_route=%2Fwp%2Fv2%2Fmedia&parent=5206"}],"curies":[{"name":"wp","href":"https:\/\/api.w.org\/{rel}","templated":true}]}}