{"id":5139,"date":"2018-01-15T15:20:12","date_gmt":"2018-01-15T14:20:12","guid":{"rendered":"http:\/\/zallan.se\/?page_id=5139"},"modified":"2019-05-08T18:08:27","modified_gmt":"2019-05-08T16:08:27","slug":"mat-valnotsbrod","status":"publish","type":"page","link":"https:\/\/zallan.se\/?page_id=5139","title":{"rendered":"Valn\u00f6tsbr\u00f6d"},"content":{"rendered":"<p><div class=\"fusion-fullwidth fullwidth-box fusion-builder-row-1 nonhundred-percent-fullwidth non-hundred-percent-height-scrolling\" style=\"--awb-border-radius-top-left:0px;--awb-border-radius-top-right:0px;--awb-border-radius-bottom-right:0px;--awb-border-radius-bottom-left:0px;--awb-flex-wrap:wrap;\" ><div class=\"fusion-builder-row fusion-row\"><div class=\"fusion-layout-column fusion_builder_column fusion-builder-column-0 fusion_builder_column_1_2 1_2 fusion-one-half fusion-column-first\" style=\"--awb-bg-size:cover;width:50%;width:calc(50% - ( ( 4% ) * 0.5 ) );margin-right: 4%;\"><div class=\"fusion-column-wrapper fusion-flex-column-wrapper-legacy\"><div class=\"fusion-image-element in-legacy-container\" style=\"--awb-caption-title-font-family:var(--h2_typography-font-family);--awb-caption-title-font-weight:var(--h2_typography-font-weight);--awb-caption-title-font-style:var(--h2_typography-font-style);--awb-caption-title-size:var(--h2_typography-font-size);--awb-caption-title-transform:var(--h2_typography-text-transform);--awb-caption-title-line-height:var(--h2_typography-line-height);--awb-caption-title-letter-spacing:var(--h2_typography-letter-spacing);\"><span class=\" fusion-imageframe imageframe-none imageframe-1 hover-type-none\"><img decoding=\"async\" width=\"560\" height=\"420\" title=\"Valn\u00f6tsbr\u00f6d 2\" src=\"http:\/\/zallan.se\/wp-content\/uploads\/2018\/01\/Valn\u00f6tsbr\u00f6d-2.jpg\" alt class=\"img-responsive wp-image-5143\" srcset=\"https:\/\/zallan.se\/wp-content\/uploads\/2018\/01\/Valn\u00f6tsbr\u00f6d-2-200x150.jpg 200w, https:\/\/zallan.se\/wp-content\/uploads\/2018\/01\/Valn\u00f6tsbr\u00f6d-2-400x300.jpg 400w, https:\/\/zallan.se\/wp-content\/uploads\/2018\/01\/Valn\u00f6tsbr\u00f6d-2.jpg 560w\" sizes=\"(max-width: 900px) 100vw, 560px\" \/><\/span><\/div><div class=\"fusion-clearfix\"><\/div><\/div><\/div><div class=\"fusion-layout-column fusion_builder_column fusion-builder-column-1 fusion_builder_column_1_2 1_2 fusion-one-half fusion-column-last\" style=\"--awb-bg-size:cover;width:50%;width:calc(50% - ( ( 4% ) * 0.5 ) );\"><div class=\"fusion-column-wrapper fusion-flex-column-wrapper-legacy\"><div class=\"fusion-title title fusion-title-1 fusion-sep-none fusion-title-text fusion-title-size-two\" style=\"--awb-margin-top-small:10px;--awb-margin-right-small:0px;--awb-margin-bottom-small:10px;--awb-margin-left-small:0px;\"><h2 class=\"fusion-title-heading title-heading-left fusion-responsive-typography-calculated\" style=\"margin:0;--fontSize:23;line-height:1.5;\"><strong>Valn\u00f6tsbr\u00f6d<\/strong><\/h2><\/div><div class=\"fusion-text fusion-text-1\"><p><em>2-3 br\u00f6d<\/em><br \/>\n50 g j\u00e4st<br \/>\n2 tsk salt<br \/>\n5 dl ljummet vatten<br \/>\n1-2 msk olivolja<br \/>\n2 dl dinkel fullkorn<br \/>\nca 12 dl specialvetemj\u00f6l<br \/>\n75-100 g valn\u00f6tter<\/p>\n<\/div><div class=\"fusion-clearfix\"><\/div><\/div><\/div><\/div><\/div><div class=\"fusion-fullwidth fullwidth-box fusion-builder-row-2 nonhundred-percent-fullwidth non-hundred-percent-height-scrolling\" style=\"--awb-border-radius-top-left:0px;--awb-border-radius-top-right:0px;--awb-border-radius-bottom-right:0px;--awb-border-radius-bottom-left:0px;--awb-flex-wrap:wrap;\" ><div class=\"fusion-builder-row fusion-row\"><div class=\"fusion-layout-column fusion_builder_column fusion-builder-column-2 fusion_builder_column_1_1 1_1 fusion-one-full fusion-column-first fusion-column-last\" style=\"--awb-bg-size:cover;\"><div class=\"fusion-column-wrapper fusion-flex-column-wrapper-legacy\"><div class=\"fusion-text fusion-text-2\"><p>S\u00e4tt ugnen p\u00e5 250\u00b0<br \/>\nSmula j\u00e4sten i bunken. L\u00f6s upp i lite av vattnet och tills\u00e4tt sedan resten av vattnet. R\u00f6r ner salt, olja och dinkelmj\u00f6l. Tills\u00e4tt d\u00e4refter vetemj\u00f6l tills degen b\u00f6rjar sl\u00e4ppa bunkens kanter men \u00e4nd\u00e5 k\u00e4nns lite kladdig.\u00a0 L\u00e5t j\u00e4sa i bunken ca 1 timme. Hacka under tiden valn\u00f6tterna grovt och rosta dem l\u00e4tt i en stekpanna. L\u00e5t svalna tills degen j\u00e4st f\u00e4rdigt. Ta upp degen p\u00e5 bakbordet och dela i tv\u00e5 eller tre delar. Platta ut varje del och str\u00f6 \u00f6ver de rostade valn\u00f6tterna. Tryck fast n\u00f6tterna och kn\u00e5da in dem f\u00f6rsiktigt och forma fina limpor. L\u00e4gg p\u00e5 smord pl\u00e5t och l\u00e5t j\u00e4sa under duk i ca 45 minuter. G\u00f6r n\u00e5gra snitt i varje limpa, str\u00f6 \u00f6ver lite mj\u00f6l och gr\u00e4dda br\u00f6den i 250\u00b0 i 5-10 minuter. S\u00e4nk sedan v\u00e4rmen till 200\u00b0 och gr\u00e4dda i ytterligare 25 minuter. L\u00e5t svalna p\u00e5 galler.<\/p>\n<\/div><div class=\"fusion-clearfix\"><\/div><\/div><\/div><\/div><\/div><\/p>\n","protected":false},"excerpt":{"rendered":"","protected":false},"author":3,"featured_media":0,"parent":221,"menu_order":201,"comment_status":"closed","ping_status":"closed","template":"","meta":{"footnotes":""},"class_list":["post-5139","page","type-page","status-publish","hentry"],"_links":{"self":[{"href":"https:\/\/zallan.se\/index.php?rest_route=\/wp\/v2\/pages\/5139","targetHints":{"allow":["GET"]}}],"collection":[{"href":"https:\/\/zallan.se\/index.php?rest_route=\/wp\/v2\/pages"}],"about":[{"href":"https:\/\/zallan.se\/index.php?rest_route=\/wp\/v2\/types\/page"}],"author":[{"embeddable":true,"href":"https:\/\/zallan.se\/index.php?rest_route=\/wp\/v2\/users\/3"}],"replies":[{"embeddable":true,"href":"https:\/\/zallan.se\/index.php?rest_route=%2Fwp%2Fv2%2Fcomments&post=5139"}],"version-history":[{"count":1,"href":"https:\/\/zallan.se\/index.php?rest_route=\/wp\/v2\/pages\/5139\/revisions"}],"predecessor-version":[{"id":6061,"href":"https:\/\/zallan.se\/index.php?rest_route=\/wp\/v2\/pages\/5139\/revisions\/6061"}],"up":[{"embeddable":true,"href":"https:\/\/zallan.se\/index.php?rest_route=\/wp\/v2\/pages\/221"}],"wp:attachment":[{"href":"https:\/\/zallan.se\/index.php?rest_route=%2Fwp%2Fv2%2Fmedia&parent=5139"}],"curies":[{"name":"wp","href":"https:\/\/api.w.org\/{rel}","templated":true}]}}