{"id":4377,"date":"2016-10-10T14:55:43","date_gmt":"2016-10-10T12:55:43","guid":{"rendered":"http:\/\/zallan.se\/?page_id=4377"},"modified":"2019-05-08T13:10:57","modified_gmt":"2019-05-08T11:10:57","slug":"kak-havrerutor-med-daim","status":"publish","type":"page","link":"https:\/\/zallan.se\/?page_id=4377","title":{"rendered":"Havrerutor med Daim"},"content":{"rendered":"<div class=\"fusion-fullwidth fullwidth-box fusion-builder-row-1 hundred-percent-fullwidth non-hundred-percent-height-scrolling\" style=\"--awb-border-radius-top-left:0px;--awb-border-radius-top-right:0px;--awb-border-radius-bottom-right:0px;--awb-border-radius-bottom-left:0px;--awb-overflow:visible;--awb-flex-wrap:wrap;\" ><div class=\"fusion-builder-row fusion-row\"><div class=\"fusion-layout-column fusion_builder_column fusion-builder-column-0 fusion_builder_column_1_2 1_2 fusion-one-half fusion-column-first\" style=\"--awb-bg-size:cover;width:48%; margin-right: 4%;\"><div class=\"fusion-column-wrapper fusion-flex-column-wrapper-legacy\"><div class=\"fusion-image-element in-legacy-container\" style=\"--awb-caption-title-font-family:var(--h2_typography-font-family);--awb-caption-title-font-weight:var(--h2_typography-font-weight);--awb-caption-title-font-style:var(--h2_typography-font-style);--awb-caption-title-size:var(--h2_typography-font-size);--awb-caption-title-transform:var(--h2_typography-text-transform);--awb-caption-title-line-height:var(--h2_typography-line-height);--awb-caption-title-letter-spacing:var(--h2_typography-letter-spacing);\"><span class=\" fusion-imageframe imageframe-none imageframe-1 hover-type-none\"><img decoding=\"async\" src=\"http:\/\/zallan.se\/wp-content\/uploads\/2016\/10\/Havrekakor-med-dajm-3.jpg\" alt class=\"img-responsive\"\/><\/span><\/div><div class=\"fusion-clearfix\"><\/div><\/div><\/div><div class=\"fusion-layout-column fusion_builder_column fusion-builder-column-1 fusion_builder_column_1_2 1_2 fusion-one-half fusion-column-last\" style=\"--awb-bg-size:cover;width:48%;\"><div class=\"fusion-column-wrapper fusion-flex-column-wrapper-legacy\"><div class=\"fusion-title title fusion-title-1 fusion-sep-none fusion-title-text fusion-title-size-two\" style=\"--awb-margin-top-small:10px;--awb-margin-right-small:0px;--awb-margin-bottom-small:10px;--awb-margin-left-small:0px;\"><h2 class=\"fusion-title-heading title-heading-left fusion-responsive-typography-calculated\" style=\"margin:0;--fontSize:23;line-height:1.5;\"><strong>Havrerutor med Daim<\/strong><\/h2><\/div><div class=\"fusion-text fusion-text-1\"><p>ca 24 st<\/p>\n<p>150 g sm\u00f6r<br \/>\n75 g farinsocker (1 dl)<br \/>\n45 g str\u00f6socker (\u00bd dl)<br \/>\n1 dubbelDaim (g\u00e4rna med apelsinsmak), 56 g<br \/>\n1 dl mandelmj\u00f6l<br \/>\n3 dl fiberhavregryn<br \/>\n1 tsk bakpulver<br \/>\n1 krm salt<\/p>\n<\/div><div class=\"fusion-clearfix\"><\/div><\/div><\/div><div class=\"fusion-layout-column fusion_builder_column fusion-builder-column-2 fusion_builder_column_1_1 1_1 fusion-one-full fusion-column-first fusion-column-last\" style=\"--awb-bg-size:cover;\"><div class=\"fusion-column-wrapper fusion-flex-column-wrapper-legacy\"><div class=\"fusion-text fusion-text-2\"><p>S\u00e4tt ugnen p\u00e5 225\u00b0. L\u00e4gg ett bakpl\u00e5tspapper i en liten l\u00e5ngpanna, ca 20&#215;30. L\u00e4gg en liten sm\u00f6rklick i botten p\u00e5 formen, s\u00e5 h\u00e5ller sig pappret l\u00e4ttare p\u00e5 plats. Hacka Daimen, inte alltf\u00f6r sm\u00e5tt.<br \/>\nR\u00f6r samman sm\u00f6r och socker. Blanda havregryn, mandelmj\u00f6l och bakpulver och r\u00f6r ner i sm\u00f6rblandningen. Se till att alltsammans blandas ordentligt. Tills\u00e4tt sedan den hackade Daimen. Tryck ut degen i formen och j\u00e4mna till den s\u00e5 den \u00e4ven g\u00e5r ut i kanter och h\u00f6rn. Mj\u00f6la h\u00e4nderna f\u00f6rsiktigt (g\u00e4rna med mandelmj\u00f6l) s\u00e5 g\u00e5r det l\u00e4ttare eller anv\u00e4nd plasthandskar. Gr\u00e4dda i mitten av ugnen i 12-15 minuter tills kakan f\u00e5tt fin f\u00e4rg. L\u00e5t den sedan svalna n\u00e5got innan den sk\u00e4rs i j\u00e4mna rutor.<\/p>\n<\/div><div class=\"fusion-clearfix\"><\/div><\/div><\/div><\/div><\/div>\n","protected":false},"excerpt":{"rendered":"","protected":false},"author":3,"featured_media":0,"parent":216,"menu_order":107,"comment_status":"closed","ping_status":"closed","template":"","meta":{"footnotes":""},"class_list":["post-4377","page","type-page","status-publish","hentry"],"_links":{"self":[{"href":"https:\/\/zallan.se\/index.php?rest_route=\/wp\/v2\/pages\/4377","targetHints":{"allow":["GET"]}}],"collection":[{"href":"https:\/\/zallan.se\/index.php?rest_route=\/wp\/v2\/pages"}],"about":[{"href":"https:\/\/zallan.se\/index.php?rest_route=\/wp\/v2\/types\/page"}],"author":[{"embeddable":true,"href":"https:\/\/zallan.se\/index.php?rest_route=\/wp\/v2\/users\/3"}],"replies":[{"embeddable":true,"href":"https:\/\/zallan.se\/index.php?rest_route=%2Fwp%2Fv2%2Fcomments&post=4377"}],"version-history":[{"count":1,"href":"https:\/\/zallan.se\/index.php?rest_route=\/wp\/v2\/pages\/4377\/revisions"}],"predecessor-version":[{"id":5958,"href":"https:\/\/zallan.se\/index.php?rest_route=\/wp\/v2\/pages\/4377\/revisions\/5958"}],"up":[{"embeddable":true,"href":"https:\/\/zallan.se\/index.php?rest_route=\/wp\/v2\/pages\/216"}],"wp:attachment":[{"href":"https:\/\/zallan.se\/index.php?rest_route=%2Fwp%2Fv2%2Fmedia&parent=4377"}],"curies":[{"name":"wp","href":"https:\/\/api.w.org\/{rel}","templated":true}]}}