{"id":4038,"date":"2016-04-28T16:29:01","date_gmt":"2016-04-28T14:29:01","guid":{"rendered":"http:\/\/zallan.se\/?page_id=4038"},"modified":"2019-05-08T17:31:00","modified_gmt":"2019-05-08T15:31:00","slug":"ma-grahamsbullar-med-pumpafron","status":"publish","type":"page","link":"https:\/\/zallan.se\/?page_id=4038","title":{"rendered":"Grahamsbullar med pumpafr\u00f6n"},"content":{"rendered":"<div class=\"fusion-fullwidth fullwidth-box fusion-builder-row-1 hundred-percent-fullwidth non-hundred-percent-height-scrolling\" style=\"--awb-border-radius-top-left:0px;--awb-border-radius-top-right:0px;--awb-border-radius-bottom-right:0px;--awb-border-radius-bottom-left:0px;--awb-overflow:visible;--awb-padding-right:30px;--awb-padding-left:30px;--awb-flex-wrap:wrap;\" ><div class=\"fusion-builder-row fusion-row\"><div class=\"fusion-layout-column fusion_builder_column fusion-builder-column-0 fusion_builder_column_1_2 1_2 fusion-one-half fusion-column-first\" style=\"--awb-bg-size:cover;width:50%;width:calc(50% - ( ( 4% ) * 0.5 ) );margin-right: 4%;\"><div class=\"fusion-column-wrapper fusion-flex-column-wrapper-legacy\"><div class=\"fusion-text fusion-text-1\"><p><img decoding=\"async\" class=\"alignleft wp-image-4829 size-full\" src=\"http:\/\/zallan.se\/wp-content\/uploads\/2016\/04\/Grahamsbullar-med-pumpafrn2.jpg\" width=\"560\" height=\"420\" srcset=\"https:\/\/zallan.se\/wp-content\/uploads\/2016\/04\/Grahamsbullar-med-pumpafrn2-200x150.jpg 200w, https:\/\/zallan.se\/wp-content\/uploads\/2016\/04\/Grahamsbullar-med-pumpafrn2-400x300.jpg 400w, https:\/\/zallan.se\/wp-content\/uploads\/2016\/04\/Grahamsbullar-med-pumpafrn2.jpg 560w\" sizes=\"(max-width: 560px) 100vw, 560px\" \/><\/p>\n<\/div><div class=\"fusion-clearfix\"><\/div><\/div><\/div><div class=\"fusion-layout-column fusion_builder_column fusion-builder-column-1 fusion_builder_column_1_2 1_2 fusion-one-half fusion-column-last\" style=\"--awb-bg-size:cover;width:50%;width:calc(50% - ( ( 4% ) * 0.5 ) );\"><div class=\"fusion-column-wrapper fusion-flex-column-wrapper-legacy\"><div class=\"fusion-text fusion-text-2\"><h2><strong>Grahamsbullar med pumpafr\u00f6n<\/strong><\/h2>\n<p><strong>12 st<\/strong><\/p>\n<p>2\u00bd dl ljummet vatten<br \/>\n25 g (\u00bd paket) j\u00e4st<br \/>\n2 krm salt<br \/>\n2 tsk rapsolja<br \/>\n2 dl grahamsmj\u00f6l, 120 g<br \/>\n4 dl specialvetemj\u00f6l, 240 g + ev lite extra till utbakning<br \/>\n1 tsk honung<br \/>\n1 r\u00e5gad msk pumpafr\u00f6n<br \/>\n\u00bd-1 tsk flingsalt<br \/>\nlite uppvispad \u00e4ggvita<\/p>\n<\/div><div class=\"fusion-clearfix\"><\/div><\/div><\/div><div class=\"fusion-layout-column fusion_builder_column fusion-builder-column-2 fusion_builder_column_1_1 1_1 fusion-one-full fusion-column-first fusion-column-last\" style=\"--awb-bg-size:cover;--awb-margin-bottom:0px;\"><div class=\"fusion-column-wrapper fusion-flex-column-wrapper-legacy\"><div class=\"fusion-text fusion-text-3\"><p>Smula ner j\u00e4sten i k\u00f6ksmaskinen och r\u00f6r ut den i det ljumma vattnet.Tills\u00e4tt salt, olja, honung, grahamsmj\u00f6l och det mesta av vetemj\u00f6let. K\u00f6r maskinen tills degen sl\u00e4pper kanterna. J\u00e4s degen 30 minuter under bakduk. S\u00e4tt ugnen p\u00e5 225\u00b0. Ta upp degen p\u00e5 mj\u00f6lad b\u00e4nk och rulla ut till en l\u00e4ngd som delas p\u00e5 mitten. Dela varje del i 6 bitar och rulla till j\u00e4mna sm\u00e5 bullar och l\u00e4gg p\u00e5 pl\u00e5t med bakpl\u00e5tspapper. L\u00e5t j\u00e4sa i ytterligare 30 minuter. Pensla bullarna med uppvispad \u00e4ggvita och str\u00f6 \u00f6ver pumpafr\u00f6n och flingsalt. Gr\u00e4dda i 12-15 minuter.<\/p>\n<\/div><div class=\"fusion-clearfix\"><\/div><\/div><\/div><div class=\"fusion-layout-column fusion_builder_column fusion-builder-column-3 fusion_builder_column_1_1 1_1 fusion-one-full fusion-column-first fusion-column-last fusion-column-no-min-height\" style=\"--awb-bg-size:cover;--awb-margin-bottom:0px;\"><div class=\"fusion-column-wrapper fusion-flex-column-wrapper-legacy\"><div class=\"fusion-sep-clear\"><\/div><div class=\"fusion-separator fusion-full-width-sep\" style=\"margin-left: auto;margin-right: auto;margin-top:40px;margin-bottom:40px;width:100%;\"><div class=\"fusion-separator-border sep-shadow\" style=\"--awb-height:20px;--awb-amount:20px;background:radial-gradient(ellipse at 50% -50% , #e0dede 0px, rgba(255, 255, 255, 0) 80%) repeat scroll 0 0 rgba(0, 0, 0, 0);background:-webkit-radial-gradient(ellipse at 50% -50% , #e0dede 0px, rgba(255, 255, 255, 0) 80%) repeat scroll 0 0 rgba(0, 0, 0, 0);background:-moz-radial-gradient(ellipse at 50% -50% , #e0dede 0px, rgba(255, 255, 255, 0) 80%) repeat scroll 0 0 rgba(0, 0, 0, 0);background:-o-radial-gradient(ellipse at 50% -50% , #e0dede 0px, rgba(255, 255, 255, 0) 80%) repeat scroll 0 0 rgba(0, 0, 0, 0);\"><\/div><\/div><div class=\"fusion-sep-clear\"><\/div><div class=\"fusion-clearfix\"><\/div><\/div><\/div><\/div><\/div>\n","protected":false},"excerpt":{"rendered":"","protected":false},"author":3,"featured_media":0,"parent":221,"menu_order":174,"comment_status":"closed","ping_status":"closed","template":"100-width.php","meta":{"footnotes":""},"class_list":["post-4038","page","type-page","status-publish","hentry"],"_links":{"self":[{"href":"https:\/\/zallan.se\/index.php?rest_route=\/wp\/v2\/pages\/4038","targetHints":{"allow":["GET"]}}],"collection":[{"href":"https:\/\/zallan.se\/index.php?rest_route=\/wp\/v2\/pages"}],"about":[{"href":"https:\/\/zallan.se\/index.php?rest_route=\/wp\/v2\/types\/page"}],"author":[{"embeddable":true,"href":"https:\/\/zallan.se\/index.php?rest_route=\/wp\/v2\/users\/3"}],"replies":[{"embeddable":true,"href":"https:\/\/zallan.se\/index.php?rest_route=%2Fwp%2Fv2%2Fcomments&post=4038"}],"version-history":[{"count":1,"href":"https:\/\/zallan.se\/index.php?rest_route=\/wp\/v2\/pages\/4038\/revisions"}],"predecessor-version":[{"id":6030,"href":"https:\/\/zallan.se\/index.php?rest_route=\/wp\/v2\/pages\/4038\/revisions\/6030"}],"up":[{"embeddable":true,"href":"https:\/\/zallan.se\/index.php?rest_route=\/wp\/v2\/pages\/221"}],"wp:attachment":[{"href":"https:\/\/zallan.se\/index.php?rest_route=%2Fwp%2Fv2%2Fmedia&parent=4038"}],"curies":[{"name":"wp","href":"https:\/\/api.w.org\/{rel}","templated":true}]}}