{"id":3848,"date":"2016-01-11T16:27:41","date_gmt":"2016-01-11T15:27:41","guid":{"rendered":"http:\/\/zallan.se\/?page_id=3848"},"modified":"2019-05-08T17:59:38","modified_gmt":"2019-05-08T15:59:38","slug":"ragsiktslimpa-med-svagdricka","status":"publish","type":"page","link":"https:\/\/zallan.se\/?page_id=3848","title":{"rendered":"R\u00e5gsiktslimpa med svagdricka"},"content":{"rendered":"<div class=\"fusion-fullwidth fullwidth-box fusion-builder-row-1 hundred-percent-fullwidth non-hundred-percent-height-scrolling\" style=\"--awb-border-radius-top-left:0px;--awb-border-radius-top-right:0px;--awb-border-radius-bottom-right:0px;--awb-border-radius-bottom-left:0px;--awb-overflow:visible;--awb-flex-wrap:wrap;\" ><div class=\"fusion-builder-row fusion-row\"><div class=\"fusion-layout-column fusion_builder_column fusion-builder-column-0 fusion_builder_column_1_2 1_2 fusion-one-half fusion-column-first\" style=\"--awb-bg-size:cover;width:50%;width:calc(50% - ( ( 4% ) * 0.5 ) );margin-right: 4%;\"><div class=\"fusion-column-wrapper fusion-flex-column-wrapper-legacy\"><div class=\"fusion-text fusion-text-1\"><p><img decoding=\"async\" class=\"alignnone size-full wp-image-4216\" src=\"http:\/\/zallan.se\/wp-content\/uploads\/2013\/11\/Ragsiktslimpa-med-svagdricka2.jpg\" alt=\"\" width=\"420\" height=\"315\" srcset=\"https:\/\/zallan.se\/wp-content\/uploads\/2013\/11\/Ragsiktslimpa-med-svagdricka2-180x135.jpg 180w, https:\/\/zallan.se\/wp-content\/uploads\/2013\/11\/Ragsiktslimpa-med-svagdricka2-200x150.jpg 200w, https:\/\/zallan.se\/wp-content\/uploads\/2013\/11\/Ragsiktslimpa-med-svagdricka2-400x300.jpg 400w, https:\/\/zallan.se\/wp-content\/uploads\/2013\/11\/Ragsiktslimpa-med-svagdricka2.jpg 420w\" sizes=\"(max-width: 420px) 100vw, 420px\" \/><\/p>\n<\/div><div class=\"fusion-clearfix\"><\/div><\/div><\/div><div class=\"fusion-layout-column fusion_builder_column fusion-builder-column-1 fusion_builder_column_1_2 1_2 fusion-one-half fusion-column-last\" style=\"--awb-bg-size:cover;width:50%;width:calc(50% - ( ( 4% ) * 0.5 ) );\"><div class=\"fusion-column-wrapper fusion-flex-column-wrapper-legacy\"><div class=\"fusion-text fusion-text-2\"><h2><strong>R\u00e5gsiktslimpa med svagdricka<\/strong><\/h2>\n<p><strong>2 st<\/strong><br \/>\n50 g j\u00e4st<br \/>\n5 dl svagdricka<br \/>\n2 dl (150 g) brunt farinsocker<br \/>\nca 950 g r\u00e5gsikt<br \/>\n1 \u00e4gg<br \/>\n1\u00bd tsk salt<\/p>\n<\/div><div class=\"fusion-clearfix\"><\/div><\/div><\/div><div class=\"fusion-layout-column fusion_builder_column fusion-builder-column-2 fusion_builder_column_1_2 1_2 fusion-one-half fusion-column-first\" style=\"--awb-bg-size:cover;width:48%; margin-right: 4%;\"><div class=\"fusion-column-wrapper fusion-flex-column-wrapper-legacy\"><div class=\"fusion-text fusion-text-3\"><p>Smula j\u00e4sten i en bunke. V\u00e4rm svagdrickan till 37\u00b0 och r\u00f6r ut j\u00e4sten i lite av v\u00e4tskan. H\u00e4ll i resterande samt farinsocker och salt. Se till att sockret l\u00f6ser sig helt. R\u00f6r ner \u00e4gget tillsammans med mj\u00f6let och k\u00f6r den smidig. L\u00e5t j\u00e4sa 1 timme under bakduk. Sm\u00f6ra tv\u00e5 avl\u00e5nga br\u00f6dformar \u00e0 1\u00bd liter. Baka ut br\u00f6den och l\u00e4gg i formarna. L\u00e5t j\u00e4sa ca 45 minuter. Gr\u00e4dda i 200\u00b0 i 40-50 minuter.<\/p>\n<\/div><div class=\"fusion-clearfix\"><\/div><\/div><\/div><div class=\"fusion-layout-column fusion_builder_column fusion-builder-column-3 fusion_builder_column_1_1 1_1 fusion-one-full fusion-column-last fusion-column-no-min-height\" style=\"--awb-bg-size:cover;--awb-margin-bottom:0px;\"><div class=\"fusion-column-wrapper fusion-flex-column-wrapper-legacy\"><div class=\"fusion-sep-clear\"><\/div><div class=\"fusion-separator fusion-full-width-sep\" style=\"margin-left: auto;margin-right: auto;margin-top:40px;margin-bottom:40px;width:100%;\"><div class=\"fusion-separator-border sep-shadow\" style=\"--awb-height:20px;--awb-amount:20px;background:radial-gradient(ellipse at 50% -50% , #e0dede 0px, rgba(255, 255, 255, 0) 80%) repeat scroll 0 0 rgba(0, 0, 0, 0);background:-webkit-radial-gradient(ellipse at 50% -50% , #e0dede 0px, rgba(255, 255, 255, 0) 80%) repeat scroll 0 0 rgba(0, 0, 0, 0);background:-moz-radial-gradient(ellipse at 50% -50% , #e0dede 0px, rgba(255, 255, 255, 0) 80%) repeat scroll 0 0 rgba(0, 0, 0, 0);background:-o-radial-gradient(ellipse at 50% -50% , #e0dede 0px, rgba(255, 255, 255, 0) 80%) repeat scroll 0 0 rgba(0, 0, 0, 0);\"><\/div><\/div><div class=\"fusion-sep-clear\"><\/div><div class=\"fusion-clearfix\"><\/div><\/div><\/div><\/div><\/div>\n","protected":false},"excerpt":{"rendered":"","protected":false},"author":3,"featured_media":0,"parent":221,"menu_order":194,"comment_status":"closed","ping_status":"closed","template":"","meta":{"footnotes":""},"class_list":["post-3848","page","type-page","status-publish","hentry"],"_links":{"self":[{"href":"https:\/\/zallan.se\/index.php?rest_route=\/wp\/v2\/pages\/3848","targetHints":{"allow":["GET"]}}],"collection":[{"href":"https:\/\/zallan.se\/index.php?rest_route=\/wp\/v2\/pages"}],"about":[{"href":"https:\/\/zallan.se\/index.php?rest_route=\/wp\/v2\/types\/page"}],"author":[{"embeddable":true,"href":"https:\/\/zallan.se\/index.php?rest_route=\/wp\/v2\/users\/3"}],"replies":[{"embeddable":true,"href":"https:\/\/zallan.se\/index.php?rest_route=%2Fwp%2Fv2%2Fcomments&post=3848"}],"version-history":[{"count":2,"href":"https:\/\/zallan.se\/index.php?rest_route=\/wp\/v2\/pages\/3848\/revisions"}],"predecessor-version":[{"id":6053,"href":"https:\/\/zallan.se\/index.php?rest_route=\/wp\/v2\/pages\/3848\/revisions\/6053"}],"up":[{"embeddable":true,"href":"https:\/\/zallan.se\/index.php?rest_route=\/wp\/v2\/pages\/221"}],"wp:attachment":[{"href":"https:\/\/zallan.se\/index.php?rest_route=%2Fwp%2Fv2%2Fmedia&parent=3848"}],"curies":[{"name":"wp","href":"https:\/\/api.w.org\/{rel}","templated":true}]}}