{"id":382,"date":"2013-12-29T18:59:02","date_gmt":"2013-12-29T17:59:02","guid":{"rendered":"http:\/\/zallan.se\/?page_id=382"},"modified":"2019-05-08T17:06:57","modified_gmt":"2019-05-08T15:06:57","slug":"kycklinggryta-med-chorizo","status":"publish","type":"page","link":"https:\/\/zallan.se\/?page_id=382","title":{"rendered":"Kycklinggryta med chorizo"},"content":{"rendered":"<div class=\"fusion-fullwidth fullwidth-box fusion-builder-row-1 hundred-percent-fullwidth non-hundred-percent-height-scrolling\" style=\"--awb-border-radius-top-left:0px;--awb-border-radius-top-right:0px;--awb-border-radius-bottom-right:0px;--awb-border-radius-bottom-left:0px;--awb-overflow:visible;--awb-padding-right:30px;--awb-padding-left:30px;--awb-flex-wrap:wrap;\" ><div class=\"fusion-builder-row fusion-row\"><div class=\"fusion-layout-column fusion_builder_column fusion-builder-column-0 fusion_builder_column_1_2 1_2 fusion-one-half fusion-column-first\" style=\"--awb-bg-size:cover;width:50%;width:calc(50% - ( ( 4% ) * 0.5 ) );margin-right: 4%;\"><div class=\"fusion-column-wrapper fusion-flex-column-wrapper-legacy\"><div class=\"fusion-text fusion-text-1\"><p><img decoding=\"async\" class=\"alignnone size-full wp-image-627\" src=\"http:\/\/zallan.se\/wp-content\/uploads\/2013\/12\/KY-kycklinggryta01.jpg\" alt=\"\" width=\"560\" height=\"420\" srcset=\"https:\/\/zallan.se\/wp-content\/uploads\/2013\/12\/KY-kycklinggryta01-180x135.jpg 180w, https:\/\/zallan.se\/wp-content\/uploads\/2013\/12\/KY-kycklinggryta01-200x150.jpg 200w, https:\/\/zallan.se\/wp-content\/uploads\/2013\/12\/KY-kycklinggryta01-360x270.jpg 360w, https:\/\/zallan.se\/wp-content\/uploads\/2013\/12\/KY-kycklinggryta01.jpg 560w\" sizes=\"(max-width: 560px) 100vw, 560px\" \/><\/p>\n<\/div><div class=\"fusion-clearfix\"><\/div><\/div><\/div><div class=\"fusion-layout-column fusion_builder_column fusion-builder-column-1 fusion_builder_column_1_2 1_2 fusion-one-half fusion-column-last\" style=\"--awb-bg-size:cover;width:50%;width:calc(50% - ( ( 4% ) * 0.5 ) );\"><div class=\"fusion-column-wrapper fusion-flex-column-wrapper-legacy\"><div class=\"fusion-text fusion-text-2\"><h2><strong>Kycklinggryta med chorizo<\/strong><\/h2>\n<p><strong>4 pers<\/strong><\/p>\n<p>600 g kycklingfil\u00e9<br \/>\n200 chorizo<br \/>\n150 g r\u00f6kt fl\u00e4sk<br \/>\n1 gul l\u00f6k<br \/>\n2 vitl\u00f6ksklyftor<br \/>\n400 krossade tomater p\u00e5 burk<br \/>\nev n\u00e5gra sol torkade marinerade tomater<br \/>\n1 msk kycklingfond<br \/>\n1 dl vatten<br \/>\n1 tsk rosmarin<br \/>\n2 kryddnejlikor<br \/>\nrivet apelsinskal fr\u00e5n 1\/4 frukt<br \/>\n400 r\u00f6da eller vita b\u00f6nor p\u00e5 burk<br \/>\nsalt, peppar<\/p>\n<p>Sk\u00e4r kycklingen i mindre bitar. Skiva korven, strimla fl\u00e4sket. Skala och hacka l\u00f6k och vitl\u00f6k. Bryn korv, fl\u00e4sk och l\u00f6k i en gryta. Tills\u00e4tt kyckling och vitl\u00f6k och l\u00e5t fr\u00e4sa en stund. Tills\u00e4tt tomater, fond, vatten, kryddor och apelsinskal. Koka under lock ca 15 min. Sk\u00f6lj b\u00f6norna och l\u00e5t rinna av. V\u00e4nd ner dem i grytan n\u00e4r det \u00e5terst\u00e5r 5 minuter. Smaka av med salt och peppar.<\/p>\n<\/div><div class=\"fusion-sep-clear\"><\/div><div class=\"fusion-separator fusion-full-width-sep\" style=\"margin-left: auto;margin-right: auto;margin-top:40px;margin-bottom:40px;width:100%;\"><div class=\"fusion-separator-border sep-shadow\" style=\"--awb-height:20px;--awb-amount:20px;background:radial-gradient(ellipse at 50% -50% , #e0dede 0px, rgba(255, 255, 255, 0) 80%) repeat scroll 0 0 rgba(0, 0, 0, 0);background:-webkit-radial-gradient(ellipse at 50% -50% , #e0dede 0px, rgba(255, 255, 255, 0) 80%) repeat scroll 0 0 rgba(0, 0, 0, 0);background:-moz-radial-gradient(ellipse at 50% -50% , #e0dede 0px, rgba(255, 255, 255, 0) 80%) repeat scroll 0 0 rgba(0, 0, 0, 0);background:-o-radial-gradient(ellipse at 50% -50% , #e0dede 0px, rgba(255, 255, 255, 0) 80%) repeat scroll 0 0 rgba(0, 0, 0, 0);\"><\/div><\/div><div class=\"fusion-sep-clear\"><\/div><div class=\"fusion-clearfix\"><\/div><\/div><\/div><\/div><\/div>\n","protected":false},"excerpt":{"rendered":"","protected":false},"author":3,"featured_media":0,"parent":217,"menu_order":152,"comment_status":"open","ping_status":"open","template":"100-width.php","meta":{"footnotes":""},"class_list":["post-382","page","type-page","status-publish","hentry"],"_links":{"self":[{"href":"https:\/\/zallan.se\/index.php?rest_route=\/wp\/v2\/pages\/382","targetHints":{"allow":["GET"]}}],"collection":[{"href":"https:\/\/zallan.se\/index.php?rest_route=\/wp\/v2\/pages"}],"about":[{"href":"https:\/\/zallan.se\/index.php?rest_route=\/wp\/v2\/types\/page"}],"author":[{"embeddable":true,"href":"https:\/\/zallan.se\/index.php?rest_route=\/wp\/v2\/users\/3"}],"replies":[{"embeddable":true,"href":"https:\/\/zallan.se\/index.php?rest_route=%2Fwp%2Fv2%2Fcomments&post=382"}],"version-history":[{"count":2,"href":"https:\/\/zallan.se\/index.php?rest_route=\/wp\/v2\/pages\/382\/revisions"}],"predecessor-version":[{"id":6012,"href":"https:\/\/zallan.se\/index.php?rest_route=\/wp\/v2\/pages\/382\/revisions\/6012"}],"up":[{"embeddable":true,"href":"https:\/\/zallan.se\/index.php?rest_route=\/wp\/v2\/pages\/217"}],"wp:attachment":[{"href":"https:\/\/zallan.se\/index.php?rest_route=%2Fwp%2Fv2%2Fmedia&parent=382"}],"curies":[{"name":"wp","href":"https:\/\/api.w.org\/{rel}","templated":true}]}}