{"id":3775,"date":"2015-07-06T16:48:15","date_gmt":"2015-07-06T14:48:15","guid":{"rendered":"http:\/\/zallan.se\/?page_id=3775"},"modified":"2019-05-09T13:48:31","modified_gmt":"2019-05-09T11:48:31","slug":"til-ostkex","status":"publish","type":"page","link":"https:\/\/zallan.se\/?page_id=3775","title":{"rendered":"Ostkex"},"content":{"rendered":"<div class=\"fusion-fullwidth fullwidth-box fusion-builder-row-1 hundred-percent-fullwidth non-hundred-percent-height-scrolling\" style=\"--awb-border-radius-top-left:0px;--awb-border-radius-top-right:0px;--awb-border-radius-bottom-right:0px;--awb-border-radius-bottom-left:0px;--awb-overflow:visible;--awb-flex-wrap:wrap;\" ><div class=\"fusion-builder-row fusion-row\"><div class=\"fusion-layout-column fusion_builder_column fusion-builder-column-0 fusion_builder_column_1_2 1_2 fusion-one-half fusion-column-first\" style=\"--awb-bg-size:cover;width:50%;width:calc(50% - ( ( 4% ) * 0.5 ) );margin-right: 4%;\"><div class=\"fusion-column-wrapper fusion-flex-column-wrapper-legacy\"><div class=\"fusion-text fusion-text-1\"><p><a href=\"http:\/\/zallan.se\/wp-content\/uploads\/2013\/11\/Ostkex-klara.jpg\"><img decoding=\"async\" class=\"alignleft size-full wp-image-3728\" src=\"http:\/\/zallan.se\/wp-content\/uploads\/2013\/11\/Ostkex-klara.jpg\" alt=\"Ostkex klara\" width=\"560\" height=\"420\" srcset=\"https:\/\/zallan.se\/wp-content\/uploads\/2013\/11\/Ostkex-klara-180x135.jpg 180w, https:\/\/zallan.se\/wp-content\/uploads\/2013\/11\/Ostkex-klara-200x150.jpg 200w, https:\/\/zallan.se\/wp-content\/uploads\/2013\/11\/Ostkex-klara-360x270.jpg 360w, https:\/\/zallan.se\/wp-content\/uploads\/2013\/11\/Ostkex-klara.jpg 560w\" sizes=\"(max-width: 560px) 100vw, 560px\" \/><\/a><\/p>\n<\/div><div class=\"fusion-clearfix\"><\/div><\/div><\/div><div class=\"fusion-layout-column fusion_builder_column fusion-builder-column-1 fusion_builder_column_1_2 1_2 fusion-one-half fusion-column-last\" style=\"--awb-bg-size:cover;width:50%;width:calc(50% - ( ( 4% ) * 0.5 ) );\"><div class=\"fusion-column-wrapper fusion-flex-column-wrapper-legacy\"><div class=\"fusion-text fusion-text-2\"><h2><strong>Ostkex<\/strong><\/h2>\n<p><strong>ca 70 st<\/strong><br \/>\n\u00bd tsk salt<br \/>\n100 g sm\u00f6r<br \/>\n1 msk kallt vatten<br \/>\n3 dl vetemj\u00f6l<br \/>\n200 g lagrad riven ost<\/p>\n<\/div><div class=\"fusion-clearfix\"><\/div><\/div><\/div><div class=\"fusion-layout-column fusion_builder_column fusion-builder-column-2 fusion_builder_column_5_6 5_6 fusion-five-sixth fusion-column-first\" style=\"--awb-bg-size:cover;--awb-margin-bottom:0px;width:82.6666%; margin-right: 4%;\"><div class=\"fusion-column-wrapper fusion-flex-column-wrapper-legacy\"><div class=\"fusion-text fusion-text-3\"><p>Blanda riven ost, sm\u00f6r, mj\u00f6l och salt i en matberedare och k\u00f6r snabbt ihop till en deg. Tills\u00e4tt vattnet den sista sekunden. Dela degen p\u00e5 mitten och rulla ut tv\u00e5 lagom tjocka l\u00e4ngder. L\u00e4gg in i kylen ca 1 timme. S\u00e4tt ugnen p\u00e5 225\u00b0. Ta ut degen ur kylen och sk\u00e4r i ca \u00bd cm tjocka skivor. L\u00e4gg p\u00e5 pl\u00e5t med bakpl\u00e5tspapper och gr\u00e4dda mitt i ugnen i ca 8 minuter.<br \/>\nReceptet \u00e4r h\u00e4mtat fr\u00e5n Allt om Mat.<\/p>\n<\/div><div class=\"fusion-clearfix\"><\/div><\/div><\/div><div class=\"fusion-layout-column fusion_builder_column fusion-builder-column-3 fusion_builder_column_1_1 1_1 fusion-one-full fusion-column-last fusion-column-no-min-height\" style=\"--awb-bg-size:cover;--awb-margin-bottom:0px;\"><div class=\"fusion-column-wrapper fusion-flex-column-wrapper-legacy\"><div class=\"fusion-sep-clear\"><\/div><div class=\"fusion-separator fusion-full-width-sep\" style=\"margin-left: auto;margin-right: auto;margin-top:40px;margin-bottom:40px;width:100%;\"><div class=\"fusion-separator-border sep-shadow\" style=\"--awb-height:20px;--awb-amount:20px;background:radial-gradient(ellipse at 50% -50% , #e0dede 0px, rgba(255, 255, 255, 0) 80%) repeat scroll 0 0 rgba(0, 0, 0, 0);background:-webkit-radial-gradient(ellipse at 50% -50% , #e0dede 0px, rgba(255, 255, 255, 0) 80%) repeat scroll 0 0 rgba(0, 0, 0, 0);background:-moz-radial-gradient(ellipse at 50% -50% , #e0dede 0px, rgba(255, 255, 255, 0) 80%) repeat scroll 0 0 rgba(0, 0, 0, 0);background:-o-radial-gradient(ellipse at 50% -50% , #e0dede 0px, rgba(255, 255, 255, 0) 80%) repeat scroll 0 0 rgba(0, 0, 0, 0);\"><\/div><\/div><div class=\"fusion-sep-clear\"><\/div><div class=\"fusion-clearfix\"><\/div><\/div><\/div><\/div><\/div>\n","protected":false},"excerpt":{"rendered":"","protected":false},"author":3,"featured_media":0,"parent":234,"menu_order":272,"comment_status":"open","ping_status":"open","template":"","meta":{"footnotes":""},"class_list":["post-3775","page","type-page","status-publish","hentry"],"_links":{"self":[{"href":"https:\/\/zallan.se\/index.php?rest_route=\/wp\/v2\/pages\/3775","targetHints":{"allow":["GET"]}}],"collection":[{"href":"https:\/\/zallan.se\/index.php?rest_route=\/wp\/v2\/pages"}],"about":[{"href":"https:\/\/zallan.se\/index.php?rest_route=\/wp\/v2\/types\/page"}],"author":[{"embeddable":true,"href":"https:\/\/zallan.se\/index.php?rest_route=\/wp\/v2\/users\/3"}],"replies":[{"embeddable":true,"href":"https:\/\/zallan.se\/index.php?rest_route=%2Fwp%2Fv2%2Fcomments&post=3775"}],"version-history":[{"count":1,"href":"https:\/\/zallan.se\/index.php?rest_route=\/wp\/v2\/pages\/3775\/revisions"}],"predecessor-version":[{"id":6122,"href":"https:\/\/zallan.se\/index.php?rest_route=\/wp\/v2\/pages\/3775\/revisions\/6122"}],"up":[{"embeddable":true,"href":"https:\/\/zallan.se\/index.php?rest_route=\/wp\/v2\/pages\/234"}],"wp:attachment":[{"href":"https:\/\/zallan.se\/index.php?rest_route=%2Fwp%2Fv2%2Fmedia&parent=3775"}],"curies":[{"name":"wp","href":"https:\/\/api.w.org\/{rel}","templated":true}]}}