{"id":3506,"date":"2015-06-08T20:51:26","date_gmt":"2015-06-08T18:51:26","guid":{"rendered":"http:\/\/zallan.se\/?page_id=3506"},"modified":"2019-05-08T19:19:19","modified_gmt":"2019-05-08T17:19:19","slug":"ror-sojabonkram","status":"publish","type":"page","link":"https:\/\/zallan.se\/?page_id=3506","title":{"rendered":"Sojab\u00f6nkr\u00e4m"},"content":{"rendered":"<div class=\"fusion-fullwidth fullwidth-box fusion-builder-row-1 hundred-percent-fullwidth non-hundred-percent-height-scrolling\" style=\"--awb-border-radius-top-left:0px;--awb-border-radius-top-right:0px;--awb-border-radius-bottom-right:0px;--awb-border-radius-bottom-left:0px;--awb-overflow:visible;--awb-flex-wrap:wrap;\" ><div class=\"fusion-builder-row fusion-row\"><div class=\"fusion-layout-column fusion_builder_column fusion-builder-column-0 fusion_builder_column_1_2 1_2 fusion-one-half fusion-column-first\" style=\"--awb-bg-size:cover;width:50%;width:calc(50% - ( ( 4% ) * 0.5 ) );margin-right: 4%;\"><div class=\"fusion-column-wrapper fusion-flex-column-wrapper-legacy\"><div class=\"fusion-text fusion-text-1\"><p><a href=\"http:\/\/zallan.se\/wp-content\/uploads\/2015\/06\/Sojabonkram.jpg\"><img decoding=\"async\" class=\"alignright wp-image-3814 size-full\" src=\"http:\/\/zallan.se\/wp-content\/uploads\/2015\/06\/Sojabonkram.jpg\" alt=\"\" width=\"560\" height=\"420\" srcset=\"https:\/\/zallan.se\/wp-content\/uploads\/2015\/06\/Sojabonkram-180x135.jpg 180w, https:\/\/zallan.se\/wp-content\/uploads\/2015\/06\/Sojabonkram-200x150.jpg 200w, https:\/\/zallan.se\/wp-content\/uploads\/2015\/06\/Sojabonkram-360x270.jpg 360w, https:\/\/zallan.se\/wp-content\/uploads\/2015\/06\/Sojabonkram.jpg 560w\" sizes=\"(max-width: 560px) 100vw, 560px\" \/><\/a><\/p>\n<\/div><div class=\"fusion-clearfix\"><\/div><\/div><\/div><div class=\"fusion-layout-column fusion_builder_column fusion-builder-column-1 fusion_builder_column_1_2 1_2 fusion-one-half fusion-column-last\" style=\"--awb-bg-size:cover;width:50%;width:calc(50% - ( ( 4% ) * 0.5 ) );\"><div class=\"fusion-column-wrapper fusion-flex-column-wrapper-legacy\"><div class=\"fusion-text fusion-text-2\"><h2><strong>Sojab\u00f6nkr\u00e4m<\/strong><\/h2>\n<p><strong>4 pers<\/strong><br \/>\n2 dl frysta sojab\u00f6nor (eller gr\u00f6na \u00e4rter)<br \/>\n1 dl rysk eller liknande yoghurt<br \/>\nca 30 g ruccolasallad<br \/>\n1 pressad vitl\u00f6ksklyfta<br \/>\n\u00bd kruka gr\u00e4sl\u00f6k<br \/>\nev 1 kvist spansk k\u00f6rvel<br \/>\n1 msk olivolja<br \/>\npressad saft av lime eller citron (1-2 tsk)<br \/>\nsalt<br \/>\nnymalen svartpeppar<\/p>\n<\/div><div class=\"fusion-clearfix\"><\/div><\/div><\/div><div class=\"fusion-layout-column fusion_builder_column fusion-builder-column-2 fusion_builder_column_1_1 1_1 fusion-one-full fusion-column-first fusion-column-last\" style=\"--awb-bg-size:cover;--awb-margin-bottom:0px;\"><div class=\"fusion-column-wrapper fusion-flex-column-wrapper-legacy\"><div class=\"fusion-text fusion-text-3\"><p>Sjud sojab\u00f6norna i kokande vatten n\u00e5gon minut. Spola av dem s\u00e5 de svalnar av och l\u00e4gg i en mixer. Tills\u00e4tt grovt hackad ruccolasallad och k\u00f6r n\u00e5gra minuter. Det ska inte bli f\u00f6r finf\u00f6rdelat (tycker jag). L\u00e4gg i grovhackad gr\u00e4sl\u00f6k och spansk k\u00f6rvel (om man har) och k\u00f6r lite till. L\u00e4gg allt i en sk\u00e5l och blanda ner pressad vitl\u00f6k och olivoljan. Tills\u00e4tt lime\/citronsaft och r\u00f6r ner yoghurten. Smaka av med salt och peppar och ev lite mer citrusjuice.<\/p>\n<\/div><div class=\"fusion-clearfix\"><\/div><\/div><\/div><div class=\"fusion-layout-column fusion_builder_column fusion-builder-column-3 fusion_builder_column_1_1 1_1 fusion-one-full fusion-column-first fusion-column-last fusion-column-no-min-height\" style=\"--awb-bg-size:cover;--awb-margin-bottom:0px;\"><div class=\"fusion-column-wrapper fusion-flex-column-wrapper-legacy\"><div class=\"fusion-sep-clear\"><\/div><div class=\"fusion-separator fusion-full-width-sep\" style=\"margin-left: auto;margin-right: auto;margin-top:40px;margin-bottom:40px;width:100%;\"><div class=\"fusion-separator-border sep-shadow\" style=\"--awb-height:20px;--awb-amount:20px;background:radial-gradient(ellipse at 50% -50% , #e0dede 0px, rgba(255, 255, 255, 0) 80%) repeat scroll 0 0 rgba(0, 0, 0, 0);background:-webkit-radial-gradient(ellipse at 50% -50% , #e0dede 0px, rgba(255, 255, 255, 0) 80%) repeat scroll 0 0 rgba(0, 0, 0, 0);background:-moz-radial-gradient(ellipse at 50% -50% , #e0dede 0px, rgba(255, 255, 255, 0) 80%) repeat scroll 0 0 rgba(0, 0, 0, 0);background:-o-radial-gradient(ellipse at 50% -50% , #e0dede 0px, rgba(255, 255, 255, 0) 80%) repeat scroll 0 0 rgba(0, 0, 0, 0);\"><\/div><\/div><div class=\"fusion-sep-clear\"><\/div><div class=\"fusion-clearfix\"><\/div><\/div><\/div><\/div><\/div>\n","protected":false},"excerpt":{"rendered":"","protected":false},"author":3,"featured_media":0,"parent":226,"menu_order":229,"comment_status":"open","ping_status":"open","template":"","meta":{"footnotes":""},"class_list":["post-3506","page","type-page","status-publish","hentry"],"_links":{"self":[{"href":"https:\/\/zallan.se\/index.php?rest_route=\/wp\/v2\/pages\/3506","targetHints":{"allow":["GET"]}}],"collection":[{"href":"https:\/\/zallan.se\/index.php?rest_route=\/wp\/v2\/pages"}],"about":[{"href":"https:\/\/zallan.se\/index.php?rest_route=\/wp\/v2\/types\/page"}],"author":[{"embeddable":true,"href":"https:\/\/zallan.se\/index.php?rest_route=\/wp\/v2\/users\/3"}],"replies":[{"embeddable":true,"href":"https:\/\/zallan.se\/index.php?rest_route=%2Fwp%2Fv2%2Fcomments&post=3506"}],"version-history":[{"count":1,"href":"https:\/\/zallan.se\/index.php?rest_route=\/wp\/v2\/pages\/3506\/revisions"}],"predecessor-version":[{"id":6083,"href":"https:\/\/zallan.se\/index.php?rest_route=\/wp\/v2\/pages\/3506\/revisions\/6083"}],"up":[{"embeddable":true,"href":"https:\/\/zallan.se\/index.php?rest_route=\/wp\/v2\/pages\/226"}],"wp:attachment":[{"href":"https:\/\/zallan.se\/index.php?rest_route=%2Fwp%2Fv2%2Fmedia&parent=3506"}],"curies":[{"name":"wp","href":"https:\/\/api.w.org\/{rel}","templated":true}]}}