{"id":3186,"date":"2015-01-07T18:59:02","date_gmt":"2015-01-07T17:59:02","guid":{"rendered":"http:\/\/zallan.se\/?page_id=3186"},"modified":"2019-05-08T19:17:09","modified_gmt":"2019-05-08T17:17:09","slug":"ror-broccoli-spenatrora","status":"publish","type":"page","link":"https:\/\/zallan.se\/?page_id=3186","title":{"rendered":"Broccoli-spenatr\u00f6ra"},"content":{"rendered":"<div class=\"fusion-fullwidth fullwidth-box fusion-builder-row-1 hundred-percent-fullwidth non-hundred-percent-height-scrolling\" style=\"--awb-border-radius-top-left:0px;--awb-border-radius-top-right:0px;--awb-border-radius-bottom-right:0px;--awb-border-radius-bottom-left:0px;--awb-overflow:visible;--awb-flex-wrap:wrap;\" ><div class=\"fusion-builder-row fusion-row\"><div class=\"fusion-layout-column fusion_builder_column fusion-builder-column-0 fusion_builder_column_1_2 1_2 fusion-one-half fusion-column-first\" style=\"--awb-bg-size:cover;width:50%;width:calc(50% - ( ( 4% ) * 0.5 ) );margin-right: 4%;\"><div class=\"fusion-column-wrapper fusion-flex-column-wrapper-legacy\"><div class=\"fusion-text fusion-text-1\"><p><a href=\"http:\/\/zallan.se\/wp-content\/uploads\/2015\/01\/broccoli-spenatrora-klar.jpg\"><img decoding=\"async\" class=\"alignleft size-full wp-image-3172\" src=\"http:\/\/zallan.se\/wp-content\/uploads\/2015\/01\/broccoli-spenatrora-klar.jpg\" alt=\"broccoli-spenatrora-klar.jpg\" width=\"560\" height=\"560\" srcset=\"https:\/\/zallan.se\/wp-content\/uploads\/2015\/01\/broccoli-spenatrora-klar-66x66.jpg 66w, https:\/\/zallan.se\/wp-content\/uploads\/2015\/01\/broccoli-spenatrora-klar-270x270.jpg 270w, https:\/\/zallan.se\/wp-content\/uploads\/2015\/01\/broccoli-spenatrora-klar.jpg 560w\" sizes=\"(max-width: 560px) 100vw, 560px\" \/><\/a><\/p>\n<\/div><div class=\"fusion-clearfix\"><\/div><\/div><\/div><div class=\"fusion-layout-column fusion_builder_column fusion-builder-column-1 fusion_builder_column_1_2 1_2 fusion-one-half fusion-column-last\" style=\"--awb-bg-size:cover;width:50%;width:calc(50% - ( ( 4% ) * 0.5 ) );\"><div class=\"fusion-column-wrapper fusion-flex-column-wrapper-legacy\"><div class=\"fusion-text fusion-text-2\"><h2><strong>Broccoli-spenatr\u00f6ra<\/strong><\/h2>\n<p><strong>8 pers<\/strong><br \/>\n250 g broccoli<br \/>\n100 f\u00e4rsk babyspenat<br \/>\n1 tsk \u00e4ppelcidervin\u00e4ger<br \/>\n1 pressad vitl\u00f6ksklyfta<br \/>\n\u00bd-1 dl riven v\u00e4sterbottensost<br \/>\n\u00bd dl rapsolja<\/p>\n<\/div><div class=\"fusion-clearfix\"><\/div><\/div><\/div><div class=\"fusion-layout-column fusion_builder_column fusion-builder-column-2 fusion_builder_column_1_1 1_1 fusion-one-full fusion-column-first fusion-column-last\" style=\"--awb-bg-size:cover;--awb-margin-bottom:0px;\"><div class=\"fusion-column-wrapper fusion-flex-column-wrapper-legacy\"><div class=\"fusion-text fusion-text-3\"><p>Ansa broccolin och sk\u00e4r den i sm\u00e5 bitar. Koka den i l\u00e4ttsaltat vatten n\u00e5gra minuter tills den \u00e4r mjuk. Sk\u00f6lj spenaten och ta bort ev grova stj\u00e4lkar. Ta kastrullen fr\u00e5n plattan n\u00e4r broccolin \u00e4r mjuk och v\u00e4nd ner spenatbladen. H\u00e4ll genast \u00f6ver allt i ett durkslag, s\u00e5 spenaten inte blir sladdrig, och spola med kallt vatten. L\u00e4gg allt i en mixer och k\u00f6r till en sl\u00e4t pur\u00e9. Sl\u00e5 \u00f6ver i en bunke och smaks\u00e4tt med vin\u00e4ger och pressad vitl\u00f6k. Tills\u00e4tt oljan lite i taget. Sist r\u00f6rs osten i. Smaka av med salt och svartpeppar. Vill man ha lite sting i r\u00f6ran kan man smaks\u00e4tta med lite wasabipulver.<br \/>\nDen h\u00e4r r\u00f6ran blir \u00e4ven j\u00e4ttegod till stekt fisk.<\/p>\n<\/div><div class=\"fusion-clearfix\"><\/div><\/div><\/div><div class=\"fusion-layout-column fusion_builder_column fusion-builder-column-3 fusion_builder_column_1_1 1_1 fusion-one-full fusion-column-first fusion-column-last fusion-column-no-min-height\" style=\"--awb-bg-size:cover;--awb-margin-bottom:0px;\"><div class=\"fusion-column-wrapper fusion-flex-column-wrapper-legacy\"><div class=\"fusion-sep-clear\"><\/div><div class=\"fusion-separator fusion-full-width-sep\" style=\"margin-left: auto;margin-right: auto;margin-top:40px;margin-bottom:40px;width:100%;\"><div class=\"fusion-separator-border sep-shadow\" style=\"--awb-height:20px;--awb-amount:20px;background:radial-gradient(ellipse at 50% -50% , #e0dede 0px, rgba(255, 255, 255, 0) 80%) repeat scroll 0 0 rgba(0, 0, 0, 0);background:-webkit-radial-gradient(ellipse at 50% -50% , #e0dede 0px, rgba(255, 255, 255, 0) 80%) repeat scroll 0 0 rgba(0, 0, 0, 0);background:-moz-radial-gradient(ellipse at 50% -50% , #e0dede 0px, rgba(255, 255, 255, 0) 80%) repeat scroll 0 0 rgba(0, 0, 0, 0);background:-o-radial-gradient(ellipse at 50% -50% , #e0dede 0px, rgba(255, 255, 255, 0) 80%) repeat scroll 0 0 rgba(0, 0, 0, 0);\"><\/div><\/div><div class=\"fusion-sep-clear\"><\/div><div class=\"fusion-clearfix\"><\/div><\/div><\/div><\/div><\/div>\n","protected":false},"excerpt":{"rendered":"","protected":false},"author":3,"featured_media":0,"parent":226,"menu_order":227,"comment_status":"open","ping_status":"open","template":"","meta":{"footnotes":""},"class_list":["post-3186","page","type-page","status-publish","hentry"],"_links":{"self":[{"href":"https:\/\/zallan.se\/index.php?rest_route=\/wp\/v2\/pages\/3186","targetHints":{"allow":["GET"]}}],"collection":[{"href":"https:\/\/zallan.se\/index.php?rest_route=\/wp\/v2\/pages"}],"about":[{"href":"https:\/\/zallan.se\/index.php?rest_route=\/wp\/v2\/types\/page"}],"author":[{"embeddable":true,"href":"https:\/\/zallan.se\/index.php?rest_route=\/wp\/v2\/users\/3"}],"replies":[{"embeddable":true,"href":"https:\/\/zallan.se\/index.php?rest_route=%2Fwp%2Fv2%2Fcomments&post=3186"}],"version-history":[{"count":1,"href":"https:\/\/zallan.se\/index.php?rest_route=\/wp\/v2\/pages\/3186\/revisions"}],"predecessor-version":[{"id":6080,"href":"https:\/\/zallan.se\/index.php?rest_route=\/wp\/v2\/pages\/3186\/revisions\/6080"}],"up":[{"embeddable":true,"href":"https:\/\/zallan.se\/index.php?rest_route=\/wp\/v2\/pages\/226"}],"wp:attachment":[{"href":"https:\/\/zallan.se\/index.php?rest_route=%2Fwp%2Fv2%2Fmedia&parent=3186"}],"curies":[{"name":"wp","href":"https:\/\/api.w.org\/{rel}","templated":true}]}}