{"id":3119,"date":"2014-11-01T16:56:35","date_gmt":"2014-11-01T15:56:35","guid":{"rendered":"http:\/\/zallan.se\/?page_id=3119"},"modified":"2019-05-08T17:22:28","modified_gmt":"2019-05-08T15:22:28","slug":"mat-enkla-baguetter","status":"publish","type":"page","link":"https:\/\/zallan.se\/?page_id=3119","title":{"rendered":"Enkla baguetter"},"content":{"rendered":"<div class=\"fusion-fullwidth fullwidth-box fusion-builder-row-1 hundred-percent-fullwidth non-hundred-percent-height-scrolling\" style=\"--awb-border-radius-top-left:0px;--awb-border-radius-top-right:0px;--awb-border-radius-bottom-right:0px;--awb-border-radius-bottom-left:0px;--awb-overflow:visible;--awb-flex-wrap:wrap;\" ><div class=\"fusion-builder-row fusion-row\"><div class=\"fusion-layout-column fusion_builder_column fusion-builder-column-0 fusion_builder_column_1_2 1_2 fusion-one-half fusion-column-first\" style=\"--awb-bg-size:cover;width:50%;width:calc(50% - ( ( 4% ) * 0.5 ) );margin-right: 4%;\"><div class=\"fusion-column-wrapper fusion-flex-column-wrapper-legacy\"><div class=\"fusion-text fusion-text-1\"><p><img decoding=\"async\" class=\"alignnone size-full wp-image-3108\" src=\"http:\/\/zallan.se\/wp-content\/uploads\/2014\/11\/enkla-baguetter5454e7e2ef33f.jpg\" alt=\"\" width=\"560\" height=\"300\" srcset=\"https:\/\/zallan.se\/wp-content\/uploads\/2014\/11\/enkla-baguetter5454e7e2ef33f-360x193.jpg 360w, https:\/\/zallan.se\/wp-content\/uploads\/2014\/11\/enkla-baguetter5454e7e2ef33f.jpg 560w\" sizes=\"(max-width: 560px) 100vw, 560px\" \/><\/p>\n<\/div><div class=\"fusion-clearfix\"><\/div><\/div><\/div><div class=\"fusion-layout-column fusion_builder_column fusion-builder-column-1 fusion_builder_column_1_2 1_2 fusion-one-half fusion-column-last\" style=\"--awb-bg-size:cover;width:50%;width:calc(50% - ( ( 4% ) * 0.5 ) );\"><div class=\"fusion-column-wrapper fusion-flex-column-wrapper-legacy\"><div class=\"fusion-text fusion-text-2\"><h2><strong>Enkla baguetter<\/strong><\/h2>\n<p><strong>4 st<\/strong><br \/>\n25 g j\u00e4st<br \/>\n2 tsk havssalt<br \/>\n6 dl fingervarmt vatten (37 grader)<br \/>\n11 dl (660 g) vetemj\u00f6l special eller dinkelmj\u00f6l eller h\u00e4lften av varje<br \/>\n1 dl (60 g) vetemj\u00f6l special till utbakning<\/p>\n<\/div><div class=\"fusion-clearfix\"><\/div><\/div><\/div><div class=\"fusion-layout-column fusion_builder_column fusion-builder-column-2 fusion_builder_column_1_2 1_2 fusion-one-half fusion-column-first\" style=\"--awb-bg-size:cover;width:48%; margin-right: 4%;\"><div class=\"fusion-column-wrapper fusion-flex-column-wrapper-legacy\"><div class=\"fusion-text fusion-text-3\"><p>Smula ner j\u00e4sten i en degbunke. V\u00e4rm vattnet till ca 36\u00b0. Sl\u00e5 lite \u00f6ver j\u00e4sten och r\u00f6r tills den l\u00f6st sig. Tills\u00e4tt mj\u00f6let och k\u00f6r maskinen n\u00e5gra minuter p\u00e5 h\u00f6g hastighet och tills\u00e4tt sedan saltet. K\u00f6r ytterligare n\u00e5gra minuter tills allt blandats ordentligt. Degen ska vara ganska [\u00f6s i konsistensen. T\u00e4ck degbunken med en bakduk och l\u00e5t degen j\u00e4sa i 2-3 timmar.<br \/>\nV\u00e4rm ugnen till 250\u00b0 St\u00e4ll samtidigt in en pl\u00e5t i nedre delen av ugnen. Eller anv\u00e4nd en baksten.<br \/>\nH\u00e4ll ut degen p\u00e5 ett mj\u00f6lat bord och dela den i 4 delar. Kn\u00e5da inte. Dra ut varje bit till baguetteform och vrid dem n\u00e5gra varv. L\u00e4gg p\u00e5 en pl\u00e5t med bakpl\u00e5tspapper eller anv\u00e4nd en baguettepl\u00e5t och l\u00e5t j\u00e4sa under bakduk ytterligare 15 min. F\u00f6r \u00f6ver bakpl\u00e5tspappret eller baguettepl\u00e5ten till den heta pl\u00e5ten. Sl\u00e4ng g\u00e4rna in en kopp vatten p\u00e5 ugnsbottnen, s\u00e5 f\u00e5r man en fin skorpa p\u00e5 br\u00f6den. Gr\u00e4dda sedan ca 15 minuter, \u00f6ppna ugnsluckan och sl\u00e4pp ut \u00e5ngan ur ugnen, s\u00e4nk v\u00e4rmen till 150 grader och gr\u00e4dda ytterligare 15 minuter.<\/p>\n<\/div><div class=\"fusion-clearfix\"><\/div><\/div><\/div><div class=\"fusion-layout-column fusion_builder_column fusion-builder-column-3 fusion_builder_column_1_1 1_1 fusion-one-full fusion-column-last fusion-column-no-min-height\" style=\"--awb-bg-size:cover;--awb-margin-bottom:0px;\"><div class=\"fusion-column-wrapper fusion-flex-column-wrapper-legacy\"><div class=\"fusion-sep-clear\"><\/div><div class=\"fusion-separator fusion-full-width-sep\" style=\"margin-left: auto;margin-right: auto;margin-top:40px;margin-bottom:40px;width:100%;\"><div class=\"fusion-separator-border sep-shadow\" style=\"--awb-height:20px;--awb-amount:20px;background:radial-gradient(ellipse at 50% -50% , #e0dede 0px, rgba(255, 255, 255, 0) 80%) repeat scroll 0 0 rgba(0, 0, 0, 0);background:-webkit-radial-gradient(ellipse at 50% -50% , #e0dede 0px, rgba(255, 255, 255, 0) 80%) repeat scroll 0 0 rgba(0, 0, 0, 0);background:-moz-radial-gradient(ellipse at 50% -50% , #e0dede 0px, rgba(255, 255, 255, 0) 80%) repeat scroll 0 0 rgba(0, 0, 0, 0);background:-o-radial-gradient(ellipse at 50% -50% , #e0dede 0px, rgba(255, 255, 255, 0) 80%) repeat scroll 0 0 rgba(0, 0, 0, 0);\"><\/div><\/div><div class=\"fusion-sep-clear\"><\/div><div class=\"fusion-clearfix\"><\/div><\/div><\/div><\/div><\/div>\n","protected":false},"excerpt":{"rendered":"","protected":false},"author":3,"featured_media":0,"parent":221,"menu_order":170,"comment_status":"open","ping_status":"open","template":"","meta":{"footnotes":""},"class_list":["post-3119","page","type-page","status-publish","hentry"],"_links":{"self":[{"href":"https:\/\/zallan.se\/index.php?rest_route=\/wp\/v2\/pages\/3119","targetHints":{"allow":["GET"]}}],"collection":[{"href":"https:\/\/zallan.se\/index.php?rest_route=\/wp\/v2\/pages"}],"about":[{"href":"https:\/\/zallan.se\/index.php?rest_route=\/wp\/v2\/types\/page"}],"author":[{"embeddable":true,"href":"https:\/\/zallan.se\/index.php?rest_route=\/wp\/v2\/users\/3"}],"replies":[{"embeddable":true,"href":"https:\/\/zallan.se\/index.php?rest_route=%2Fwp%2Fv2%2Fcomments&post=3119"}],"version-history":[{"count":1,"href":"https:\/\/zallan.se\/index.php?rest_route=\/wp\/v2\/pages\/3119\/revisions"}],"predecessor-version":[{"id":6023,"href":"https:\/\/zallan.se\/index.php?rest_route=\/wp\/v2\/pages\/3119\/revisions\/6023"}],"up":[{"embeddable":true,"href":"https:\/\/zallan.se\/index.php?rest_route=\/wp\/v2\/pages\/221"}],"wp:attachment":[{"href":"https:\/\/zallan.se\/index.php?rest_route=%2Fwp%2Fv2%2Fmedia&parent=3119"}],"curies":[{"name":"wp","href":"https:\/\/api.w.org\/{rel}","templated":true}]}}