{"id":3032,"date":"2014-10-19T14:03:58","date_gmt":"2014-10-19T12:03:58","guid":{"rendered":"http:\/\/zallan.se\/?page_id=3032"},"modified":"2019-05-08T11:55:49","modified_gmt":"2019-05-08T09:55:49","slug":"eft-havtornsglassbomb","status":"publish","type":"page","link":"https:\/\/zallan.se\/?page_id=3032","title":{"rendered":"Havtornsglassbomb"},"content":{"rendered":"<div class=\"fusion-fullwidth fullwidth-box fusion-builder-row-1 hundred-percent-fullwidth non-hundred-percent-height-scrolling\" style=\"--awb-border-radius-top-left:0px;--awb-border-radius-top-right:0px;--awb-border-radius-bottom-right:0px;--awb-border-radius-bottom-left:0px;--awb-overflow:visible;--awb-flex-wrap:wrap;\" ><div class=\"fusion-builder-row fusion-row\"><div class=\"fusion-layout-column fusion_builder_column fusion-builder-column-0 fusion_builder_column_1_2 1_2 fusion-one-half fusion-column-first\" style=\"--awb-bg-size:cover;width:50%;width:calc(50% - ( ( 4% ) * 0.5 ) );margin-right: 4%;\"><div class=\"fusion-column-wrapper fusion-flex-column-wrapper-legacy\"><div class=\"fusion-text fusion-text-1\"><p><img decoding=\"async\" class=\"alignnone size-medium wp-image-3031\" src=\"http:\/\/zallan.se\/wp-content\/uploads\/2014\/10\/Havtornsglassbomb5443a3192eee5-310x270.jpg\" alt=\"\" width=\"310\" height=\"270\" srcset=\"https:\/\/zallan.se\/wp-content\/uploads\/2014\/10\/Havtornsglassbomb5443a3192eee5-310x270.jpg 310w, https:\/\/zallan.se\/wp-content\/uploads\/2014\/10\/Havtornsglassbomb5443a3192eee5.jpg 560w\" sizes=\"(max-width: 310px) 100vw, 310px\" \/><\/p>\n<\/div><div class=\"fusion-clearfix\"><\/div><\/div><\/div><div class=\"fusion-layout-column fusion_builder_column fusion-builder-column-1 fusion_builder_column_1_2 1_2 fusion-one-half fusion-column-last\" style=\"--awb-bg-size:cover;width:50%;width:calc(50% - ( ( 4% ) * 0.5 ) );\"><div class=\"fusion-column-wrapper fusion-flex-column-wrapper-legacy\"><div class=\"fusion-text fusion-text-2\"><h2><strong>Havtornsglassbomb<\/strong><\/h2>\n<p><strong>8-10 portioner<\/strong><br \/>\n1 dl str\u00f6socker<br \/>\n2 dl havtornsjuice (sur)<br \/>\n10 \u00e4ggulor<br \/>\n200 vit choklad, hackad<br \/>\n5 dl vispgr\u00e4dde<br \/>\n<em>Sorbet:<\/em><br \/>\n2 dl havtornsjuice (sur)<br \/>\n3 dl vatten<br \/>\n2\u00bd dl str\u00f6socker<br \/>\n1 \u00e4ggvita<\/p>\n<\/div><div class=\"fusion-clearfix\"><\/div><\/div><\/div><div class=\"fusion-layout-column fusion_builder_column fusion-builder-column-2 fusion_builder_column_1_2 1_2 fusion-one-half fusion-column-first\" style=\"--awb-bg-size:cover;width:48%; margin-right: 4%;\"><div class=\"fusion-column-wrapper fusion-flex-column-wrapper-legacy\"><div class=\"fusion-text fusion-text-3\"><p>H\u00e4ll socker och havtornsjuice i en kastrull och v\u00e4rm upp f\u00f6rsiktigt, s\u00e5 inte vitaminerna f\u00f6rsvinner. R\u00f6r tills sockret l\u00f6st sig. R\u00f6r ner \u00e4ggulorna, en i taget, varma saften under kraftig vispning. Sjud kr\u00e4men under st\u00e4ndig vispning tills den tjocknar. Om man \u00e4r os\u00e4ker och vill undvika \u00e4ggr\u00f6ra kan man s\u00e4tta kastrullen i ett vattenbad och vispa tills kr\u00e4men tjocknar. Det tar 15-20 minuter. R\u00f6r ner den hackade vita chokladen och r\u00f6r tills allt sm\u00e4lt. Kyl ner smeten i kylsk\u00e5p n\u00e5gra timmar. Vispa gr\u00e4dden l\u00e4tt och v\u00e4nd ner i den kalla smeten. K\u00f6r sedan i glassmaskin. Eller l\u00e5t blandningen st\u00e5 i kylen \u00f6ver natten innan den k\u00f6rs i glassmaskin. Plasta en ganska stor bunke och l\u00e4gg i glassen. Ta en mindre bunke, som passar i den stora, plasta den runt om p\u00e5 utsidan och tryck sedan ner den i glassmeten i den st\u00f6rre bunken. St\u00e4ll i frysen.<br \/>\nTill sorbeten kokas str\u00f6socker och vatten till en sockerlag. L\u00e5t svalna och h\u00e4ll sedan i den sura havtornsjuicen. Vispa vitan till h\u00e5rt skum och blanda ner. K\u00f6r massan i glassmaskin tills sorbeten \u00e4r fryst. Ta fram bunkarna med glassen och lyft ur den mindre. Fyll h\u00e5let med sorbet och t\u00e4ck sedan med glass, s\u00e5 en botten bildas. Jag tog undan lite smet n\u00e4r glassen var klar och bredde ut i en form lagom stor som lock. Sedan var det bara att passa in locket ovanp\u00e5 sorbeten. Sorbeten tinar mycket snabbare \u00e4n glassen och p\u00e5 s\u00e5 s\u00e4tt rinner den inte ut s\u00e5 snabbt p\u00e5 fatet n\u00e4r man tagit fram den ur frysen. Dekorera med \u00e4tliga blommor och f\u00e4rska b\u00e4r. Jag anv\u00e4nde bj\u00f6rnb\u00e4r.<\/p>\n<\/div><div class=\"fusion-clearfix\"><\/div><\/div><\/div><div class=\"fusion-layout-column fusion_builder_column fusion-builder-column-3 fusion_builder_column_1_1 1_1 fusion-one-full fusion-column-last fusion-column-no-min-height\" style=\"--awb-bg-size:cover;--awb-margin-bottom:0px;\"><div class=\"fusion-column-wrapper fusion-flex-column-wrapper-legacy\"><div class=\"fusion-sep-clear\"><\/div><div class=\"fusion-separator fusion-full-width-sep\" style=\"margin-left: auto;margin-right: auto;margin-top:40px;margin-bottom:40px;width:100%;\"><div class=\"fusion-separator-border sep-shadow\" style=\"--awb-height:20px;--awb-amount:20px;background:radial-gradient(ellipse at 50% -50% , #e0dede 0px, rgba(255, 255, 255, 0) 80%) repeat scroll 0 0 rgba(0, 0, 0, 0);background:-webkit-radial-gradient(ellipse at 50% -50% , #e0dede 0px, rgba(255, 255, 255, 0) 80%) repeat scroll 0 0 rgba(0, 0, 0, 0);background:-moz-radial-gradient(ellipse at 50% -50% , #e0dede 0px, rgba(255, 255, 255, 0) 80%) repeat scroll 0 0 rgba(0, 0, 0, 0);background:-o-radial-gradient(ellipse at 50% -50% , #e0dede 0px, rgba(255, 255, 255, 0) 80%) repeat scroll 0 0 rgba(0, 0, 0, 0);\"><\/div><\/div><div class=\"fusion-sep-clear\"><\/div><div class=\"fusion-clearfix\"><\/div><\/div><\/div><\/div><\/div>\n","protected":false},"excerpt":{"rendered":"","protected":false},"author":3,"featured_media":0,"parent":210,"menu_order":52,"comment_status":"open","ping_status":"open","template":"","meta":{"footnotes":""},"class_list":["post-3032","page","type-page","status-publish","hentry"],"_links":{"self":[{"href":"https:\/\/zallan.se\/index.php?rest_route=\/wp\/v2\/pages\/3032","targetHints":{"allow":["GET"]}}],"collection":[{"href":"https:\/\/zallan.se\/index.php?rest_route=\/wp\/v2\/pages"}],"about":[{"href":"https:\/\/zallan.se\/index.php?rest_route=\/wp\/v2\/types\/page"}],"author":[{"embeddable":true,"href":"https:\/\/zallan.se\/index.php?rest_route=\/wp\/v2\/users\/3"}],"replies":[{"embeddable":true,"href":"https:\/\/zallan.se\/index.php?rest_route=%2Fwp%2Fv2%2Fcomments&post=3032"}],"version-history":[{"count":2,"href":"https:\/\/zallan.se\/index.php?rest_route=\/wp\/v2\/pages\/3032\/revisions"}],"predecessor-version":[{"id":5906,"href":"https:\/\/zallan.se\/index.php?rest_route=\/wp\/v2\/pages\/3032\/revisions\/5906"}],"up":[{"embeddable":true,"href":"https:\/\/zallan.se\/index.php?rest_route=\/wp\/v2\/pages\/210"}],"wp:attachment":[{"href":"https:\/\/zallan.se\/index.php?rest_route=%2Fwp%2Fv2%2Fmedia&parent=3032"}],"curies":[{"name":"wp","href":"https:\/\/api.w.org\/{rel}","templated":true}]}}