{"id":2612,"date":"2014-09-21T19:23:46","date_gmt":"2014-09-21T17:23:46","guid":{"rendered":"http:\/\/zallan.se\/?page_id=2612"},"modified":"2019-05-08T19:02:50","modified_gmt":"2019-05-08T17:02:50","slug":"mju-superenkel-appelkaka","status":"publish","type":"page","link":"https:\/\/zallan.se\/?page_id=2612","title":{"rendered":"Superenkel \u00e4ppelkaka"},"content":{"rendered":"<div class=\"fusion-fullwidth fullwidth-box fusion-builder-row-1 hundred-percent-fullwidth non-hundred-percent-height-scrolling\" style=\"--awb-border-radius-top-left:0px;--awb-border-radius-top-right:0px;--awb-border-radius-bottom-right:0px;--awb-border-radius-bottom-left:0px;--awb-overflow:visible;--awb-padding-right:30px;--awb-padding-left:30px;--awb-flex-wrap:wrap;\" ><div class=\"fusion-builder-row fusion-row\"><div class=\"fusion-layout-column fusion_builder_column fusion-builder-column-0 fusion_builder_column_1_2 1_2 fusion-one-half fusion-column-first\" style=\"--awb-bg-size:cover;width:50%;width:calc(50% - ( ( 4% ) * 0.5 ) );margin-right: 4%;\"><div class=\"fusion-column-wrapper fusion-flex-column-wrapper-legacy\"><div class=\"fusion-text fusion-text-1\"><p><img decoding=\"async\" class=\"alignnone size-full wp-image-2967\" src=\"http:\/\/zallan.se\/wp-content\/uploads\/2014\/09\/Superenkel-appelkaka.jpg\" alt=\"\" width=\"560\" height=\"420\" srcset=\"https:\/\/zallan.se\/wp-content\/uploads\/2014\/09\/Superenkel-appelkaka-180x135.jpg 180w, https:\/\/zallan.se\/wp-content\/uploads\/2014\/09\/Superenkel-appelkaka-200x150.jpg 200w, https:\/\/zallan.se\/wp-content\/uploads\/2014\/09\/Superenkel-appelkaka-360x270.jpg 360w, https:\/\/zallan.se\/wp-content\/uploads\/2014\/09\/Superenkel-appelkaka.jpg 560w\" sizes=\"(max-width: 560px) 100vw, 560px\" \/><\/p>\n<\/div><div class=\"fusion-clearfix\"><\/div><\/div><\/div><div class=\"fusion-layout-column fusion_builder_column fusion-builder-column-1 fusion_builder_column_1_2 1_2 fusion-one-half fusion-column-last\" style=\"--awb-bg-size:cover;width:50%;width:calc(50% - ( ( 4% ) * 0.5 ) );\"><div class=\"fusion-column-wrapper fusion-flex-column-wrapper-legacy\"><div class=\"fusion-text fusion-text-2\"><h2><strong>Superenkel \u00e4ppelkaka<\/strong><\/h2>\n<p><strong>1 st<\/strong><br \/>\n2 \u00e4gg<br \/>\n2 dl str\u00f6socker<br \/>\n135 g vetemj\u00f6l<br \/>\n\u00bd tsk bakpulver<br \/>\n250 g \u00e4pplen<br \/>\n1 tsk kanel<br \/>\n\u00bd tsk mald kardemumma<br \/>\n100-125 g sm\u00f6r<\/p>\n<\/div><div class=\"fusion-clearfix\"><\/div><\/div><\/div><div class=\"fusion-layout-column fusion_builder_column fusion-builder-column-2 fusion_builder_column_2_3 2_3 fusion-two-third fusion-column-first\" style=\"--awb-bg-size:cover;width:65.3333%; margin-right: 4%;\"><div class=\"fusion-column-wrapper fusion-flex-column-wrapper-legacy\"><div class=\"fusion-text fusion-text-3\"><p>S\u00e4tt ugnen p\u00e5 175 grader. Sm\u00f6ra en form, ca 28 cm i diameter, mycket v\u00e4l.<br \/>\nVispa \u00e4gg och socker p\u00f6sigt. Blanda vetemj\u00f6l och bakpulver och r\u00f6r ner i \u00e4gg-sockerblandningen. H\u00e4ll smeten i den v\u00e4lsmorda formen.<a href=\"http:\/\/zallan.se\/wp-content\/uploads\/2014\/09\/applen-cox-pomona-200x150.jpg\"><img decoding=\"async\" class=\"alignright wp-image-2971 size-full\" src=\"http:\/\/zallan.se\/wp-content\/uploads\/2014\/09\/applen-cox-pomona-200x150.jpg\" alt=\"\" width=\"200\" height=\"150\" srcset=\"https:\/\/zallan.se\/wp-content\/uploads\/2014\/09\/applen-cox-pomona-200x150-180x135.jpg 180w, https:\/\/zallan.se\/wp-content\/uploads\/2014\/09\/applen-cox-pomona-200x150.jpg 200w\" sizes=\"(max-width: 200px) 100vw, 200px\" \/><\/a><br \/>\nKlyfta \u00e4pplena ganska tunt och blanda dem med kanel och kardemumma i en plastp\u00e5se. Skaka om ordentligt och tryck sedan ner \u00e4ppelklyftorna i smeten i ett snyggt m\u00f6nster. Hyvla sm\u00f6ret med en osthyvel och l\u00e4gg ovanp\u00e5 kakan. Gr\u00e4dda i 35-40 minuter i nedre delen av ugnen. Servera med vaniljs\u00e5s eller vispad gr\u00e4dde.<br \/>\n\u00c4pplena p\u00e5 bilden \u00e4r cox pomona fr\u00e5n eget tr\u00e4d.<\/p>\n<\/div><div class=\"fusion-clearfix\"><\/div><\/div><\/div><div class=\"fusion-layout-column fusion_builder_column fusion-builder-column-3 fusion_builder_column_1_1 1_1 fusion-one-full fusion-column-last fusion-column-no-min-height\" style=\"--awb-bg-size:cover;--awb-margin-bottom:0px;\"><div class=\"fusion-column-wrapper fusion-flex-column-wrapper-legacy\"><div class=\"fusion-sep-clear\"><\/div><div class=\"fusion-separator fusion-full-width-sep\" style=\"margin-left: auto;margin-right: auto;margin-top:40px;margin-bottom:40px;width:100%;\"><div class=\"fusion-separator-border sep-shadow\" style=\"--awb-height:20px;--awb-amount:20px;background:radial-gradient(ellipse at 50% -50% , #e0dede 0px, rgba(255, 255, 255, 0) 80%) repeat scroll 0 0 rgba(0, 0, 0, 0);background:-webkit-radial-gradient(ellipse at 50% -50% , #e0dede 0px, rgba(255, 255, 255, 0) 80%) repeat scroll 0 0 rgba(0, 0, 0, 0);background:-moz-radial-gradient(ellipse at 50% -50% , #e0dede 0px, rgba(255, 255, 255, 0) 80%) repeat scroll 0 0 rgba(0, 0, 0, 0);background:-o-radial-gradient(ellipse at 50% -50% , #e0dede 0px, rgba(255, 255, 255, 0) 80%) repeat scroll 0 0 rgba(0, 0, 0, 0);\"><\/div><\/div><div class=\"fusion-sep-clear\"><\/div><div class=\"fusion-clearfix\"><\/div><\/div><\/div><\/div><\/div>\n","protected":false},"excerpt":{"rendered":"","protected":false},"author":3,"featured_media":0,"parent":223,"menu_order":211,"comment_status":"open","ping_status":"open","template":"100-width.php","meta":{"footnotes":""},"class_list":["post-2612","page","type-page","status-publish","hentry"],"_links":{"self":[{"href":"https:\/\/zallan.se\/index.php?rest_route=\/wp\/v2\/pages\/2612","targetHints":{"allow":["GET"]}}],"collection":[{"href":"https:\/\/zallan.se\/index.php?rest_route=\/wp\/v2\/pages"}],"about":[{"href":"https:\/\/zallan.se\/index.php?rest_route=\/wp\/v2\/types\/page"}],"author":[{"embeddable":true,"href":"https:\/\/zallan.se\/index.php?rest_route=\/wp\/v2\/users\/3"}],"replies":[{"embeddable":true,"href":"https:\/\/zallan.se\/index.php?rest_route=%2Fwp%2Fv2%2Fcomments&post=2612"}],"version-history":[{"count":1,"href":"https:\/\/zallan.se\/index.php?rest_route=\/wp\/v2\/pages\/2612\/revisions"}],"predecessor-version":[{"id":6072,"href":"https:\/\/zallan.se\/index.php?rest_route=\/wp\/v2\/pages\/2612\/revisions\/6072"}],"up":[{"embeddable":true,"href":"https:\/\/zallan.se\/index.php?rest_route=\/wp\/v2\/pages\/223"}],"wp:attachment":[{"href":"https:\/\/zallan.se\/index.php?rest_route=%2Fwp%2Fv2%2Fmedia&parent=2612"}],"curies":[{"name":"wp","href":"https:\/\/api.w.org\/{rel}","templated":true}]}}