{"id":2599,"date":"2014-09-20T17:51:20","date_gmt":"2014-09-20T15:51:20","guid":{"rendered":"http:\/\/zallan.se\/?page_id=2599"},"modified":"2019-05-08T11:39:18","modified_gmt":"2019-05-08T09:39:18","slug":"dri-havtornssmoothie","status":"publish","type":"page","link":"https:\/\/zallan.se\/?page_id=2599","title":{"rendered":"Havtornssmoothie"},"content":{"rendered":"<div class=\"fusion-fullwidth fullwidth-box fusion-builder-row-1 hundred-percent-fullwidth non-hundred-percent-height-scrolling\" style=\"--awb-border-radius-top-left:0px;--awb-border-radius-top-right:0px;--awb-border-radius-bottom-right:0px;--awb-border-radius-bottom-left:0px;--awb-overflow:visible;--awb-padding-right:30px;--awb-padding-left:30px;--awb-flex-wrap:wrap;\" ><div class=\"fusion-builder-row fusion-row\"><div class=\"fusion-layout-column fusion_builder_column fusion-builder-column-0 fusion_builder_column_1_2 1_2 fusion-one-half fusion-column-first\" style=\"--awb-bg-size:cover;width:50%;width:calc(50% - ( ( 4% ) * 0.5 ) );margin-right: 4%;\"><div class=\"fusion-column-wrapper fusion-flex-column-wrapper-legacy\"><div class=\"fusion-text fusion-text-1\"><p><img decoding=\"async\" class=\"alignnone size-full wp-image-4107\" src=\"http:\/\/zallan.se\/wp-content\/uploads\/2013\/11\/Havtornssmoothie2.jpg\" alt=\"\" width=\"560\" height=\"420\" srcset=\"https:\/\/zallan.se\/wp-content\/uploads\/2013\/11\/Havtornssmoothie2-180x135.jpg 180w, https:\/\/zallan.se\/wp-content\/uploads\/2013\/11\/Havtornssmoothie2-200x150.jpg 200w, https:\/\/zallan.se\/wp-content\/uploads\/2013\/11\/Havtornssmoothie2-400x300.jpg 400w, https:\/\/zallan.se\/wp-content\/uploads\/2013\/11\/Havtornssmoothie2.jpg 560w\" sizes=\"(max-width: 560px) 100vw, 560px\" \/><\/p>\n<\/div><div class=\"fusion-clearfix\"><\/div><\/div><\/div><div class=\"fusion-layout-column fusion_builder_column fusion-builder-column-1 fusion_builder_column_1_2 1_2 fusion-one-half fusion-column-last\" style=\"--awb-bg-size:cover;width:50%;width:calc(50% - ( ( 4% ) * 0.5 ) );\"><div class=\"fusion-column-wrapper fusion-flex-column-wrapper-legacy\"><div class=\"fusion-text fusion-text-2\"><h2><strong>Havtornssmoothie<\/strong><\/h2>\n<p><strong>2 st<\/strong><br \/>\n2 dl havtornsjuice<br \/>\n2 dl mild naturell yoghurt<br \/>\n1 banan<br \/>\n1 r\u00e5gad msk honung<\/p>\n<\/div><div class=\"fusion-clearfix\"><\/div><\/div><\/div><div class=\"fusion-layout-column fusion_builder_column fusion-builder-column-2 fusion_builder_column_2_3 2_3 fusion-two-third fusion-column-first\" style=\"--awb-bg-size:cover;width:65.3333%; margin-right: 4%;\"><div class=\"fusion-column-wrapper fusion-flex-column-wrapper-legacy\"><div class=\"fusion-text fusion-text-3\"><p>Mosa bananen och l\u00e4gg den tillsammans med yoghurten i en mixer och k\u00f6r n\u00e5gra varv, tills bananbitarna f\u00f6rsvunnit. Tills\u00e4tt havtornsjuice och honung och k\u00f6r tills allt blir skummigt. Om man anv\u00e4nder &#8216;fast&#8217; honung b\u00f6r man f\u00f6rst r\u00f6ra ut den i lite av juicen. Det blir l\u00e4ttast <a href=\"http:\/\/zallan.se\/wp-content\/uploads\/2012\/08\/havtornsbuske.jpg\"><img decoding=\"async\" class=\"alignright size-thumbnail wp-image-1200\" src=\"http:\/\/zallan.se\/wp-content\/uploads\/2012\/08\/havtornsbuske-200x150.jpg\" alt=\"havtornsbuske\" width=\"200\" height=\"150\" srcset=\"https:\/\/zallan.se\/wp-content\/uploads\/2012\/08\/havtornsbuske-180x135.jpg 180w, https:\/\/zallan.se\/wp-content\/uploads\/2012\/08\/havtornsbuske-200x150.jpg 200w, https:\/\/zallan.se\/wp-content\/uploads\/2012\/08\/havtornsbuske-360x270.jpg 360w, https:\/\/zallan.se\/wp-content\/uploads\/2012\/08\/havtornsbuske.jpg 560w\" sizes=\"(max-width: 200px) 100vw, 200px\" \/><\/a>om man k\u00f6r blandningen n\u00e5gra sekunder i mikron, s\u00e5 honungen sm\u00e4lter. L\u00e5t svalna och h\u00e4ll sedan ner i mixern och k\u00f6r skummigt. Njut sedan av en vitaminbomb.<\/p>\n<\/div><div class=\"fusion-clearfix\"><\/div><\/div><\/div><div class=\"fusion-layout-column fusion_builder_column fusion-builder-column-3 fusion_builder_column_1_1 1_1 fusion-one-full fusion-column-last fusion-column-no-min-height\" style=\"--awb-bg-size:cover;--awb-margin-bottom:0px;\"><div class=\"fusion-column-wrapper fusion-flex-column-wrapper-legacy\"><div class=\"fusion-sep-clear\"><\/div><div class=\"fusion-separator fusion-full-width-sep\" style=\"margin-left: auto;margin-right: auto;margin-top:40px;margin-bottom:40px;width:100%;\"><div class=\"fusion-separator-border sep-shadow\" style=\"--awb-height:20px;--awb-amount:20px;background:radial-gradient(ellipse at 50% -50% , #e0dede 0px, rgba(255, 255, 255, 0) 80%) repeat scroll 0 0 rgba(0, 0, 0, 0);background:-webkit-radial-gradient(ellipse at 50% -50% , #e0dede 0px, rgba(255, 255, 255, 0) 80%) repeat scroll 0 0 rgba(0, 0, 0, 0);background:-moz-radial-gradient(ellipse at 50% -50% , #e0dede 0px, rgba(255, 255, 255, 0) 80%) repeat scroll 0 0 rgba(0, 0, 0, 0);background:-o-radial-gradient(ellipse at 50% -50% , #e0dede 0px, rgba(255, 255, 255, 0) 80%) repeat scroll 0 0 rgba(0, 0, 0, 0);\"><\/div><\/div><div class=\"fusion-sep-clear\"><\/div><div class=\"fusion-clearfix\"><\/div><\/div><\/div><\/div><\/div>\n","protected":false},"excerpt":{"rendered":"","protected":false},"author":3,"featured_media":0,"parent":208,"menu_order":42,"comment_status":"open","ping_status":"open","template":"100-width.php","meta":{"footnotes":""},"class_list":["post-2599","page","type-page","status-publish","hentry"],"_links":{"self":[{"href":"https:\/\/zallan.se\/index.php?rest_route=\/wp\/v2\/pages\/2599","targetHints":{"allow":["GET"]}}],"collection":[{"href":"https:\/\/zallan.se\/index.php?rest_route=\/wp\/v2\/pages"}],"about":[{"href":"https:\/\/zallan.se\/index.php?rest_route=\/wp\/v2\/types\/page"}],"author":[{"embeddable":true,"href":"https:\/\/zallan.se\/index.php?rest_route=\/wp\/v2\/users\/3"}],"replies":[{"embeddable":true,"href":"https:\/\/zallan.se\/index.php?rest_route=%2Fwp%2Fv2%2Fcomments&post=2599"}],"version-history":[{"count":2,"href":"https:\/\/zallan.se\/index.php?rest_route=\/wp\/v2\/pages\/2599\/revisions"}],"predecessor-version":[{"id":5894,"href":"https:\/\/zallan.se\/index.php?rest_route=\/wp\/v2\/pages\/2599\/revisions\/5894"}],"up":[{"embeddable":true,"href":"https:\/\/zallan.se\/index.php?rest_route=\/wp\/v2\/pages\/208"}],"wp:attachment":[{"href":"https:\/\/zallan.se\/index.php?rest_route=%2Fwp%2Fv2%2Fmedia&parent=2599"}],"curies":[{"name":"wp","href":"https:\/\/api.w.org\/{rel}","templated":true}]}}