{"id":2570,"date":"2014-09-02T17:20:04","date_gmt":"2014-09-02T15:20:04","guid":{"rendered":"http:\/\/zallan.se\/?page_id=2570"},"modified":"2019-05-08T17:27:48","modified_gmt":"2019-05-08T15:27:48","slug":"ma-formbrod-med-rag","status":"publish","type":"page","link":"https:\/\/zallan.se\/?page_id=2570","title":{"rendered":"Formbr\u00f6d med r\u00e5g"},"content":{"rendered":"<div class=\"fusion-fullwidth fullwidth-box fusion-builder-row-1 hundred-percent-fullwidth non-hundred-percent-height-scrolling\" style=\"--awb-border-radius-top-left:0px;--awb-border-radius-top-right:0px;--awb-border-radius-bottom-right:0px;--awb-border-radius-bottom-left:0px;--awb-overflow:visible;--awb-padding-right:30px;--awb-padding-left:30px;--awb-flex-wrap:wrap;\" ><div class=\"fusion-builder-row fusion-row\"><div class=\"fusion-layout-column fusion_builder_column fusion-builder-column-0 fusion_builder_column_1_2 1_2 fusion-one-half fusion-column-first\" style=\"--awb-bg-size:cover;width:50%;width:calc(50% - ( ( 4% ) * 0.5 ) );margin-right: 4%;\"><div class=\"fusion-column-wrapper fusion-flex-column-wrapper-legacy\"><div class=\"fusion-text fusion-text-1\"><p><img decoding=\"async\" class=\"alignnone size-full wp-image-2866\" src=\"http:\/\/zallan.se\/wp-content\/uploads\/2014\/10\/Formbrod-med-rag.jpg\" alt=\"\" width=\"560\" height=\"334\" srcset=\"https:\/\/zallan.se\/wp-content\/uploads\/2014\/10\/Formbrod-med-rag-360x215.jpg 360w, https:\/\/zallan.se\/wp-content\/uploads\/2014\/10\/Formbrod-med-rag.jpg 560w\" sizes=\"(max-width: 560px) 100vw, 560px\" \/><\/p>\n<\/div><div class=\"fusion-clearfix\"><\/div><\/div><\/div><div class=\"fusion-layout-column fusion_builder_column fusion-builder-column-1 fusion_builder_column_1_2 1_2 fusion-one-half fusion-column-last\" style=\"--awb-bg-size:cover;width:50%;width:calc(50% - ( ( 4% ) * 0.5 ) );\"><div class=\"fusion-column-wrapper fusion-flex-column-wrapper-legacy\"><div class=\"fusion-text fusion-text-2\"><h2><strong>Formbr\u00f6d med r\u00e5g<\/strong><\/h2>\n<p><strong>1 br\u00f6d<\/strong><br \/>\n50 g j\u00e4st<br \/>\n1\u00bd tsk salt<br \/>\n4 dl vatten<br \/>\n\u00bd dl m\u00f6rk sirap<br \/>\n\u00bd msk \u00e4ttikssprit<br \/>\n7 dl grovt r\u00e5gmj\u00f6l<br \/>\nca 5 dl vetemj\u00f6l, g\u00e4rna special<br \/>\n2 tsk (hel) anis, f\u00e4nk\u00e5l eller blandat<br \/>\nev 1 msk malt- eller v\u00f6rtextrakt (ger god smak, men \u00e4r inte n\u00f6dv\u00e4ndigt)<\/p>\n<\/div><div class=\"fusion-clearfix\"><\/div><\/div><\/div><div class=\"fusion-layout-column fusion_builder_column fusion-builder-column-2 fusion_builder_column_1_2 1_2 fusion-one-half fusion-column-first\" style=\"--awb-bg-size:cover;width:48%; margin-right: 4%;\"><div class=\"fusion-column-wrapper fusion-flex-column-wrapper-legacy\"><div class=\"fusion-text fusion-text-3\"><p>Sm\u00f6rj en avl\u00e5ng br\u00f6dform som rymmer 1\u00bd liter. Rosta kryddorna, om hela anv\u00e4nds och mortla dem sedan ganska grovt. Smaken p\u00e5 br\u00f6det f\u00f6rh\u00f6js betydligt \u00e4n om man anv\u00e4nder redan malda kryddor. Men har man br\u00e5ttom duger det ocks\u00e5.<br \/>\nSmula j\u00e4sten i en degbunke och sl\u00e5 \u00f6ver det ljumma (37 grader) vattnet. R\u00f6r tills j\u00e4sten l\u00f6st sig. Blanda i sirap, salt, kryddor, \u00e4ttikssprit och ev v\u00f6rt eller malt. Tills\u00e4tt allt r\u00e5gmj\u00f6l och k\u00f6r maskinen p\u00e5 ganska l\u00e5g hastighet. Tills\u00e4tt det mesta av vetemj\u00f6let<br \/>\nmen spara n\u00e5gon dl till utbakningen. Arbeta tills degen b\u00f6rjar sl\u00e4ppa bunkens kanter. L\u00e5t sedan j\u00e4sa ca 30 minuter.<br \/>\nTa upp degen p\u00e5 l\u00e4tt mj\u00f6lat bakbord och forma en sl\u00e4t limpa utan sprickor. Kn\u00e5da inte f\u00f6r mycket. L\u00e4gg limpan i den smorda formen och l\u00e5t j\u00e4sa under bakduk ca en timme. S\u00e4tt ugnen p\u00e5 175 grader. Gr\u00e4dda i nedre delen av ugnen i 50-60 minuter. Pensla limpan mot slutet av gr\u00e4ddningen med lite hett vatten, g\u00e4rna med en sm\u00f6rklick i. K\u00e4nn med en n\u00e5l om limpan \u00e4r f\u00e4rdiggr\u00e4ddad. V\u00e4nta sedan n\u00e5gon minut innan den tas ur formen och lindas in i en handduk och l\u00e4ggs p\u00e5 ett galler att svalna. L\u00e5t kallna helt innan den sk\u00e4rs upp.<\/p>\n<\/div><div class=\"fusion-clearfix\"><\/div><\/div><\/div><div class=\"fusion-layout-column fusion_builder_column fusion-builder-column-3 fusion_builder_column_1_1 1_1 fusion-one-full fusion-column-last fusion-column-no-min-height\" style=\"--awb-bg-size:cover;--awb-margin-bottom:0px;\"><div class=\"fusion-column-wrapper fusion-flex-column-wrapper-legacy\"><div class=\"fusion-sep-clear\"><\/div><div class=\"fusion-separator fusion-full-width-sep\" style=\"margin-left: auto;margin-right: auto;margin-top:40px;margin-bottom:40px;width:100%;\"><div class=\"fusion-separator-border sep-shadow\" style=\"--awb-height:20px;--awb-amount:20px;background:radial-gradient(ellipse at 50% -50% , #e0dede 0px, rgba(255, 255, 255, 0) 80%) repeat scroll 0 0 rgba(0, 0, 0, 0);background:-webkit-radial-gradient(ellipse at 50% -50% , #e0dede 0px, rgba(255, 255, 255, 0) 80%) repeat scroll 0 0 rgba(0, 0, 0, 0);background:-moz-radial-gradient(ellipse at 50% -50% , #e0dede 0px, rgba(255, 255, 255, 0) 80%) repeat scroll 0 0 rgba(0, 0, 0, 0);background:-o-radial-gradient(ellipse at 50% -50% , #e0dede 0px, rgba(255, 255, 255, 0) 80%) repeat scroll 0 0 rgba(0, 0, 0, 0);\"><\/div><\/div><div class=\"fusion-sep-clear\"><\/div><div class=\"fusion-clearfix\"><\/div><\/div><\/div><\/div><\/div>\n","protected":false},"excerpt":{"rendered":"","protected":false},"author":3,"featured_media":0,"parent":221,"menu_order":172,"comment_status":"open","ping_status":"open","template":"100-width.php","meta":{"footnotes":""},"class_list":["post-2570","page","type-page","status-publish","hentry"],"_links":{"self":[{"href":"https:\/\/zallan.se\/index.php?rest_route=\/wp\/v2\/pages\/2570","targetHints":{"allow":["GET"]}}],"collection":[{"href":"https:\/\/zallan.se\/index.php?rest_route=\/wp\/v2\/pages"}],"about":[{"href":"https:\/\/zallan.se\/index.php?rest_route=\/wp\/v2\/types\/page"}],"author":[{"embeddable":true,"href":"https:\/\/zallan.se\/index.php?rest_route=\/wp\/v2\/users\/3"}],"replies":[{"embeddable":true,"href":"https:\/\/zallan.se\/index.php?rest_route=%2Fwp%2Fv2%2Fcomments&post=2570"}],"version-history":[{"count":3,"href":"https:\/\/zallan.se\/index.php?rest_route=\/wp\/v2\/pages\/2570\/revisions"}],"predecessor-version":[{"id":6028,"href":"https:\/\/zallan.se\/index.php?rest_route=\/wp\/v2\/pages\/2570\/revisions\/6028"}],"up":[{"embeddable":true,"href":"https:\/\/zallan.se\/index.php?rest_route=\/wp\/v2\/pages\/221"}],"wp:attachment":[{"href":"https:\/\/zallan.se\/index.php?rest_route=%2Fwp%2Fv2%2Fmedia&parent=2570"}],"curies":[{"name":"wp","href":"https:\/\/api.w.org\/{rel}","templated":true}]}}