{"id":2444,"date":"2014-06-02T21:15:36","date_gmt":"2014-06-02T19:15:36","guid":{"rendered":"http:\/\/zallan.se\/?page_id=2444"},"modified":"2019-05-09T13:47:21","modified_gmt":"2019-05-09T11:47:21","slug":"til-kryddiga-notter","status":"publish","type":"page","link":"https:\/\/zallan.se\/?page_id=2444","title":{"rendered":"Kryddiga n\u00f6tter"},"content":{"rendered":"<div class=\"fusion-fullwidth fullwidth-box fusion-builder-row-1 nonhundred-percent-fullwidth non-hundred-percent-height-scrolling\" style=\"--awb-border-radius-top-left:0px;--awb-border-radius-top-right:0px;--awb-border-radius-bottom-right:0px;--awb-border-radius-bottom-left:0px;--awb-flex-wrap:wrap;\" ><div class=\"fusion-builder-row fusion-row\"><div class=\"fusion-layout-column fusion_builder_column fusion-builder-column-0 fusion_builder_column_1_2 1_2 fusion-one-half fusion-column-first\" style=\"--awb-bg-size:cover;--awb-margin-bottom:0px;width:48%; margin-right: 4%;\"><div class=\"fusion-column-wrapper fusion-flex-column-wrapper-legacy\"><div class=\"fusion-text fusion-text-1\"><p><a href=\"http:\/\/zallan.se\/wp-content\/uploads\/2014\/06\/kryddiga-mandlar538cad26d8cd5.jpg\"><img decoding=\"async\" class=\"alignnone wp-image-2430 size-full\" src=\"http:\/\/zallan.se\/wp-content\/uploads\/2014\/06\/kryddiga-mandlar538cad26d8cd5.jpg\" alt=\"kryddiga-mandlar538cad26d8cd5.jpg\" width=\"560\" height=\"420\" srcset=\"https:\/\/zallan.se\/wp-content\/uploads\/2014\/06\/kryddiga-mandlar538cad26d8cd5-180x135.jpg 180w, https:\/\/zallan.se\/wp-content\/uploads\/2014\/06\/kryddiga-mandlar538cad26d8cd5-200x150.jpg 200w, https:\/\/zallan.se\/wp-content\/uploads\/2014\/06\/kryddiga-mandlar538cad26d8cd5-360x270.jpg 360w, https:\/\/zallan.se\/wp-content\/uploads\/2014\/06\/kryddiga-mandlar538cad26d8cd5.jpg 560w\" sizes=\"(max-width: 560px) 100vw, 560px\" \/><\/a><\/p>\n<\/div><div class=\"fusion-clearfix\"><\/div><\/div><\/div><div class=\"fusion-layout-column fusion_builder_column fusion-builder-column-1 fusion_builder_column_1_2 1_2 fusion-one-half fusion-column-last\" style=\"--awb-bg-size:cover;width:48%;\"><div class=\"fusion-column-wrapper fusion-column-has-shadow fusion-flex-column-wrapper-legacy\"><div class=\"fusion-text fusion-text-2\"><h2><strong>Kryddiga n\u00f6tter<\/strong><\/h2>\n<p>400 g blandade n\u00f6tter (jordn\u00f6tter, cashewn\u00f6tter, hasseln\u00f6tter, oskalad mandel etc)<br \/>\n\u00bd tsk cayennepeppar<br \/>\n2 tsk m\u00f6rkt muscovadosocker<br \/>\n2 tsk grovt salt<br \/>\n1-2 msk sm\u00e4lt sm\u00f6r<\/p>\n<\/div><div class=\"fusion-clearfix\"><\/div><\/div><\/div><div class=\"fusion-layout-column fusion_builder_column fusion-builder-column-2 fusion_builder_column_1_2 1_2 fusion-one-half fusion-column-first\" style=\"--awb-bg-size:cover;width:50%;width:calc(50% - ( ( 4% ) * 0.5 ) );margin-right: 4%;\"><div class=\"fusion-column-wrapper fusion-column-has-shadow fusion-flex-column-wrapper-legacy\"><div class=\"fusion-text fusion-text-3\"><p>H\u00e4ll n\u00f6tterna i en ugnspanna och blanda dem ordentligt. Rosta i ugnen tills de f\u00e5tt en ljusbrun f\u00e4rg, ca 10 minuter.<br \/>\nR\u00f6r ihop cayennepeppar, muscovadosocker, salt och sm\u00e4lt sm\u00f6r i en stor sk\u00e5l. V\u00e4nd ner de rostade n\u00f6tterna och blanda noga s\u00e5 alla blir t\u00e4ckta av kryddblandningen. Njut!<\/p>\n<\/div><div class=\"fusion-clearfix\"><\/div><\/div><\/div><\/div><\/div>\n","protected":false},"excerpt":{"rendered":"","protected":false},"author":3,"featured_media":0,"parent":234,"menu_order":271,"comment_status":"open","ping_status":"open","template":"100-width.php","meta":{"footnotes":""},"class_list":["post-2444","page","type-page","status-publish","hentry"],"_links":{"self":[{"href":"https:\/\/zallan.se\/index.php?rest_route=\/wp\/v2\/pages\/2444","targetHints":{"allow":["GET"]}}],"collection":[{"href":"https:\/\/zallan.se\/index.php?rest_route=\/wp\/v2\/pages"}],"about":[{"href":"https:\/\/zallan.se\/index.php?rest_route=\/wp\/v2\/types\/page"}],"author":[{"embeddable":true,"href":"https:\/\/zallan.se\/index.php?rest_route=\/wp\/v2\/users\/3"}],"replies":[{"embeddable":true,"href":"https:\/\/zallan.se\/index.php?rest_route=%2Fwp%2Fv2%2Fcomments&post=2444"}],"version-history":[{"count":4,"href":"https:\/\/zallan.se\/index.php?rest_route=\/wp\/v2\/pages\/2444\/revisions"}],"predecessor-version":[{"id":6121,"href":"https:\/\/zallan.se\/index.php?rest_route=\/wp\/v2\/pages\/2444\/revisions\/6121"}],"up":[{"embeddable":true,"href":"https:\/\/zallan.se\/index.php?rest_route=\/wp\/v2\/pages\/234"}],"wp:attachment":[{"href":"https:\/\/zallan.se\/index.php?rest_route=%2Fwp%2Fv2%2Fmedia&parent=2444"}],"curies":[{"name":"wp","href":"https:\/\/api.w.org\/{rel}","templated":true}]}}