{"id":2434,"date":"2014-06-02T19:09:27","date_gmt":"2014-06-02T17:09:27","guid":{"rendered":"http:\/\/zallan.se\/?page_id=2434"},"modified":"2019-05-09T13:40:41","modified_gmt":"2019-05-09T11:40:41","slug":"til-grissini-med-rosmarin","status":"publish","type":"page","link":"https:\/\/zallan.se\/?page_id=2434","title":{"rendered":"Grissini med rosmarin"},"content":{"rendered":"<div class=\"fusion-fullwidth fullwidth-box fusion-builder-row-1 hundred-percent-fullwidth non-hundred-percent-height-scrolling\" style=\"--awb-border-radius-top-left:0px;--awb-border-radius-top-right:0px;--awb-border-radius-bottom-right:0px;--awb-border-radius-bottom-left:0px;--awb-overflow:visible;--awb-padding-right:30px;--awb-padding-left:30px;--awb-flex-wrap:wrap;\" ><div class=\"fusion-builder-row fusion-row\"><div class=\"fusion-layout-column fusion_builder_column fusion-builder-column-0 fusion_builder_column_1_2 1_2 fusion-one-half fusion-column-first\" style=\"--awb-bg-size:cover;width:50%;width:calc(50% - ( ( 4% ) * 0.5 ) );margin-right: 4%;\"><div class=\"fusion-column-wrapper fusion-flex-column-wrapper-legacy\"><div class=\"fusion-text fusion-text-1\"><p><a href=\"http:\/\/zallan.se\/wp-content\/uploads\/2013\/11\/grissini-m-rosmarin-klara.jpg\"><img decoding=\"async\" class=\"alignnone wp-image-2429 size-large\" src=\"http:\/\/zallan.se\/wp-content\/uploads\/2013\/11\/grissini-m-rosmarin-klara-1024x768.jpg\" alt=\"grissini m rosmarin klara\" width=\"1024\" height=\"768\" srcset=\"https:\/\/zallan.se\/wp-content\/uploads\/2013\/11\/grissini-m-rosmarin-klara-180x135.jpg 180w, https:\/\/zallan.se\/wp-content\/uploads\/2013\/11\/grissini-m-rosmarin-klara-200x150.jpg 200w, https:\/\/zallan.se\/wp-content\/uploads\/2013\/11\/grissini-m-rosmarin-klara-360x270.jpg 360w, https:\/\/zallan.se\/wp-content\/uploads\/2013\/11\/grissini-m-rosmarin-klara-1024x768.jpg 1024w, https:\/\/zallan.se\/wp-content\/uploads\/2013\/11\/grissini-m-rosmarin-klara.jpg 3264w\" sizes=\"(max-width: 1024px) 100vw, 1024px\" \/><\/a><\/p>\n<\/div><div class=\"fusion-clearfix\"><\/div><\/div><\/div><div class=\"fusion-layout-column fusion_builder_column fusion-builder-column-1 fusion_builder_column_1_2 1_2 fusion-one-half fusion-column-last\" style=\"--awb-bg-size:cover;width:50%;width:calc(50% - ( ( 4% ) * 0.5 ) );\"><div class=\"fusion-column-wrapper fusion-flex-column-wrapper-legacy\"><div class=\"fusion-text fusion-text-2\"><h2><strong>Grissini med rosmarin<\/strong><\/h2>\n<div class=\"fusion-text fusion-text-2\"><\/div>\n<\/div><div class=\"fusion-clearfix\"><\/div><\/div><\/div><div class=\"fusion-layout-column fusion_builder_column fusion-builder-column-2 fusion_builder_column_1_1 1_1 fusion-one-full fusion-column-first fusion-column-last\" style=\"--awb-bg-size:cover;--awb-margin-bottom:0px;\"><div class=\"fusion-column-wrapper fusion-flex-column-wrapper-legacy\"><div class=\"fusion-text fusion-text-4\"><\/div><div class=\"fusion-clearfix\"><\/div><\/div><\/div><div class=\"fusion-layout-column fusion_builder_column fusion-builder-column-3 fusion_builder_column_1_2 1_2 fusion-one-half fusion-column-first\" style=\"--awb-bg-size:cover;width:50%;width:calc(50% - ( ( 4% ) * 0.5 ) );margin-right: 4%;\"><div class=\"fusion-column-wrapper fusion-flex-column-wrapper-legacy\"><div class=\"fusion-text fusion-text-5\"><p>Smula j\u00e4sten i en bunke. V\u00e4rm vattnet till 37 grader och sl\u00e5 \u00f6ver j\u00e4sten och r\u00f6r tills den l\u00f6st sig. Tills\u00e4tt olja, honung, salt, rosmarin och det mesta av mj\u00f6let. K\u00f6r degen i en matberedare till en smidig deg. L\u00e5t j\u00e4sa under duk ca 1 timme. S\u00e4tt ugnen p\u00e5 200 grader alt 180 varmluftsugn. Arbeta degen l\u00e4tt p\u00e5 mj\u00f6lat bakbord och dela den p\u00e5 h\u00e4lften. Baka ut 15-20 l\u00e4ngder av varje halva. Rulla dem i sesamfr\u00f6n och lite flingsalt och l\u00e4gg \u00f6ver p\u00e5 en pl\u00e5t med bakpl\u00e5tspapper. Gr\u00e4dda i mitten av ugnen i 15-20 minuter. Om de inte blivit knapriga kan de st\u00e5 en stund i efterv\u00e4rmen.<\/p>\n<\/div><div class=\"fusion-sep-clear\"><\/div><div class=\"fusion-separator fusion-full-width-sep\" style=\"margin-left: auto;margin-right: auto;margin-top:40px;margin-bottom:40px;width:100%;\"><div class=\"fusion-separator-border sep-shadow\" style=\"--awb-height:20px;--awb-amount:20px;background:radial-gradient(ellipse at 50% -50% , #e0dede 0px, rgba(255, 255, 255, 0) 80%) repeat scroll 0 0 rgba(0, 0, 0, 0);background:-webkit-radial-gradient(ellipse at 50% -50% , #e0dede 0px, rgba(255, 255, 255, 0) 80%) repeat scroll 0 0 rgba(0, 0, 0, 0);background:-moz-radial-gradient(ellipse at 50% -50% , #e0dede 0px, rgba(255, 255, 255, 0) 80%) repeat scroll 0 0 rgba(0, 0, 0, 0);background:-o-radial-gradient(ellipse at 50% -50% , #e0dede 0px, rgba(255, 255, 255, 0) 80%) repeat scroll 0 0 rgba(0, 0, 0, 0);\"><\/div><\/div><div class=\"fusion-sep-clear\"><\/div><div class=\"fusion-clearfix\"><\/div><\/div><\/div><\/div><\/div>\n","protected":false},"excerpt":{"rendered":"","protected":false},"author":3,"featured_media":0,"parent":234,"menu_order":270,"comment_status":"open","ping_status":"open","template":"100-width.php","meta":{"footnotes":""},"class_list":["post-2434","page","type-page","status-publish","hentry"],"_links":{"self":[{"href":"https:\/\/zallan.se\/index.php?rest_route=\/wp\/v2\/pages\/2434","targetHints":{"allow":["GET"]}}],"collection":[{"href":"https:\/\/zallan.se\/index.php?rest_route=\/wp\/v2\/pages"}],"about":[{"href":"https:\/\/zallan.se\/index.php?rest_route=\/wp\/v2\/types\/page"}],"author":[{"embeddable":true,"href":"https:\/\/zallan.se\/index.php?rest_route=\/wp\/v2\/users\/3"}],"replies":[{"embeddable":true,"href":"https:\/\/zallan.se\/index.php?rest_route=%2Fwp%2Fv2%2Fcomments&post=2434"}],"version-history":[{"count":1,"href":"https:\/\/zallan.se\/index.php?rest_route=\/wp\/v2\/pages\/2434\/revisions"}],"predecessor-version":[{"id":6117,"href":"https:\/\/zallan.se\/index.php?rest_route=\/wp\/v2\/pages\/2434\/revisions\/6117"}],"up":[{"embeddable":true,"href":"https:\/\/zallan.se\/index.php?rest_route=\/wp\/v2\/pages\/234"}],"wp:attachment":[{"href":"https:\/\/zallan.se\/index.php?rest_route=%2Fwp%2Fv2%2Fmedia&parent=2434"}],"curies":[{"name":"wp","href":"https:\/\/api.w.org\/{rel}","templated":true}]}}