{"id":24,"date":"2013-11-17T13:48:46","date_gmt":"2013-11-17T12:48:46","guid":{"rendered":"http:\/\/zallan.se\/?page_id=24"},"modified":"2022-11-20T14:13:05","modified_gmt":"2022-11-20T13:13:05","slug":"hem","status":"publish","type":"page","link":"https:\/\/zallan.se\/","title":{"rendered":"Hem"},"content":{"rendered":"<div class=\"fusion-fullwidth fullwidth-box fusion-builder-row-1 hundred-percent-fullwidth non-hundred-percent-height-scrolling\" style=\"--awb-border-radius-top-left:0px;--awb-border-radius-top-right:0px;--awb-border-radius-bottom-right:0px;--awb-border-radius-bottom-left:0px;--awb-overflow:visible;--awb-flex-wrap:wrap;\" ><div class=\"fusion-builder-row fusion-row\"><div class=\"fusion-layout-column fusion_builder_column fusion-builder-column-0 fusion_builder_column_1_1 1_1 fusion-one-full fusion-column-first fusion-column-last fusion-column-no-min-height\" style=\"--awb-bg-size:cover;--awb-margin-bottom:0px;\"><div class=\"fusion-column-wrapper fusion-flex-column-wrapper-legacy\"><div class=\"fusion-blog-shortcode fusion-blog-shortcode-1 fusion-blog-archive fusion-blog-layout-large fusion-blog-pagination\"><div class=\"fusion-posts-container fusion-posts-container-pagination fusion-blog-rollover\" data-pages=\"29\"><article id=\"blog-1-post-5800\" class=\"fusion-post-large post-5800 post type-post status-publish format-standard hentry category-uncategorized\">\n\t<style type=\"text\/css\">\n\t\t\n\t\t\n\t\t\n\t\t\n\t\t\t<\/style>\n\n\n<div class=\"fusion-post-content post-content\"><h2 class=\"blog-shortcode-post-title entry-title\"><a href=\"https:\/\/zallan.se\/?p=5800\">Plantor och br\u00f6dbak<\/a><\/h2><div class=\"fusion-post-content-container\"><div class=\"fusion-fullwidth fullwidth-box fusion-builder-row-1-1 nonhundred-percent-fullwidth non-hundred-percent-height-scrolling\" style=\"--awb-border-radius-top-left:0px;--awb-border-radius-top-right:0px;--awb-border-radius-bottom-right:0px;--awb-border-radius-bottom-left:0px;--awb-flex-wrap:wrap;\" ><div class=\"fusion-builder-row fusion-row\"><div class=\"fusion-layout-column fusion_builder_column fusion-builder-column-1 fusion_builder_column_1_2 1_2 fusion-one-half fusion-column-first\" style=\"--awb-bg-size:cover;width:50%;width:calc(50% - ( ( 4% ) * 0.5 ) );margin-right: 4%;\"><div class=\"fusion-column-wrapper fusion-column-has-shadow fusion-flex-column-wrapper-legacy\"><div class=\"fusion-image-element in-legacy-container\" style=\"--awb-caption-title-font-family:var(--h2_typography-font-family);--awb-caption-title-font-weight:var(--h2_typography-font-weight);--awb-caption-title-font-style:var(--h2_typography-font-style);--awb-caption-title-size:var(--h2_typography-font-size);--awb-caption-title-transform:var(--h2_typography-text-transform);--awb-caption-title-line-height:var(--h2_typography-line-height);--awb-caption-title-letter-spacing:var(--h2_typography-letter-spacing);\"><span class=\" fusion-imageframe imageframe-none imageframe-1 hover-type-none\"><img decoding=\"async\" width=\"4032\" height=\"3024\" title=\"Chili 2019\" src=\"http:\/\/zallan.se\/wp-content\/uploads\/2019\/05\/Chili-2019.jpg\" alt class=\"img-responsive wp-image-5803\" srcset=\"https:\/\/zallan.se\/wp-content\/uploads\/2019\/05\/Chili-2019-200x150.jpg 200w, https:\/\/zallan.se\/wp-content\/uploads\/2019\/05\/Chili-2019-400x300.jpg 400w, https:\/\/zallan.se\/wp-content\/uploads\/2019\/05\/Chili-2019-600x450.jpg 600w, https:\/\/zallan.se\/wp-content\/uploads\/2019\/05\/Chili-2019-800x600.jpg 800w, https:\/\/zallan.se\/wp-content\/uploads\/2019\/05\/Chili-2019-1200x900.jpg 1200w, https:\/\/zallan.se\/wp-content\/uploads\/2019\/05\/Chili-2019.jpg 4032w\" sizes=\"(max-width: 900px) 100vw, 600px\" \/><\/span><\/div><div class=\"fusion-clearfix\"><\/div><\/div><\/div><div class=\"fusion-layout-column fusion_builder_column fusion-builder-column-2 fusion_builder_column_1_2 1_2 fusion-one-half fusion-column-last\" style=\"--awb-bg-size:cover;width:50%;width:calc(50% - ( ( 4% ) * 0.5 ) );\"><div class=\"fusion-column-wrapper fusion-column-has-shadow fusion-flex-column-wrapper-legacy\"><div class=\"fusion-text fusion-text-1\"><p>I slutet av februari satte jag tv\u00e5 sorters chilifr\u00f6n, en mild, Anaheim, och en medelstark, Sweet Banana. Tidigare har jag testat bl a Hot Lemon, en riktigt stark chili med drag av citron (som h\u00f6rs p\u00e5 namnet) och Hungarian Hot Wax, som \u00e4r lite mildare. En favorit \u00e4r Peruvian Purple, f\u00f6r den har s\u00e5 underbart vackra lila blommor. Den \u00e4r heller inte s\u00e5 grymt stark. Jag skolade om plantorna under april och nu b\u00f6rjar det s\u00e5 sm\u00e5tt bli dags att plantera i st\u00f6rre krukor och f\u00f6rhoppningsvis kunna flytta ut alla i v\u00e4xthuset. Tyv\u00e4rr \u00e4r det lite f\u00f6r kallt \u00e4n, men om v\u00e4rmen kommer b\u00f6r man kunna st\u00e4lla ner dom i slutet av maj. Vi har ju i alla fall frostvakt.<br \/>\nF\u00f6r att h\u00e5lla borta kylan lite bakade jag ett par <a href=\"http:\/\/zallan.se\/?page_id=5792\">limpor med havregryn och solrosfr\u00f6n<\/a>, som blev j\u00e4ttegoda. Receptet \u00e4r h\u00e4mtat fr\u00e5n en tidning, som numera g\u00e5tt i graven, Bakat och Gott.<\/p>\n<\/div><div class=\"fusion-image-element fusion-image-align-right in-legacy-container\" style=\"text-align:right;--awb-caption-title-font-family:var(--h2_typography-font-family);--awb-caption-title-font-weight:var(--h2_typography-font-weight);--awb-caption-title-font-style:var(--h2_typography-font-style);--awb-caption-title-size:var(--h2_typography-font-size);--awb-caption-title-transform:var(--h2_typography-text-transform);--awb-caption-title-line-height:var(--h2_typography-line-height);--awb-caption-title-letter-spacing:var(--h2_typography-letter-spacing);\"><span class=\" fusion-imageframe imageframe-none imageframe-2 hover-type-none\" style=\"margin-left:25px;float:right;\"><img decoding=\"async\" width=\"200\" height=\"150\" title=\"L\u00e5ngj\u00e4st br\u00f6d med fr\u00f6n\" src=\"http:\/\/zallan.se\/wp-content\/uploads\/2019\/05\/L\u00e5ngj\u00e4st-br\u00f6d-med-fr\u00f6n-200x150.jpg\" alt class=\"img-responsive wp-image-5793\" srcset=\"https:\/\/zallan.se\/wp-content\/uploads\/2019\/05\/L\u00e5ngj\u00e4st-br\u00f6d-med-fr\u00f6n-200x150.jpg 200w, https:\/\/zallan.se\/wp-content\/uploads\/2019\/05\/L\u00e5ngj\u00e4st-br\u00f6d-med-fr\u00f6n-400x300.jpg 400w, https:\/\/zallan.se\/wp-content\/uploads\/2019\/05\/L\u00e5ngj\u00e4st-br\u00f6d-med-fr\u00f6n-600x450.jpg 600w, https:\/\/zallan.se\/wp-content\/uploads\/2019\/05\/L\u00e5ngj\u00e4st-br\u00f6d-med-fr\u00f6n-800x600.jpg 800w, https:\/\/zallan.se\/wp-content\/uploads\/2019\/05\/L\u00e5ngj\u00e4st-br\u00f6d-med-fr\u00f6n-1200x900.jpg 1200w, https:\/\/zallan.se\/wp-content\/uploads\/2019\/05\/L\u00e5ngj\u00e4st-br\u00f6d-med-fr\u00f6n.jpg 4032w\" sizes=\"(max-width: 900px) 100vw, 600px\" \/><\/span><\/div><div class=\"fusion-clearfix\"><\/div><\/div><\/div><\/div><\/div>\n<\/div><\/div><div class=\"fusion-clearfix\"><\/div><div class=\"fusion-meta-info\"><div class=\"fusion-alignleft\"><span class=\"vcard\" style=\"display: none;\"><span class=\"fn\"><a href=\"https:\/\/zallan.se\/?author=3\" title=\"Posts by AdZall\" rel=\"author\">AdZall<\/a><\/span><\/span><span class=\"updated\" style=\"display:none;\">2019-05-07T14:15:06+02:00<\/span><span>2019-05-07 14:15<\/span><span class=\"fusion-inline-sep\">|<\/span><a href=\"https:\/\/zallan.se\/?cat=1\" rel=\"category\">Uncategorized<\/a><span class=\"fusion-inline-sep\">|<\/span><span class=\"fusion-comments\"><span>Comments Off<span class=\"screen-reader-text\"> on Plantor och br\u00f6dbak<\/span><\/span><\/span><\/div><div class=\"fusion-alignright\"><a class=\"fusion-read-more\" href=\"https:\/\/zallan.se\/?p=5800\" aria-label=\"More on Plantor och br\u00f6dbak\">Read More<\/a><\/div><\/div><\/article>\n<article id=\"blog-1-post-5764\" class=\"fusion-post-large post-5764 post type-post status-publish format-standard hentry category-uncategorized\">\n\t<style type=\"text\/css\">\n\t\t\n\t\t\n\t\t\n\t\t\n\t\t\t<\/style>\n\n\n<div class=\"fusion-post-content post-content\"><h2 class=\"blog-shortcode-post-title entry-title\"><a href=\"https:\/\/zallan.se\/?p=5764\">Familjemiddag<\/a><\/h2><div class=\"fusion-post-content-container\"><div class=\"fusion-fullwidth fullwidth-box fusion-builder-row-1-2 nonhundred-percent-fullwidth non-hundred-percent-height-scrolling\" style=\"--awb-border-radius-top-left:0px;--awb-border-radius-top-right:0px;--awb-border-radius-bottom-right:0px;--awb-border-radius-bottom-left:0px;--awb-flex-wrap:wrap;\" ><div class=\"fusion-builder-row fusion-row\"><div class=\"fusion-layout-column fusion_builder_column fusion-builder-column-3 fusion_builder_column_1_2 1_2 fusion-one-half fusion-column-first\" style=\"--awb-bg-size:cover;width:50%;width:calc(50% - ( ( 4% ) * 0.5 ) );margin-right: 4%;\"><div class=\"fusion-column-wrapper fusion-flex-column-wrapper-legacy\"><div class=\"fusion-image-element in-legacy-container\" style=\"--awb-caption-title-font-family:var(--h2_typography-font-family);--awb-caption-title-font-weight:var(--h2_typography-font-weight);--awb-caption-title-font-style:var(--h2_typography-font-style);--awb-caption-title-size:var(--h2_typography-font-size);--awb-caption-title-transform:var(--h2_typography-text-transform);--awb-caption-title-line-height:var(--h2_typography-line-height);--awb-caption-title-letter-spacing:var(--h2_typography-letter-spacing);\"><span class=\" fusion-imageframe imageframe-none imageframe-3 hover-type-none\"><img decoding=\"async\" width=\"560\" height=\"420\" title=\"Thea efter maten\" src=\"http:\/\/zallan.se\/wp-content\/uploads\/2019\/01\/Thea-efter-maten.jpg\" alt class=\"img-responsive wp-image-5765\" srcset=\"https:\/\/zallan.se\/wp-content\/uploads\/2019\/01\/Thea-efter-maten-200x150.jpg 200w, https:\/\/zallan.se\/wp-content\/uploads\/2019\/01\/Thea-efter-maten-400x300.jpg 400w, https:\/\/zallan.se\/wp-content\/uploads\/2019\/01\/Thea-efter-maten.jpg 560w\" sizes=\"(max-width: 900px) 100vw, 560px\" \/><\/span><\/div><div class=\"fusion-clearfix\"><\/div><\/div><\/div><div class=\"fusion-layout-column fusion_builder_column fusion-builder-column-4 fusion_builder_column_1_2 1_2 fusion-one-half fusion-column-last\" style=\"--awb-bg-size:cover;width:50%;width:calc(50% - ( ( 4% ) * 0.5 ) );\"><div class=\"fusion-column-wrapper fusion-flex-column-wrapper-legacy\"><div class=\"fusion-text fusion-text-2\"><p>Trettondagsafton brukar vi samlas p\u00e5 en familjemiddag. S\u00e5 \u00e4ven i \u00e5r och naturligtvis \u00e4ven med allas favorit hunden Thea. Hon var som vanligt tr\u00f6tt och gick och la sig i soffan vid TVn f\u00f6r att f\u00e5 lite lugn och ro.<br \/>\nVi hade alla bidragit till middagen, som inleddes med h\u00e4rliga snacks och bubbel. Sedan blev det kyckling fr\u00e5n Kiev med ugnsbakad potatis och en maffig sallad p\u00e5 olika betor, gr\u00f6nk\u00e5l, n\u00f6tter, tranb\u00e4r mm. Middagen avslutades med glasst\u00e5rta p\u00e5 mar\u00e4ngbotten, jordgubbar och bj\u00f6rnb\u00e4r. Som vanligt ett fint slut p\u00e5 alla helgerna.<\/p>\n<\/div><div class=\"fusion-clearfix\"><\/div><\/div><\/div><\/div><\/div>\n<\/div><\/div><div class=\"fusion-clearfix\"><\/div><div class=\"fusion-meta-info\"><div class=\"fusion-alignleft\"><span class=\"vcard\" style=\"display: none;\"><span class=\"fn\"><a href=\"https:\/\/zallan.se\/?author=3\" title=\"Posts by AdZall\" rel=\"author\">AdZall<\/a><\/span><\/span><span class=\"updated\" style=\"display:none;\">2019-04-04T11:33:27+02:00<\/span><span>2019-04-04 11:33<\/span><span class=\"fusion-inline-sep\">|<\/span><a href=\"https:\/\/zallan.se\/?cat=1\" rel=\"category\">Uncategorized<\/a><span class=\"fusion-inline-sep\">|<\/span><span class=\"fusion-comments\"><span>Comments Off<span class=\"screen-reader-text\"> on Familjemiddag<\/span><\/span><\/span><\/div><div class=\"fusion-alignright\"><a class=\"fusion-read-more\" href=\"https:\/\/zallan.se\/?p=5764\" aria-label=\"More on Familjemiddag\">Read More<\/a><\/div><\/div><\/article>\n<article id=\"blog-1-post-5214\" class=\"fusion-post-large post-5214 post type-post status-publish format-standard hentry category-uncategorized\">\n\t<style type=\"text\/css\">\n\t\t\n\t\t\n\t\t\n\t\t\n\t\t\t<\/style>\n\n\n<div class=\"fusion-post-content post-content\"><h2 class=\"blog-shortcode-post-title entry-title\"><a href=\"https:\/\/zallan.se\/?p=5214\">God forts\u00e4ttning<\/a><\/h2><div class=\"fusion-post-content-container\"><div class=\"fusion-fullwidth fullwidth-box fusion-builder-row-1-3 nonhundred-percent-fullwidth non-hundred-percent-height-scrolling\" style=\"--awb-border-radius-top-left:0px;--awb-border-radius-top-right:0px;--awb-border-radius-bottom-right:0px;--awb-border-radius-bottom-left:0px;--awb-flex-wrap:wrap;\" ><div class=\"fusion-builder-row fusion-row\"><div class=\"fusion-layout-column fusion_builder_column fusion-builder-column-5 fusion_builder_column_1_2 1_2 fusion-one-half fusion-column-first\" style=\"--awb-bg-size:cover;width:50%;width:calc(50% - ( ( 4% ) * 0.5 ) );margin-right: 4%;\"><div class=\"fusion-column-wrapper fusion-flex-column-wrapper-legacy\"><div class=\"fusion-image-element in-legacy-container\" style=\"--awb-caption-title-font-family:var(--h2_typography-font-family);--awb-caption-title-font-weight:var(--h2_typography-font-weight);--awb-caption-title-font-style:var(--h2_typography-font-style);--awb-caption-title-size:var(--h2_typography-font-size);--awb-caption-title-transform:var(--h2_typography-text-transform);--awb-caption-title-line-height:var(--h2_typography-line-height);--awb-caption-title-letter-spacing:var(--h2_typography-letter-spacing);\"><span class=\" fusion-imageframe imageframe-none imageframe-4 hover-type-none\"><img decoding=\"async\" width=\"3024\" height=\"4032\" title=\"Julgran 2018\" src=\"http:\/\/zallan.se\/wp-content\/uploads\/2019\/01\/Julgran-2018-e1546954205242.jpg\" alt class=\"img-responsive wp-image-5215\" srcset=\"https:\/\/zallan.se\/wp-content\/uploads\/2019\/01\/Julgran-2018-e1546954205242-200x267.jpg 200w, https:\/\/zallan.se\/wp-content\/uploads\/2019\/01\/Julgran-2018-e1546954205242-400x533.jpg 400w, https:\/\/zallan.se\/wp-content\/uploads\/2019\/01\/Julgran-2018-e1546954205242-600x800.jpg 600w, https:\/\/zallan.se\/wp-content\/uploads\/2019\/01\/Julgran-2018-e1546954205242-800x1067.jpg 800w, https:\/\/zallan.se\/wp-content\/uploads\/2019\/01\/Julgran-2018-e1546954205242-1200x1600.jpg 1200w, https:\/\/zallan.se\/wp-content\/uploads\/2019\/01\/Julgran-2018-e1546954205242.jpg 3024w\" sizes=\"(max-width: 900px) 100vw, 3024px\" \/><\/span><\/div><div class=\"fusion-clearfix\"><\/div><\/div><\/div><div class=\"fusion-layout-column fusion_builder_column fusion-builder-column-6 fusion_builder_column_1_2 1_2 fusion-one-half fusion-column-last\" style=\"--awb-bg-size:cover;width:50%;width:calc(50% - ( ( 4% ) * 0.5 ) );\"><div class=\"fusion-column-wrapper fusion-flex-column-wrapper-legacy\"><div class=\"fusion-text fusion-text-3\"><p>Nu \u00e4r det dags att ta nya tag inf\u00f6r det kommande \u00e5ret. Granen \u00e4r utkastad, alla ljusstakar borttagna och pyntet nerpackat i respektive l\u00e5da. Ordentligt m\u00e4rkt inf\u00f6r n\u00e4sta jul. Ibland har man ordning. Det enda som finns kvar \u00e4r belysningen i tr\u00e4dg\u00e5rden, som fortfarande lyser upp i m\u00f6rkret. Julmaten \u00e4r slut och det sista av julskinkan hamnade i en potatisfrestelse, typ Jansson men med skinka och hackad gr\u00f6nk\u00e5l ist\u00e4llet. Och nu b\u00f6rjar det bli dags att baka nytt br\u00f6d, s\u00e5 det blev <a href=\"http:\/\/zallan.se\/?page_id=5206\">sillabr\u00f6d<\/a>.<\/p>\n<\/div><div class=\"fusion-clearfix\"><\/div><\/div><\/div><\/div><\/div>\n<\/div><\/div><div class=\"fusion-clearfix\"><\/div><div class=\"fusion-meta-info\"><div class=\"fusion-alignleft\"><span class=\"vcard\" style=\"display: none;\"><span class=\"fn\"><a href=\"https:\/\/zallan.se\/?author=3\" title=\"Posts by AdZall\" rel=\"author\">AdZall<\/a><\/span><\/span><span class=\"updated\" style=\"display:none;\">2019-01-13T15:32:13+01:00<\/span><span>2019-01-08 14:51<\/span><span class=\"fusion-inline-sep\">|<\/span><a href=\"https:\/\/zallan.se\/?cat=1\" rel=\"category\">Uncategorized<\/a><span class=\"fusion-inline-sep\">|<\/span><span class=\"fusion-comments\"><span>Comments Off<span class=\"screen-reader-text\"> on God forts\u00e4ttning<\/span><\/span><\/span><\/div><div class=\"fusion-alignright\"><a class=\"fusion-read-more\" href=\"https:\/\/zallan.se\/?p=5214\" aria-label=\"More on God forts\u00e4ttning\">Read More<\/a><\/div><\/div><\/article>\n<article id=\"blog-1-post-5182\" class=\"fusion-post-large post-5182 post type-post status-publish format-standard hentry category-uncategorized\">\n\t<style type=\"text\/css\">\n\t\t\n\t\t\n\t\t\n\t\t\n\t\t\t<\/style>\n\n\n<div class=\"fusion-post-content post-content\"><h2 class=\"blog-shortcode-post-title entry-title\"><a href=\"https:\/\/zallan.se\/?p=5182\">Sn\u00f6droppar och br\u00f6d med vetekross<\/a><\/h2><div class=\"fusion-post-content-container\"><div class=\"fusion-fullwidth fullwidth-box fusion-builder-row-1-4 nonhundred-percent-fullwidth non-hundred-percent-height-scrolling\" style=\"--awb-border-radius-top-left:0px;--awb-border-radius-top-right:0px;--awb-border-radius-bottom-right:0px;--awb-border-radius-bottom-left:0px;--awb-flex-wrap:wrap;\" ><div class=\"fusion-builder-row fusion-row\"><div class=\"fusion-layout-column fusion_builder_column fusion-builder-column-7 fusion_builder_column_1_2 1_2 fusion-one-half fusion-column-first\" style=\"--awb-bg-size:cover;width:50%;width:calc(50% - ( ( 4% ) * 0.5 ) );margin-right: 4%;\"><div class=\"fusion-column-wrapper fusion-flex-column-wrapper-legacy\"><div class=\"fusion-image-element in-legacy-container\" style=\"--awb-caption-title-font-family:var(--h2_typography-font-family);--awb-caption-title-font-weight:var(--h2_typography-font-weight);--awb-caption-title-font-style:var(--h2_typography-font-style);--awb-caption-title-size:var(--h2_typography-font-size);--awb-caption-title-transform:var(--h2_typography-text-transform);--awb-caption-title-line-height:var(--h2_typography-line-height);--awb-caption-title-letter-spacing:var(--h2_typography-letter-spacing);\"><span class=\" fusion-imageframe imageframe-none imageframe-5 hover-type-none\"><img decoding=\"async\" width=\"560\" height=\"420\" title=\"Sn\u00f6droppar jan 2018\" src=\"http:\/\/zallan.se\/wp-content\/uploads\/2018\/02\/Sn\u00f6droppar-jan-2018.jpg\" alt class=\"img-responsive wp-image-5183\" srcset=\"https:\/\/zallan.se\/wp-content\/uploads\/2018\/02\/Sn\u00f6droppar-jan-2018-200x150.jpg 200w, https:\/\/zallan.se\/wp-content\/uploads\/2018\/02\/Sn\u00f6droppar-jan-2018-400x300.jpg 400w, https:\/\/zallan.se\/wp-content\/uploads\/2018\/02\/Sn\u00f6droppar-jan-2018.jpg 560w\" sizes=\"(max-width: 900px) 100vw, 560px\" \/><\/span><\/div><div class=\"fusion-clearfix\"><\/div><\/div><\/div><div class=\"fusion-layout-column fusion_builder_column fusion-builder-column-8 fusion_builder_column_1_2 1_2 fusion-one-half fusion-column-last\" style=\"--awb-bg-size:cover;width:50%;width:calc(50% - ( ( 4% ) * 0.5 ) );\"><div class=\"fusion-column-wrapper fusion-flex-column-wrapper-legacy\"><div class=\"fusion-text fusion-text-4\"><p>Den 26 januari tog jag bilden p\u00e5 \u00e5rets f\u00f6rsta sn\u00f6droppar. K\u00e4nns lite v\u00e4l tidigt och de senaste dagarna har n\u00e4tterna varit riktigt kalla s\u00e5 de stackars blommorna ligger n\u00e4stan platt p\u00e5 marken. Om det kommer lite mer sn\u00f6 f\u00e5r blommorna i alla fall ett t\u00e4cke att krypa under.<br \/>\nOch lite mer br\u00f6dbak har det blivit. Ett j\u00e4ttegott <a href=\"http:\/\/zallan.se\/?page_id=5185\">ljust br\u00f6d med vetekross<\/a> smakar toppen tillsammans med en kopp te n\u00e4r man varit ute p\u00e5 promenad med hunden.<\/p>\n<\/div><div class=\"fusion-clearfix\"><\/div><\/div><\/div><\/div><\/div>\n<\/div><\/div><div class=\"fusion-clearfix\"><\/div><div class=\"fusion-meta-info\"><div class=\"fusion-alignleft\"><span class=\"vcard\" style=\"display: none;\"><span class=\"fn\"><a href=\"https:\/\/zallan.se\/?author=3\" title=\"Posts by AdZall\" rel=\"author\">AdZall<\/a><\/span><\/span><span class=\"updated\" style=\"display:none;\">2018-02-07T17:07:15+01:00<\/span><span>2018-02-07 17:05<\/span><span class=\"fusion-inline-sep\">|<\/span><a href=\"https:\/\/zallan.se\/?cat=1\" rel=\"category\">Uncategorized<\/a><span class=\"fusion-inline-sep\">|<\/span><span class=\"fusion-comments\"><span>Comments Off<span class=\"screen-reader-text\"> on Sn\u00f6droppar och br\u00f6d med vetekross<\/span><\/span><\/span><\/div><div class=\"fusion-alignright\"><a class=\"fusion-read-more\" href=\"https:\/\/zallan.se\/?p=5182\" aria-label=\"More on Sn\u00f6droppar och br\u00f6d med vetekross\">Read More<\/a><\/div><\/div><\/article>\n<\/div><div class=\"pagination clearfix\"><span class=\"current\">1<\/span><a href=\"https:\/\/zallan.se\/index.php?rest_route=%2Fwp%2Fv2%2Fpages%2F24&#038;paged=2\" class=\"inactive\">2<\/a><a class=\"pagination-next\" rel=\"next\" href=\"https:\/\/zallan.se\/index.php?rest_route=%2Fwp%2Fv2%2Fpages%2F24&#038;paged=2\"><span class=\"page-text\">Next<\/span><span class=\"page-next\"><\/span><\/a><\/div><div class=\"fusion-clearfix\"><\/div><\/div><div class=\"fusion-text fusion-text-5\"><\/div><div class=\"fusion-clearfix\"><\/div><\/div><\/div><\/div><\/div>\n","protected":false},"excerpt":{"rendered":"","protected":false},"author":3,"featured_media":0,"parent":0,"menu_order":11,"comment_status":"open","ping_status":"open","template":"","meta":{"footnotes":""},"class_list":["post-24","page","type-page","status-publish","hentry"],"_links":{"self":[{"href":"https:\/\/zallan.se\/index.php?rest_route=\/wp\/v2\/pages\/24","targetHints":{"allow":["GET"]}}],"collection":[{"href":"https:\/\/zallan.se\/index.php?rest_route=\/wp\/v2\/pages"}],"about":[{"href":"https:\/\/zallan.se\/index.php?rest_route=\/wp\/v2\/types\/page"}],"author":[{"embeddable":true,"href":"https:\/\/zallan.se\/index.php?rest_route=\/wp\/v2\/users\/3"}],"replies":[{"embeddable":true,"href":"https:\/\/zallan.se\/index.php?rest_route=%2Fwp%2Fv2%2Fcomments&post=24"}],"version-history":[{"count":3,"href":"https:\/\/zallan.se\/index.php?rest_route=\/wp\/v2\/pages\/24\/revisions"}],"predecessor-version":[{"id":6240,"href":"https:\/\/zallan.se\/index.php?rest_route=\/wp\/v2\/pages\/24\/revisions\/6240"}],"wp:attachment":[{"href":"https:\/\/zallan.se\/index.php?rest_route=%2Fwp%2Fv2%2Fmedia&parent=24"}],"curies":[{"name":"wp","href":"https:\/\/api.w.org\/{rel}","templated":true}]}}