{"id":2356,"date":"2014-03-29T16:51:29","date_gmt":"2014-03-29T15:51:29","guid":{"rendered":"http:\/\/zallan.se\/?page_id=2356"},"modified":"2019-05-08T17:17:50","modified_gmt":"2019-05-08T15:17:50","slug":"ma-chapati","status":"publish","type":"page","link":"https:\/\/zallan.se\/?page_id=2356","title":{"rendered":"Chapati"},"content":{"rendered":"<div class=\"fusion-fullwidth fullwidth-box fusion-builder-row-1 hundred-percent-fullwidth non-hundred-percent-height-scrolling\" style=\"--awb-border-radius-top-left:0px;--awb-border-radius-top-right:0px;--awb-border-radius-bottom-right:0px;--awb-border-radius-bottom-left:0px;--awb-overflow:visible;--awb-padding-right:30px;--awb-padding-left:30px;--awb-flex-wrap:wrap;\" ><div class=\"fusion-builder-row fusion-row\"><div class=\"fusion-layout-column fusion_builder_column fusion-builder-column-0 fusion_builder_column_1_2 1_2 fusion-one-half fusion-column-first\" style=\"--awb-bg-size:cover;width:50%;width:calc(50% - ( ( 4% ) * 0.5 ) );margin-right: 4%;\"><div class=\"fusion-column-wrapper fusion-flex-column-wrapper-legacy\"><div class=\"fusion-text fusion-text-1\"><p><a href=\"http:\/\/zallan.se\/wp-content\/uploads\/2014\/03\/Chapati.jpg\"><img decoding=\"async\" class=\"alignnone size-full wp-image-2238\" src=\"http:\/\/zallan.se\/wp-content\/uploads\/2014\/03\/Chapati.jpg\" alt=\"Chapati.jpg\" width=\"560\" height=\"420\" srcset=\"https:\/\/zallan.se\/wp-content\/uploads\/2014\/03\/Chapati-180x135.jpg 180w, https:\/\/zallan.se\/wp-content\/uploads\/2014\/03\/Chapati-200x150.jpg 200w, https:\/\/zallan.se\/wp-content\/uploads\/2014\/03\/Chapati-360x270.jpg 360w, https:\/\/zallan.se\/wp-content\/uploads\/2014\/03\/Chapati.jpg 560w\" sizes=\"(max-width: 560px) 100vw, 560px\" \/><\/a><\/p>\n<\/div><div class=\"fusion-clearfix\"><\/div><\/div><\/div><div class=\"fusion-layout-column fusion_builder_column fusion-builder-column-1 fusion_builder_column_1_2 1_2 fusion-one-half fusion-column-last\" style=\"--awb-bg-size:cover;width:50%;width:calc(50% - ( ( 4% ) * 0.5 ) );\"><div class=\"fusion-column-wrapper fusion-flex-column-wrapper-legacy\"><div class=\"fusion-text fusion-text-2\"><h2><strong>Chapati<\/strong><\/h2>\n<p><strong>ca 6-8 st<\/strong><br \/>\n315 g specialvetemj\u00f6l<br \/>\n1 tsk salt<br \/>\n35 g matfett<br \/>\nlite kallt vatten<br \/>\nBlanda mj\u00f6l och salt i en matberedare. Hacka matfettet och tills\u00e4tt detta medan maskinen k\u00f6rs. Arbeta ihop till en smulig deg och tills\u00e4tt sedan s\u00e5 mycket vatten som beh\u00f6vs f\u00f6r att f\u00e5 en smidig deg. Man f\u00e5r prova sig fram. L\u00e5t vila en stund under duk.<br \/>\nDela degen i 6-8 delar och kavla ut till tunna kakor. L\u00e4gg lite sm\u00f6r i en stekpanna och hetta upp ordentligt. L\u00e4gg i en kaka i taget och stek ca 1 minut p\u00e5 varje sida. L\u00e4gg chapatin p\u00e5 ett fat och t\u00e4ck med en handduk f\u00f6r att h\u00e5lla varmt. Servera till indisk mat, t ex <a title=\"KY Kyckling Desi Murgh\" href=\"http:\/\/zallan.se\/?page_id=2348\">Desi Murgh<\/a><\/p>\n<\/div><div class=\"fusion-clearfix\"><\/div><\/div><\/div><div class=\"fusion-layout-column fusion_builder_column fusion-builder-column-2 fusion_builder_column_1_1 1_1 fusion-one-full fusion-column-first fusion-column-last fusion-column-no-min-height\" style=\"--awb-bg-size:cover;--awb-margin-bottom:0px;\"><div class=\"fusion-column-wrapper fusion-flex-column-wrapper-legacy\"><div class=\"fusion-sep-clear\"><\/div><div class=\"fusion-separator fusion-full-width-sep\" style=\"margin-left: auto;margin-right: auto;margin-top:40px;margin-bottom:40px;width:100%;\"><div class=\"fusion-separator-border sep-shadow\" style=\"--awb-height:20px;--awb-amount:20px;background:radial-gradient(ellipse at 50% -50% , #e0dede 0px, rgba(255, 255, 255, 0) 80%) repeat scroll 0 0 rgba(0, 0, 0, 0);background:-webkit-radial-gradient(ellipse at 50% -50% , #e0dede 0px, rgba(255, 255, 255, 0) 80%) repeat scroll 0 0 rgba(0, 0, 0, 0);background:-moz-radial-gradient(ellipse at 50% -50% , #e0dede 0px, rgba(255, 255, 255, 0) 80%) repeat scroll 0 0 rgba(0, 0, 0, 0);background:-o-radial-gradient(ellipse at 50% -50% , #e0dede 0px, rgba(255, 255, 255, 0) 80%) repeat scroll 0 0 rgba(0, 0, 0, 0);\"><\/div><\/div><div class=\"fusion-sep-clear\"><\/div><div class=\"fusion-clearfix\"><\/div><\/div><\/div><\/div><\/div>\n","protected":false},"excerpt":{"rendered":"","protected":false},"author":3,"featured_media":0,"parent":221,"menu_order":166,"comment_status":"open","ping_status":"open","template":"100-width.php","meta":{"footnotes":""},"class_list":["post-2356","page","type-page","status-publish","hentry"],"_links":{"self":[{"href":"https:\/\/zallan.se\/index.php?rest_route=\/wp\/v2\/pages\/2356","targetHints":{"allow":["GET"]}}],"collection":[{"href":"https:\/\/zallan.se\/index.php?rest_route=\/wp\/v2\/pages"}],"about":[{"href":"https:\/\/zallan.se\/index.php?rest_route=\/wp\/v2\/types\/page"}],"author":[{"embeddable":true,"href":"https:\/\/zallan.se\/index.php?rest_route=\/wp\/v2\/users\/3"}],"replies":[{"embeddable":true,"href":"https:\/\/zallan.se\/index.php?rest_route=%2Fwp%2Fv2%2Fcomments&post=2356"}],"version-history":[{"count":1,"href":"https:\/\/zallan.se\/index.php?rest_route=\/wp\/v2\/pages\/2356\/revisions"}],"predecessor-version":[{"id":6019,"href":"https:\/\/zallan.se\/index.php?rest_route=\/wp\/v2\/pages\/2356\/revisions\/6019"}],"up":[{"embeddable":true,"href":"https:\/\/zallan.se\/index.php?rest_route=\/wp\/v2\/pages\/221"}],"wp:attachment":[{"href":"https:\/\/zallan.se\/index.php?rest_route=%2Fwp%2Fv2%2Fmedia&parent=2356"}],"curies":[{"name":"wp","href":"https:\/\/api.w.org\/{rel}","templated":true}]}}