{"id":2134,"date":"2014-03-01T16:24:27","date_gmt":"2014-03-01T15:24:27","guid":{"rendered":"http:\/\/zallan.se\/?page_id=2134"},"modified":"2019-05-08T17:40:11","modified_gmt":"2019-05-08T15:40:11","slug":"limpor-med-fiberhavregryn-och-dinkel","status":"publish","type":"page","link":"https:\/\/zallan.se\/?page_id=2134","title":{"rendered":"Limpor med fiberhavregryn och dinkel"},"content":{"rendered":"<div class=\"fusion-fullwidth fullwidth-box fusion-builder-row-1 hundred-percent-fullwidth non-hundred-percent-height-scrolling\" style=\"--awb-border-radius-top-left:0px;--awb-border-radius-top-right:0px;--awb-border-radius-bottom-right:0px;--awb-border-radius-bottom-left:0px;--awb-overflow:visible;--awb-padding-right:30px;--awb-padding-left:30px;--awb-flex-wrap:wrap;\" ><div class=\"fusion-builder-row fusion-row\"><div class=\"fusion-layout-column fusion_builder_column fusion-builder-column-0 fusion_builder_column_1_2 1_2 fusion-one-half fusion-column-first\" style=\"--awb-bg-size:cover;width:50%;width:calc(50% - ( ( 4% ) * 0.5 ) );margin-right: 4%;\"><div class=\"fusion-column-wrapper fusion-flex-column-wrapper-legacy\"><div class=\"fusion-text fusion-text-1\"><p><img decoding=\"async\" class=\"alignnone size-full wp-image-2131\" src=\"http:\/\/zallan.se\/wp-content\/uploads\/2014\/03\/Limpor-med-havregryn-och-dinkel.jpg\" alt=\"\" width=\"560\" height=\"420\" srcset=\"https:\/\/zallan.se\/wp-content\/uploads\/2014\/03\/Limpor-med-havregryn-och-dinkel-180x135.jpg 180w, https:\/\/zallan.se\/wp-content\/uploads\/2014\/03\/Limpor-med-havregryn-och-dinkel-200x150.jpg 200w, https:\/\/zallan.se\/wp-content\/uploads\/2014\/03\/Limpor-med-havregryn-och-dinkel-360x270.jpg 360w, https:\/\/zallan.se\/wp-content\/uploads\/2014\/03\/Limpor-med-havregryn-och-dinkel.jpg 560w\" sizes=\"(max-width: 560px) 100vw, 560px\" \/><\/p>\n<\/div><div class=\"fusion-clearfix\"><\/div><\/div><\/div><div class=\"fusion-layout-column fusion_builder_column fusion-builder-column-1 fusion_builder_column_1_2 1_2 fusion-one-half fusion-column-last\" style=\"--awb-bg-size:cover;width:50%;width:calc(50% - ( ( 4% ) * 0.5 ) );\"><div class=\"fusion-column-wrapper fusion-flex-column-wrapper-legacy\"><div class=\"fusion-text fusion-text-2\"><h2><strong>Limpor med fiberhavregryn och dinkel<\/strong><\/h2>\n<p><strong>2 st<\/strong><br \/>\n25 g j\u00e4st<br \/>\n6 dl mj\u00f6lk<br \/>\n2 msk rapsolja<br \/>\n2 tsk salt<br \/>\n1 msk honung<br \/>\n200 g fiberhavregryn<br \/>\n55 g (1 dl) dinkelsikt<br \/>\n550-600 g vetemj\u00f6l special<\/p>\n<\/div><div class=\"fusion-clearfix\"><\/div><\/div><\/div><div class=\"fusion-layout-column fusion_builder_column fusion-builder-column-2 fusion_builder_column_1_1 1_1 fusion-one-full fusion-column-first fusion-column-last\" style=\"--awb-bg-size:cover;--awb-margin-bottom:0px;\"><div class=\"fusion-column-wrapper fusion-flex-column-wrapper-legacy\"><div class=\"fusion-text fusion-text-3\"><p>V\u00e4rm mj\u00f6lken till 37 grader. R\u00f6r ut j\u00e4sten i lite av mj\u00f6lken. Tills\u00e4tt sedan resten av v\u00e4tskan, olja, honung, salt, havregryn, dinkel och det mesta av mj\u00f6let. K\u00f6r degen i maskin tills den blir smidig och blank. L\u00e5t j\u00e4sa ca 1 timme, g\u00e4rna l\u00e4ngre. Ta upp degen p\u00e5 mj\u00f6lat bakbord och kn\u00e5da den l\u00e4tt. Dela i tv\u00e5 delar och baka ut till tv\u00e5 limpor. L\u00e4gg dem i smorda avl\u00e5nga aluminiumformar \u00e0 1\u00bd l. L\u00e5t j\u00e4sa 30 minuter, under duk. Str\u00f6 \u00f6ver lite mj\u00f6l och gr\u00e4dda limporna i 200 grader ca 45 minuter.<\/p>\n<\/div><div class=\"fusion-clearfix\"><\/div><\/div><\/div><div class=\"fusion-layout-column fusion_builder_column fusion-builder-column-3 fusion_builder_column_1_1 1_1 fusion-one-full fusion-column-first fusion-column-last fusion-column-no-min-height\" style=\"--awb-bg-size:cover;--awb-margin-bottom:0px;\"><div class=\"fusion-column-wrapper fusion-flex-column-wrapper-legacy\"><div class=\"fusion-sep-clear\"><\/div><div class=\"fusion-separator fusion-full-width-sep\" style=\"margin-left: auto;margin-right: auto;margin-top:40px;margin-bottom:40px;width:100%;\"><div class=\"fusion-separator-border sep-shadow\" style=\"--awb-height:20px;--awb-amount:20px;background:radial-gradient(ellipse at 50% -50% , #e0dede 0px, rgba(255, 255, 255, 0) 80%) repeat scroll 0 0 rgba(0, 0, 0, 0);background:-webkit-radial-gradient(ellipse at 50% -50% , #e0dede 0px, rgba(255, 255, 255, 0) 80%) repeat scroll 0 0 rgba(0, 0, 0, 0);background:-moz-radial-gradient(ellipse at 50% -50% , #e0dede 0px, rgba(255, 255, 255, 0) 80%) repeat scroll 0 0 rgba(0, 0, 0, 0);background:-o-radial-gradient(ellipse at 50% -50% , #e0dede 0px, rgba(255, 255, 255, 0) 80%) repeat scroll 0 0 rgba(0, 0, 0, 0);\"><\/div><\/div><div class=\"fusion-sep-clear\"><\/div><div class=\"fusion-clearfix\"><\/div><\/div><\/div><\/div><\/div>\n","protected":false},"excerpt":{"rendered":"","protected":false},"author":3,"featured_media":0,"parent":221,"menu_order":181,"comment_status":"open","ping_status":"open","template":"100-width.php","meta":{"footnotes":""},"class_list":["post-2134","page","type-page","status-publish","hentry"],"_links":{"self":[{"href":"https:\/\/zallan.se\/index.php?rest_route=\/wp\/v2\/pages\/2134","targetHints":{"allow":["GET"]}}],"collection":[{"href":"https:\/\/zallan.se\/index.php?rest_route=\/wp\/v2\/pages"}],"about":[{"href":"https:\/\/zallan.se\/index.php?rest_route=\/wp\/v2\/types\/page"}],"author":[{"embeddable":true,"href":"https:\/\/zallan.se\/index.php?rest_route=\/wp\/v2\/users\/3"}],"replies":[{"embeddable":true,"href":"https:\/\/zallan.se\/index.php?rest_route=%2Fwp%2Fv2%2Fcomments&post=2134"}],"version-history":[{"count":1,"href":"https:\/\/zallan.se\/index.php?rest_route=\/wp\/v2\/pages\/2134\/revisions"}],"predecessor-version":[{"id":6038,"href":"https:\/\/zallan.se\/index.php?rest_route=\/wp\/v2\/pages\/2134\/revisions\/6038"}],"up":[{"embeddable":true,"href":"https:\/\/zallan.se\/index.php?rest_route=\/wp\/v2\/pages\/221"}],"wp:attachment":[{"href":"https:\/\/zallan.se\/index.php?rest_route=%2Fwp%2Fv2%2Fmedia&parent=2134"}],"curies":[{"name":"wp","href":"https:\/\/api.w.org\/{rel}","templated":true}]}}