{"id":2113,"date":"2014-03-01T13:46:18","date_gmt":"2014-03-01T12:46:18","guid":{"rendered":"http:\/\/zallan.se\/?page_id=2113"},"modified":"2019-05-08T19:13:52","modified_gmt":"2019-05-08T17:13:52","slug":"pas-pizza-med-salami","status":"publish","type":"page","link":"https:\/\/zallan.se\/?page_id=2113","title":{"rendered":"Pizza med salami\/parmaskinka"},"content":{"rendered":"<div class=\"fusion-fullwidth fullwidth-box fusion-builder-row-1 hundred-percent-fullwidth non-hundred-percent-height-scrolling\" style=\"--awb-border-radius-top-left:0px;--awb-border-radius-top-right:0px;--awb-border-radius-bottom-right:0px;--awb-border-radius-bottom-left:0px;--awb-overflow:visible;--awb-padding-right:30px;--awb-padding-left:30px;--awb-flex-wrap:wrap;\" ><div class=\"fusion-builder-row fusion-row\"><div class=\"fusion-layout-column fusion_builder_column fusion-builder-column-0 fusion_builder_column_1_2 1_2 fusion-one-half fusion-column-first\" style=\"--awb-bg-size:cover;width:50%;width:calc(50% - ( ( 4% ) * 0.5 ) );margin-right: 4%;\"><div class=\"fusion-column-wrapper fusion-flex-column-wrapper-legacy\"><div class=\"fusion-text fusion-text-1\"><p><a href=\"http:\/\/zallan.se\/wp-content\/uploads\/2014\/03\/Pizza-ograddad.jpg\"><img decoding=\"async\" class=\"alignleft wp-image-2976 size-full\" src=\"http:\/\/zallan.se\/wp-content\/uploads\/2014\/03\/Pizza-ograddad.jpg\" alt=\"\" width=\"560\" height=\"420\" srcset=\"https:\/\/zallan.se\/wp-content\/uploads\/2014\/03\/Pizza-ograddad-180x135.jpg 180w, https:\/\/zallan.se\/wp-content\/uploads\/2014\/03\/Pizza-ograddad-200x150.jpg 200w, https:\/\/zallan.se\/wp-content\/uploads\/2014\/03\/Pizza-ograddad-360x270.jpg 360w, https:\/\/zallan.se\/wp-content\/uploads\/2014\/03\/Pizza-ograddad.jpg 560w\" sizes=\"(max-width: 560px) 100vw, 560px\" \/><\/a><\/p>\n<\/div><div class=\"fusion-text fusion-text-2\"><\/div><div class=\"fusion-clearfix\"><\/div><\/div><\/div><div class=\"fusion-layout-column fusion_builder_column fusion-builder-column-1 fusion_builder_column_1_2 1_2 fusion-one-half fusion-column-last\" style=\"--awb-bg-size:cover;width:50%;width:calc(50% - ( ( 4% ) * 0.5 ) );\"><div class=\"fusion-column-wrapper fusion-flex-column-wrapper-legacy\"><div class=\"fusion-text fusion-text-3\"><h2><strong>Pizza med salami\/parmaskinka<\/strong><\/h2>\n<p><strong>2 pers<\/strong><br \/>\n2 dl kallt vatten<br \/>\n25 g j\u00e4st (\u00bd paket)<br \/>\n4-5 dl specialvetemj\u00f6l<br \/>\n1 tsk salt<br \/>\n2 msk olivolja<br \/>\n<em>Tomats\u00e5s<\/em>: 1 burk krossade tomater, 1 krm salt, 1 krm socker<br \/>\n(ca 200 g \u00e4r lagom till 2 pizzor<br \/>\n<em>Fyllning<\/em>: Salami (g\u00e4rna stark)<br \/>\nparmaskinka<br \/>\nriven gr\u00e4ddost, ca 100 g<br \/>\n1 boll mozzarella<br \/>\n20 k\u00f6rsb\u00e4rstomater<br \/>\nruccolasallad<br \/>\nf\u00e4rsk basilika<\/p>\n<\/div><div class=\"fusion-clearfix\"><\/div><\/div><\/div><div class=\"fusion-layout-column fusion_builder_column fusion-builder-column-2 fusion_builder_column_1_1 1_1 fusion-one-full fusion-column-first fusion-column-last\" style=\"--awb-bg-size:cover;--awb-margin-bottom:0px;\"><div class=\"fusion-column-wrapper fusion-flex-column-wrapper-legacy\"><div class=\"fusion-text fusion-text-4\"><p>L\u00f6s upp j\u00e4sten i lite av vattnet i en matberedare. Tills\u00e4tt resten av vattnet och oljan. V\u00e4nta med saltet. H\u00e4ll i 4 dl vetemj\u00f6l och k\u00f6r maskinen i 10 minuter. Verkar degen f\u00f6r l\u00f6s (den ska vara ganska l\u00f6s), h\u00e4ll i lite mer mj\u00f6l under g\u00e5ng. Tills\u00e4tt saltet efter 10 minuter och k\u00f6r ytterligare 5 minuter. L\u00e5t sedan degen j\u00e4sa 1 timme i rumstemperatur. G\u00f6r man degen p\u00e5 morgonen kan man l\u00e5ta den j\u00e4sa \u00f6ver dagen i kylen.<br \/>\n<em>Tomats\u00e5s<\/em>: Sl\u00e5 1 burk krossade tomater i en kastrull och koka ihop till bredbar konsistens (som inte rinner av pizzan), ca en halvtimme. Krydda med en aning salt och socker och smaka av. St\u00e4ll \u00e5t sidan.<br \/>\nS\u00e4tt ugnen p\u00e5 250 grader och l\u00e4gg en pizzasten p\u00e5 en pl\u00e5t i botten p\u00e5 ugnen. Funkar \u00e4ven utan pizzasten, men det blir godare med.<br \/>\nTa upp degen p\u00e5 v\u00e4l mj\u00f6lad b\u00e4nk och dela den i tv\u00e5 delar. Kavla ut p\u00e5 bakpl\u00e5tspapper i ganska tunna bottnar. Pensla varje botten med lite olivolja och bred p\u00e5 tomats\u00e5s. T\u00e4ck med riven gr\u00e4ddost och skivor av salami. L\u00e4gg delade k\u00f6rsb\u00e4rstomater mellan skivorna och l\u00e4gg p\u00e5 mozzarellaost riven i mindre bitar. Pizzan med parmaskinka g\u00f6rs p\u00e5 samma s\u00e4tt men utan salami. Skinkan l\u00e4ggs p\u00e5 n\u00e4r pizzan \u00e4r f\u00e4rdiggr\u00e4ddad. St\u00e4nk \u00f6ver lite olivolja. F\u00f6r \u00f6ver bakpl\u00e5tspappret med pizzan till den heta bakstenen och baka i 10-15 minuter. Baka en pizza i taget. L\u00e4gg p\u00e5 ruccolasallad och basilikablad n\u00e4r pizzan \u00e4r klar. Dessutom parmaskinka p\u00e5 den utan salami. Tomatsallad \u00e4r gott till.<\/p>\n<\/div><div class=\"fusion-clearfix\"><\/div><\/div><\/div><div class=\"fusion-layout-column fusion_builder_column fusion-builder-column-3 fusion_builder_column_1_1 1_1 fusion-one-full fusion-column-first fusion-column-last fusion-column-no-min-height\" style=\"--awb-bg-size:cover;--awb-margin-bottom:0px;\"><div class=\"fusion-column-wrapper fusion-flex-column-wrapper-legacy\"><div class=\"fusion-sep-clear\"><\/div><div class=\"fusion-separator fusion-full-width-sep\" style=\"margin-left: auto;margin-right: auto;margin-top:40px;margin-bottom:40px;width:100%;\"><div class=\"fusion-separator-border sep-shadow\" style=\"--awb-height:20px;--awb-amount:20px;background:radial-gradient(ellipse at 50% -50% , #e0dede 0px, rgba(255, 255, 255, 0) 80%) repeat scroll 0 0 rgba(0, 0, 0, 0);background:-webkit-radial-gradient(ellipse at 50% -50% , #e0dede 0px, rgba(255, 255, 255, 0) 80%) repeat scroll 0 0 rgba(0, 0, 0, 0);background:-moz-radial-gradient(ellipse at 50% -50% , #e0dede 0px, rgba(255, 255, 255, 0) 80%) repeat scroll 0 0 rgba(0, 0, 0, 0);background:-o-radial-gradient(ellipse at 50% -50% , #e0dede 0px, rgba(255, 255, 255, 0) 80%) repeat scroll 0 0 rgba(0, 0, 0, 0);\"><\/div><\/div><div class=\"fusion-sep-clear\"><\/div><div class=\"fusion-clearfix\"><\/div><\/div><\/div><\/div><\/div>\n","protected":false},"excerpt":{"rendered":"","protected":false},"author":3,"featured_media":0,"parent":225,"menu_order":218,"comment_status":"open","ping_status":"open","template":"100-width.php","meta":{"footnotes":""},"class_list":["post-2113","page","type-page","status-publish","hentry"],"_links":{"self":[{"href":"https:\/\/zallan.se\/index.php?rest_route=\/wp\/v2\/pages\/2113","targetHints":{"allow":["GET"]}}],"collection":[{"href":"https:\/\/zallan.se\/index.php?rest_route=\/wp\/v2\/pages"}],"about":[{"href":"https:\/\/zallan.se\/index.php?rest_route=\/wp\/v2\/types\/page"}],"author":[{"embeddable":true,"href":"https:\/\/zallan.se\/index.php?rest_route=\/wp\/v2\/users\/3"}],"replies":[{"embeddable":true,"href":"https:\/\/zallan.se\/index.php?rest_route=%2Fwp%2Fv2%2Fcomments&post=2113"}],"version-history":[{"count":1,"href":"https:\/\/zallan.se\/index.php?rest_route=\/wp\/v2\/pages\/2113\/revisions"}],"predecessor-version":[{"id":6079,"href":"https:\/\/zallan.se\/index.php?rest_route=\/wp\/v2\/pages\/2113\/revisions\/6079"}],"up":[{"embeddable":true,"href":"https:\/\/zallan.se\/index.php?rest_route=\/wp\/v2\/pages\/225"}],"wp:attachment":[{"href":"https:\/\/zallan.se\/index.php?rest_route=%2Fwp%2Fv2%2Fmedia&parent=2113"}],"curies":[{"name":"wp","href":"https:\/\/api.w.org\/{rel}","templated":true}]}}