{"id":1988,"date":"2014-02-15T15:59:58","date_gmt":"2014-02-15T14:59:58","guid":{"rendered":"http:\/\/zallan.se\/?page_id=1988"},"modified":"2019-05-09T13:33:16","modified_gmt":"2019-05-09T11:33:16","slug":"til-baconkex","status":"publish","type":"page","link":"https:\/\/zallan.se\/?page_id=1988","title":{"rendered":"Baconkex"},"content":{"rendered":"<div class=\"fusion-fullwidth fullwidth-box fusion-builder-row-1 nonhundred-percent-fullwidth non-hundred-percent-height-scrolling\" style=\"--awb-border-radius-top-left:0px;--awb-border-radius-top-right:0px;--awb-border-radius-bottom-right:0px;--awb-border-radius-bottom-left:0px;--awb-flex-wrap:wrap;\" ><div class=\"fusion-builder-row fusion-row\"><div class=\"fusion-layout-column fusion_builder_column fusion-builder-column-0 fusion_builder_column_1_2 1_2 fusion-one-half fusion-column-first\" style=\"--awb-bg-size:cover;--awb-margin-bottom:0px;width:48%; margin-right: 4%;\"><div class=\"fusion-column-wrapper fusion-flex-column-wrapper-legacy\"><div class=\"fusion-text fusion-text-1\"><p><a href=\"http:\/\/zallan.se\/wp-content\/uploads\/2014\/02\/Baconkex.jpg\"><img decoding=\"async\" class=\"alignnone size-full wp-image-1983\" src=\"http:\/\/zallan.se\/wp-content\/uploads\/2014\/02\/Baconkex.jpg\" alt=\"Baconkex.jpg\" width=\"560\" height=\"420\" srcset=\"https:\/\/zallan.se\/wp-content\/uploads\/2014\/02\/Baconkex-180x135.jpg 180w, https:\/\/zallan.se\/wp-content\/uploads\/2014\/02\/Baconkex-200x150.jpg 200w, https:\/\/zallan.se\/wp-content\/uploads\/2014\/02\/Baconkex-360x270.jpg 360w, https:\/\/zallan.se\/wp-content\/uploads\/2014\/02\/Baconkex.jpg 560w\" sizes=\"(max-width: 560px) 100vw, 560px\" \/><\/a><\/p>\n<\/div><div class=\"fusion-clearfix\"><\/div><\/div><\/div><div class=\"fusion-layout-column fusion_builder_column fusion-builder-column-1 fusion_builder_column_1_2 1_2 fusion-one-half fusion-column-last\" style=\"--awb-bg-size:cover;width:48%;\"><div class=\"fusion-column-wrapper fusion-column-has-shadow fusion-flex-column-wrapper-legacy\"><div class=\"fusion-text fusion-text-2\"><h2><strong>Baconkex<\/strong><\/h2>\n<p><strong>ca 45 st<\/strong><\/p>\n<p>1 pkt bacon, ca 140 g<br \/>\n100 g rumsvarmt sm\u00f6r<br \/>\n2\u00bd dl vetemj\u00f6l<br \/>\n\u00bd krm str\u00f6socker<br \/>\n100 g riven parmesan- eller v\u00e4sterbottenost<br \/>\n1 \u00e4ggula<\/p>\n<\/div><div class=\"fusion-clearfix\"><\/div><\/div><\/div><div class=\"fusion-layout-column fusion_builder_column fusion-builder-column-2 fusion_builder_column_1_2 1_2 fusion-one-half fusion-column-first\" style=\"--awb-bg-size:cover;width:50%;width:calc(50% - ( ( 4% ) * 0.5 ) );margin-right: 4%;\"><div class=\"fusion-column-wrapper fusion-column-has-shadow fusion-flex-column-wrapper-legacy\"><div class=\"fusion-text fusion-text-3\"><p>Finhacka baconet och knaperstek det i en stekpanna. L\u00e5t rinna av p\u00e5 hush\u00e5llspapper. Blanda bacon, sm\u00f6r, mj\u00f6l, socker och ost i en matberedare. Tills\u00e4tt \u00e4ggulan och arbeta snabbt ihop till en deg. Ta upp och forma degen till en rulle, ca 3 cm i diameter. Plasta in rullen och l\u00e5t den vila i kylen ca 1 timme. S\u00e4tt ugnen p\u00e5 200 grader. Sk\u00e4r degen i max 1 cm tjocka skivor. L\u00e4gg p\u00e5 pl\u00e5tar med bakpl\u00e5tspapper och gr\u00e4dda mitt i ugnen 9-10 minuter. L\u00e5t kexen kallna p\u00e5 ett galler.<\/p>\n<\/div><div class=\"fusion-clearfix\"><\/div><\/div><\/div><\/div><\/div>\n","protected":false},"excerpt":{"rendered":"","protected":false},"author":3,"featured_media":0,"parent":234,"menu_order":266,"comment_status":"open","ping_status":"open","template":"100-width.php","meta":{"footnotes":""},"class_list":["post-1988","page","type-page","status-publish","hentry"],"_links":{"self":[{"href":"https:\/\/zallan.se\/index.php?rest_route=\/wp\/v2\/pages\/1988","targetHints":{"allow":["GET"]}}],"collection":[{"href":"https:\/\/zallan.se\/index.php?rest_route=\/wp\/v2\/pages"}],"about":[{"href":"https:\/\/zallan.se\/index.php?rest_route=\/wp\/v2\/types\/page"}],"author":[{"embeddable":true,"href":"https:\/\/zallan.se\/index.php?rest_route=\/wp\/v2\/users\/3"}],"replies":[{"embeddable":true,"href":"https:\/\/zallan.se\/index.php?rest_route=%2Fwp%2Fv2%2Fcomments&post=1988"}],"version-history":[{"count":4,"href":"https:\/\/zallan.se\/index.php?rest_route=\/wp\/v2\/pages\/1988\/revisions"}],"predecessor-version":[{"id":6113,"href":"https:\/\/zallan.se\/index.php?rest_route=\/wp\/v2\/pages\/1988\/revisions\/6113"}],"up":[{"embeddable":true,"href":"https:\/\/zallan.se\/index.php?rest_route=\/wp\/v2\/pages\/234"}],"wp:attachment":[{"href":"https:\/\/zallan.se\/index.php?rest_route=%2Fwp%2Fv2%2Fmedia&parent=1988"}],"curies":[{"name":"wp","href":"https:\/\/api.w.org\/{rel}","templated":true}]}}