{"id":1966,"date":"2014-02-15T15:08:33","date_gmt":"2014-02-15T14:08:33","guid":{"rendered":"http:\/\/zallan.se\/?page_id=1966"},"modified":"2019-05-08T13:13:50","modified_gmt":"2019-05-08T11:13:50","slug":"kak-hiltonkakor","status":"publish","type":"page","link":"https:\/\/zallan.se\/?page_id=1966","title":{"rendered":"Hiltonkakor"},"content":{"rendered":"<div class=\"fusion-fullwidth fullwidth-box fusion-builder-row-1 hundred-percent-fullwidth non-hundred-percent-height-scrolling\" style=\"--awb-border-radius-top-left:0px;--awb-border-radius-top-right:0px;--awb-border-radius-bottom-right:0px;--awb-border-radius-bottom-left:0px;--awb-overflow:visible;--awb-padding-right:30px;--awb-padding-left:30px;--awb-flex-wrap:wrap;\" ><div class=\"fusion-builder-row fusion-row\"><div class=\"fusion-layout-column fusion_builder_column fusion-builder-column-0 fusion_builder_column_1_2 1_2 fusion-one-half fusion-column-first\" style=\"--awb-bg-size:cover;width:50%;width:calc(50% - ( ( 4% ) * 0.5 ) );margin-right: 4%;\"><div class=\"fusion-column-wrapper fusion-flex-column-wrapper-legacy\"><div class=\"fusion-text fusion-text-1\"><p><img decoding=\"async\" class=\"alignnone wp-image-1968\" src=\"http:\/\/zallan.se\/wp-content\/uploads\/2014\/02\/KAKhiltonkakor1-360x270.jpg\" alt=\"\" width=\"509\" height=\"382\" srcset=\"https:\/\/zallan.se\/wp-content\/uploads\/2014\/02\/KAKhiltonkakor1-180x135.jpg 180w, https:\/\/zallan.se\/wp-content\/uploads\/2014\/02\/KAKhiltonkakor1-200x150.jpg 200w, https:\/\/zallan.se\/wp-content\/uploads\/2014\/02\/KAKhiltonkakor1-360x270.jpg 360w, https:\/\/zallan.se\/wp-content\/uploads\/2014\/02\/KAKhiltonkakor1.jpg 560w\" sizes=\"(max-width: 509px) 100vw, 509px\" \/><\/p>\n<\/div><div class=\"fusion-clearfix\"><\/div><\/div><\/div><div class=\"fusion-layout-column fusion_builder_column fusion-builder-column-1 fusion_builder_column_1_2 1_2 fusion-one-half fusion-column-last\" style=\"--awb-bg-size:cover;width:50%;width:calc(50% - ( ( 4% ) * 0.5 ) );\"><div class=\"fusion-column-wrapper fusion-flex-column-wrapper-legacy\"><div class=\"fusion-text fusion-text-2\"><h2><strong>Hiltonkakor<\/strong><\/h2>\n<p><strong>ca 45 st<\/strong><br \/>\n200 g sm\u00f6r<br \/>\n125 g florsocker<br \/>\n1 \u00e4ggvita<br \/>\nca 225 g vetemj\u00f6l<br \/>\n50 g grovhackad choklad<\/p>\n<\/div><div class=\"fusion-clearfix\"><\/div><\/div><\/div><div class=\"fusion-layout-column fusion_builder_column fusion-builder-column-2 fusion_builder_column_1_2 1_2 fusion-one-half fusion-column-first\" style=\"--awb-bg-size:cover;width:48%; margin-right: 4%;\"><div class=\"fusion-column-wrapper fusion-flex-column-wrapper-legacy\"><div class=\"fusion-text fusion-text-3\"><p>R\u00f6r sm\u00f6r och florsocker vitt och p\u00f6sigt. Tills\u00e4tt den ovispade \u00e4ggvitan och r\u00f6r in. Blanda den hackade chokladen med mj\u00f6let och r\u00f6r ner. Kn\u00e5da degen s\u00e5 allt blandas v\u00e4l. Den blir ganska mjuk, men f\u00e5r st\u00e5 kallt att stelna i kylen en stund. Rulla sedan till fingertjocka sm\u00e5 l\u00e4ngder, som l\u00e4ggs p\u00e5 pl\u00e5t och gr\u00e4ddas \u00a0225 grader i 5-6 minuter. Kakorna ska vara svagt gyllenbruna i kanterna.<\/p>\n<\/div><div class=\"fusion-clearfix\"><\/div><\/div><\/div><div class=\"fusion-layout-column fusion_builder_column fusion-builder-column-3 fusion_builder_column_1_1 1_1 fusion-one-full fusion-column-last fusion-column-no-min-height\" style=\"--awb-bg-size:cover;--awb-margin-bottom:0px;\"><div class=\"fusion-column-wrapper fusion-flex-column-wrapper-legacy\"><div class=\"fusion-sep-clear\"><\/div><div class=\"fusion-separator fusion-full-width-sep\" style=\"margin-left: auto;margin-right: auto;margin-top:40px;margin-bottom:40px;width:100%;\"><div class=\"fusion-separator-border sep-shadow\" style=\"--awb-height:20px;--awb-amount:20px;background:radial-gradient(ellipse at 50% -50% , #e0dede 0px, rgba(255, 255, 255, 0) 80%) repeat scroll 0 0 rgba(0, 0, 0, 0);background:-webkit-radial-gradient(ellipse at 50% -50% , #e0dede 0px, rgba(255, 255, 255, 0) 80%) repeat scroll 0 0 rgba(0, 0, 0, 0);background:-moz-radial-gradient(ellipse at 50% -50% , #e0dede 0px, rgba(255, 255, 255, 0) 80%) repeat scroll 0 0 rgba(0, 0, 0, 0);background:-o-radial-gradient(ellipse at 50% -50% , #e0dede 0px, rgba(255, 255, 255, 0) 80%) repeat scroll 0 0 rgba(0, 0, 0, 0);\"><\/div><\/div><div class=\"fusion-sep-clear\"><\/div><div class=\"fusion-clearfix\"><\/div><\/div><\/div><\/div><\/div>\n","protected":false},"excerpt":{"rendered":"","protected":false},"author":3,"featured_media":0,"parent":216,"menu_order":108,"comment_status":"open","ping_status":"open","template":"100-width.php","meta":{"footnotes":""},"class_list":["post-1966","page","type-page","status-publish","hentry"],"_links":{"self":[{"href":"https:\/\/zallan.se\/index.php?rest_route=\/wp\/v2\/pages\/1966","targetHints":{"allow":["GET"]}}],"collection":[{"href":"https:\/\/zallan.se\/index.php?rest_route=\/wp\/v2\/pages"}],"about":[{"href":"https:\/\/zallan.se\/index.php?rest_route=\/wp\/v2\/types\/page"}],"author":[{"embeddable":true,"href":"https:\/\/zallan.se\/index.php?rest_route=\/wp\/v2\/users\/3"}],"replies":[{"embeddable":true,"href":"https:\/\/zallan.se\/index.php?rest_route=%2Fwp%2Fv2%2Fcomments&post=1966"}],"version-history":[{"count":1,"href":"https:\/\/zallan.se\/index.php?rest_route=\/wp\/v2\/pages\/1966\/revisions"}],"predecessor-version":[{"id":5959,"href":"https:\/\/zallan.se\/index.php?rest_route=\/wp\/v2\/pages\/1966\/revisions\/5959"}],"up":[{"embeddable":true,"href":"https:\/\/zallan.se\/index.php?rest_route=\/wp\/v2\/pages\/216"}],"wp:attachment":[{"href":"https:\/\/zallan.se\/index.php?rest_route=%2Fwp%2Fv2%2Fmedia&parent=1966"}],"curies":[{"name":"wp","href":"https:\/\/api.w.org\/{rel}","templated":true}]}}