{"id":1958,"date":"2014-02-15T14:59:28","date_gmt":"2014-02-15T13:59:28","guid":{"rendered":"http:\/\/zallan.se\/?page_id=1958"},"modified":"2019-05-08T13:15:12","modified_gmt":"2019-05-08T11:15:12","slug":"kak-jitterbuggare","status":"publish","type":"page","link":"https:\/\/zallan.se\/?page_id=1958","title":{"rendered":"Jitterbuggare"},"content":{"rendered":"<div class=\"fusion-fullwidth fullwidth-box fusion-builder-row-1 hundred-percent-fullwidth non-hundred-percent-height-scrolling\" style=\"--awb-border-radius-top-left:0px;--awb-border-radius-top-right:0px;--awb-border-radius-bottom-right:0px;--awb-border-radius-bottom-left:0px;--awb-overflow:visible;--awb-padding-right:30px;--awb-padding-left:30px;--awb-flex-wrap:wrap;\" ><div class=\"fusion-builder-row fusion-row\"><div class=\"fusion-layout-column fusion_builder_column fusion-builder-column-0 fusion_builder_column_1_2 1_2 fusion-one-half fusion-column-first\" style=\"--awb-bg-size:cover;width:50%;width:calc(50% - ( ( 4% ) * 0.5 ) );margin-right: 4%;\"><div class=\"fusion-column-wrapper fusion-flex-column-wrapper-legacy\"><div class=\"fusion-text fusion-text-1\"><p><img decoding=\"async\" class=\"alignnone wp-image-1960\" src=\"http:\/\/zallan.se\/wp-content\/uploads\/2014\/02\/KAKjitterburgare-360x270.jpg\" alt=\"\" width=\"500\" height=\"375\" srcset=\"https:\/\/zallan.se\/wp-content\/uploads\/2014\/02\/KAKjitterburgare-180x135.jpg 180w, https:\/\/zallan.se\/wp-content\/uploads\/2014\/02\/KAKjitterburgare-200x150.jpg 200w, https:\/\/zallan.se\/wp-content\/uploads\/2014\/02\/KAKjitterburgare-360x270.jpg 360w, https:\/\/zallan.se\/wp-content\/uploads\/2014\/02\/KAKjitterburgare.jpg 560w\" sizes=\"(max-width: 500px) 100vw, 500px\" \/><\/p>\n<\/div><div class=\"fusion-clearfix\"><\/div><\/div><\/div><div class=\"fusion-layout-column fusion_builder_column fusion-builder-column-1 fusion_builder_column_1_2 1_2 fusion-one-half fusion-column-last\" style=\"--awb-bg-size:cover;width:50%;width:calc(50% - ( ( 4% ) * 0.5 ) );\"><div class=\"fusion-column-wrapper fusion-flex-column-wrapper-legacy\"><div class=\"fusion-text fusion-text-2\"><h2><strong>Jitterbuggare<\/strong><\/h2>\n<p><strong>ca 50 st<\/strong><br \/>\n4\u00bd-5 dl vetemj\u00f6l<br \/>\n1 dl str\u00f6socker<br \/>\n200 g sm\u00f6r<\/p>\n<p><em>Fyllning<\/em>:<br \/>\n2 \u00e4ggvitor<br \/>\n4 msk socker<\/p>\n<\/div><div class=\"fusion-clearfix\"><\/div><\/div><\/div><div class=\"fusion-layout-column fusion_builder_column fusion-builder-column-2 fusion_builder_column_1_2 1_2 fusion-one-half fusion-column-first\" style=\"--awb-bg-size:cover;width:48%; margin-right: 4%;\"><div class=\"fusion-column-wrapper fusion-flex-column-wrapper-legacy\"><div class=\"fusion-text fusion-text-3\"><p>L\u00e4gg mj\u00f6let p\u00e5 bakbordet och sockret ovanp\u00e5. Arbeta ihop tillsammans med matfettet. L\u00e5t degen vila i kyl i en timme. Tag fram degen s\u00e5 den mjuknar och blir mer l\u00e4tthanterlig. Vispa \u00e4ggvitorna till h\u00e5rt skum och tills\u00e4tt sockret under fortsatt kraftig vispning. Dela degen i tv\u00e5 delar och kavla ut direkt p\u00e5 bakpl\u00e5tspapper till en ca \u00bd cm tjock rektangel (16&#215;30 cm).Om degen \u00e4r sv\u00e5r att rulla ihop utan att den spricker, s\u00e5 l\u00e5t den ligga ytterligare en stund i rumstemperatur s\u00e5 g\u00e5r det l\u00e4ttare.\u00a0Bred p\u00e5 h\u00e4lften av fyllningen p\u00e5 vardera degplattan och rulla ihop dem som tv\u00e5 rullt\u00e5rtor. St\u00e4ll dem p\u00e5 kallt st\u00e4lle en stund. Sk\u00e4r varje rulle i ca \u00bd cm tjocka skivor och l\u00e4gg dem p\u00e5 bakpl\u00e5tspapper. Gr\u00e4dda i 175-200 grader i ca 10 minuter.<br \/>\nReceptet \u00e4r h\u00e4mtat fr\u00e5n Sju sorters kakor 1978.<\/p>\n<\/div><div class=\"fusion-clearfix\"><\/div><\/div><\/div><div class=\"fusion-layout-column fusion_builder_column fusion-builder-column-3 fusion_builder_column_1_1 1_1 fusion-one-full fusion-column-last fusion-column-no-min-height\" style=\"--awb-bg-size:cover;--awb-margin-bottom:0px;\"><div class=\"fusion-column-wrapper fusion-flex-column-wrapper-legacy\"><div class=\"fusion-sep-clear\"><\/div><div class=\"fusion-separator fusion-full-width-sep\" style=\"margin-left: auto;margin-right: auto;margin-top:40px;margin-bottom:40px;width:100%;\"><div class=\"fusion-separator-border sep-shadow\" style=\"--awb-height:20px;--awb-amount:20px;background:radial-gradient(ellipse at 50% -50% , #e0dede 0px, rgba(255, 255, 255, 0) 80%) repeat scroll 0 0 rgba(0, 0, 0, 0);background:-webkit-radial-gradient(ellipse at 50% -50% , #e0dede 0px, rgba(255, 255, 255, 0) 80%) repeat scroll 0 0 rgba(0, 0, 0, 0);background:-moz-radial-gradient(ellipse at 50% -50% , #e0dede 0px, rgba(255, 255, 255, 0) 80%) repeat scroll 0 0 rgba(0, 0, 0, 0);background:-o-radial-gradient(ellipse at 50% -50% , #e0dede 0px, rgba(255, 255, 255, 0) 80%) repeat scroll 0 0 rgba(0, 0, 0, 0);\"><\/div><\/div><div class=\"fusion-sep-clear\"><\/div><div class=\"fusion-clearfix\"><\/div><\/div><\/div><\/div><\/div>\n","protected":false},"excerpt":{"rendered":"","protected":false},"author":3,"featured_media":0,"parent":216,"menu_order":109,"comment_status":"open","ping_status":"open","template":"100-width.php","meta":{"footnotes":""},"class_list":["post-1958","page","type-page","status-publish","hentry"],"_links":{"self":[{"href":"https:\/\/zallan.se\/index.php?rest_route=\/wp\/v2\/pages\/1958","targetHints":{"allow":["GET"]}}],"collection":[{"href":"https:\/\/zallan.se\/index.php?rest_route=\/wp\/v2\/pages"}],"about":[{"href":"https:\/\/zallan.se\/index.php?rest_route=\/wp\/v2\/types\/page"}],"author":[{"embeddable":true,"href":"https:\/\/zallan.se\/index.php?rest_route=\/wp\/v2\/users\/3"}],"replies":[{"embeddable":true,"href":"https:\/\/zallan.se\/index.php?rest_route=%2Fwp%2Fv2%2Fcomments&post=1958"}],"version-history":[{"count":1,"href":"https:\/\/zallan.se\/index.php?rest_route=\/wp\/v2\/pages\/1958\/revisions"}],"predecessor-version":[{"id":5960,"href":"https:\/\/zallan.se\/index.php?rest_route=\/wp\/v2\/pages\/1958\/revisions\/5960"}],"up":[{"embeddable":true,"href":"https:\/\/zallan.se\/index.php?rest_route=\/wp\/v2\/pages\/216"}],"wp:attachment":[{"href":"https:\/\/zallan.se\/index.php?rest_route=%2Fwp%2Fv2%2Fmedia&parent=1958"}],"curies":[{"name":"wp","href":"https:\/\/api.w.org\/{rel}","templated":true}]}}