{"id":1913,"date":"2014-02-14T14:07:11","date_gmt":"2014-02-14T13:07:11","guid":{"rendered":"http:\/\/zallan.se\/?page_id=1913"},"modified":"2019-05-08T11:57:05","modified_gmt":"2019-05-08T09:57:05","slug":"eft-havtornsmousse","status":"publish","type":"page","link":"https:\/\/zallan.se\/?page_id=1913","title":{"rendered":"Havtornsmousse"},"content":{"rendered":"<div class=\"fusion-fullwidth fullwidth-box fusion-builder-row-1 hundred-percent-fullwidth non-hundred-percent-height-scrolling\" style=\"--awb-border-radius-top-left:0px;--awb-border-radius-top-right:0px;--awb-border-radius-bottom-right:0px;--awb-border-radius-bottom-left:0px;--awb-overflow:visible;--awb-padding-right:30px;--awb-padding-left:30px;--awb-flex-wrap:wrap;\" ><div class=\"fusion-builder-row fusion-row\"><div class=\"fusion-layout-column fusion_builder_column fusion-builder-column-0 fusion_builder_column_1_2 1_2 fusion-one-half fusion-column-first\" style=\"--awb-bg-size:cover;width:50%;width:calc(50% - ( ( 4% ) * 0.5 ) );margin-right: 4%;\"><div class=\"fusion-column-wrapper fusion-flex-column-wrapper-legacy\"><div class=\"fusion-text fusion-text-1\"><p><a href=\"http:\/\/zallan.se\/wp-content\/uploads\/2014\/02\/EFThavtornsmousse.jpg\"><img decoding=\"async\" class=\"alignnone size-full wp-image-1915\" src=\"http:\/\/zallan.se\/wp-content\/uploads\/2014\/02\/EFThavtornsmousse.jpg\" alt=\"EFThavtornsmousse.jpg\" width=\"560\" height=\"515\" srcset=\"https:\/\/zallan.se\/wp-content\/uploads\/2014\/02\/EFThavtornsmousse-293x270.jpg 293w, https:\/\/zallan.se\/wp-content\/uploads\/2014\/02\/EFThavtornsmousse.jpg 560w\" sizes=\"(max-width: 560px) 100vw, 560px\" \/><\/a><\/p>\n<\/div><div class=\"fusion-clearfix\"><\/div><\/div><\/div><div class=\"fusion-layout-column fusion_builder_column fusion-builder-column-1 fusion_builder_column_1_2 1_2 fusion-one-half fusion-column-last\" style=\"--awb-bg-size:cover;width:50%;width:calc(50% - ( ( 4% ) * 0.5 ) );\"><div class=\"fusion-column-wrapper fusion-flex-column-wrapper-legacy\"><div class=\"fusion-text fusion-text-2\"><p><strong><br \/>\n<\/strong><\/p>\n<h2>Havtornsmousse<\/h2>\n<p><strong>4 pers<\/strong><br \/>\n100 g vit choklad<br \/>\n3\/4 dl r\u00e5pressad havtornsjuice<br \/>\n1 dl turkisk yoghurt<br \/>\n1 dl l\u00e4tt vispad vispgr\u00e4dde<br \/>\nbj\u00f6rnb\u00e4r eller bl\u00e5b\u00e4r och rostade mandelflagor till garnering<br \/>\nalt honungsrostade pecann\u00f6tter<\/p>\n<\/div><div class=\"fusion-clearfix\"><\/div><\/div><\/div><div class=\"fusion-layout-column fusion_builder_column fusion-builder-column-2 fusion_builder_column_1_1 1_1 fusion-one-full fusion-column-first fusion-column-last\" style=\"--awb-bg-size:cover;--awb-margin-bottom:0px;\"><div class=\"fusion-column-wrapper fusion-flex-column-wrapper-legacy\"><div class=\"fusion-text fusion-text-3\"><p>Sm\u00e4lt chokladen i mikron. Vispa ner havtornsjuice och yoghurt. och v\u00e4nd ner gr\u00e4dden. L\u00e5t stelna i kylen n\u00e5gra timmar. Dekorera med bj\u00f6rnb\u00e4r (g\u00e5r bra med tinade frysta) eller bl\u00e5b\u00e4r och rostade mandelflagor.<br \/>\nVill man ist\u00e4llet garnera med pecann\u00f6tter, rostar man 1 dl pecann\u00f6tter i en stekpanna. Hacka n\u00f6tterna grovt. L\u00e4gg n\u00e5gra matskedar flytande honung i pannan och v\u00e4rm f\u00f6rsiktigt till lite m\u00f6rkare nyans. Tills\u00e4tt de hackade pecann\u00f6tterna och r\u00f6r om. H\u00e4ll \u00f6ver p\u00e5 ett bakpl\u00e5tspapper och l\u00e5t svalna. Bryt eller hacka i mindre bitar och str\u00f6 \u00f6ver moussen.<\/p>\n<p><strong>Havtornsjuice<\/strong>\u00a0f\u00e5r man genom att k\u00f6ra havtornsb\u00e4ren i en mixer och sedan passera dem genom en sil.<\/p>\n<\/div><div class=\"fusion-clearfix\"><\/div><\/div><\/div><div class=\"fusion-layout-column fusion_builder_column fusion-builder-column-3 fusion_builder_column_1_1 1_1 fusion-one-full fusion-column-first fusion-column-last fusion-column-no-min-height\" style=\"--awb-bg-size:cover;--awb-margin-bottom:0px;\"><div class=\"fusion-column-wrapper fusion-flex-column-wrapper-legacy\"><div class=\"fusion-sep-clear\"><\/div><div class=\"fusion-separator fusion-full-width-sep\" style=\"margin-left: auto;margin-right: auto;margin-top:40px;margin-bottom:40px;width:100%;\"><div class=\"fusion-separator-border sep-shadow\" style=\"--awb-height:20px;--awb-amount:20px;background:radial-gradient(ellipse at 50% -50% , #e0dede 0px, rgba(255, 255, 255, 0) 80%) repeat scroll 0 0 rgba(0, 0, 0, 0);background:-webkit-radial-gradient(ellipse at 50% -50% , #e0dede 0px, rgba(255, 255, 255, 0) 80%) repeat scroll 0 0 rgba(0, 0, 0, 0);background:-moz-radial-gradient(ellipse at 50% -50% , #e0dede 0px, rgba(255, 255, 255, 0) 80%) repeat scroll 0 0 rgba(0, 0, 0, 0);background:-o-radial-gradient(ellipse at 50% -50% , #e0dede 0px, rgba(255, 255, 255, 0) 80%) repeat scroll 0 0 rgba(0, 0, 0, 0);\"><\/div><\/div><div class=\"fusion-sep-clear\"><\/div><div class=\"fusion-clearfix\"><\/div><\/div><\/div><\/div><\/div>\n","protected":false},"excerpt":{"rendered":"","protected":false},"author":3,"featured_media":0,"parent":210,"menu_order":53,"comment_status":"open","ping_status":"open","template":"100-width.php","meta":{"footnotes":""},"class_list":["post-1913","page","type-page","status-publish","hentry"],"_links":{"self":[{"href":"https:\/\/zallan.se\/index.php?rest_route=\/wp\/v2\/pages\/1913","targetHints":{"allow":["GET"]}}],"collection":[{"href":"https:\/\/zallan.se\/index.php?rest_route=\/wp\/v2\/pages"}],"about":[{"href":"https:\/\/zallan.se\/index.php?rest_route=\/wp\/v2\/types\/page"}],"author":[{"embeddable":true,"href":"https:\/\/zallan.se\/index.php?rest_route=\/wp\/v2\/users\/3"}],"replies":[{"embeddable":true,"href":"https:\/\/zallan.se\/index.php?rest_route=%2Fwp%2Fv2%2Fcomments&post=1913"}],"version-history":[{"count":1,"href":"https:\/\/zallan.se\/index.php?rest_route=\/wp\/v2\/pages\/1913\/revisions"}],"predecessor-version":[{"id":5907,"href":"https:\/\/zallan.se\/index.php?rest_route=\/wp\/v2\/pages\/1913\/revisions\/5907"}],"up":[{"embeddable":true,"href":"https:\/\/zallan.se\/index.php?rest_route=\/wp\/v2\/pages\/210"}],"wp:attachment":[{"href":"https:\/\/zallan.se\/index.php?rest_route=%2Fwp%2Fv2%2Fmedia&parent=1913"}],"curies":[{"name":"wp","href":"https:\/\/api.w.org\/{rel}","templated":true}]}}