{"id":1847,"date":"2014-02-13T14:45:45","date_gmt":"2014-02-13T13:45:45","guid":{"rendered":"http:\/\/zallan.se\/?page_id=1847"},"modified":"2019-05-08T13:04:33","modified_gmt":"2019-05-08T11:04:33","slug":"kak-frasiga-miniblabarspajer","status":"publish","type":"page","link":"https:\/\/zallan.se\/?page_id=1847","title":{"rendered":"Frasiga minibl\u00e5b\u00e4rspajer"},"content":{"rendered":"<div class=\"fusion-fullwidth fullwidth-box fusion-builder-row-1 hundred-percent-fullwidth non-hundred-percent-height-scrolling\" style=\"--awb-border-radius-top-left:0px;--awb-border-radius-top-right:0px;--awb-border-radius-bottom-right:0px;--awb-border-radius-bottom-left:0px;--awb-overflow:visible;--awb-padding-right:30px;--awb-padding-left:30px;--awb-flex-wrap:wrap;\" ><div class=\"fusion-builder-row fusion-row\"><div class=\"fusion-layout-column fusion_builder_column fusion-builder-column-0 fusion_builder_column_1_2 1_2 fusion-one-half fusion-column-first\" style=\"--awb-bg-size:cover;width:50%;width:calc(50% - ( ( 4% ) * 0.5 ) );margin-right: 4%;\"><div class=\"fusion-column-wrapper fusion-flex-column-wrapper-legacy\"><div class=\"fusion-text fusion-text-1\"><p><img decoding=\"async\" class=\"alignnone wp-image-1850\" src=\"http:\/\/zallan.se\/wp-content\/uploads\/2014\/02\/KAKfyllda-havreformar-360x270.jpg\" alt=\"\" width=\"501\" height=\"376\" srcset=\"https:\/\/zallan.se\/wp-content\/uploads\/2014\/02\/KAKfyllda-havreformar-180x135.jpg 180w, https:\/\/zallan.se\/wp-content\/uploads\/2014\/02\/KAKfyllda-havreformar-200x150.jpg 200w, https:\/\/zallan.se\/wp-content\/uploads\/2014\/02\/KAKfyllda-havreformar-360x270.jpg 360w, https:\/\/zallan.se\/wp-content\/uploads\/2014\/02\/KAKfyllda-havreformar.jpg 560w\" sizes=\"(max-width: 501px) 100vw, 501px\" \/><\/p>\n<\/div><div class=\"fusion-clearfix\"><\/div><\/div><\/div><div class=\"fusion-layout-column fusion_builder_column fusion-builder-column-1 fusion_builder_column_1_2 1_2 fusion-one-half fusion-column-last\" style=\"--awb-bg-size:cover;width:50%;width:calc(50% - ( ( 4% ) * 0.5 ) );\"><div class=\"fusion-column-wrapper fusion-flex-column-wrapper-legacy\"><div class=\"fusion-text fusion-text-2\"><h2><strong>Frasiga minibl\u00e5b\u00e4rspajer<\/strong><\/h2>\n<p><strong>8 st<\/strong><br \/>\n100 g sm\u00f6r,<br \/>\n1\u00bd dl vetemj\u00f6l (90 g),<br \/>\n1 dl havregryn,<br \/>\n\u00bd dl str\u00f6socker<\/p>\n<p><em>Fyllning: <\/em><br \/>\n250 g Kesella citrus fr\u00e5n Arla<br \/>\n125 g f\u00e4rska bl\u00e5b\u00e4r<\/p>\n<\/div><div class=\"fusion-clearfix\"><\/div><\/div><\/div><div class=\"fusion-layout-column fusion_builder_column fusion-builder-column-2 fusion_builder_column_1_2 1_2 fusion-one-half fusion-column-first\" style=\"--awb-bg-size:cover;width:48%; margin-right: 4%;\"><div class=\"fusion-column-wrapper fusion-flex-column-wrapper-legacy\"><div class=\"fusion-text fusion-text-3\"><p>S\u00e4tt ugnen p\u00e5 200 grader. Sm\u00e4lt\u00a0sm\u00f6ret i en bunke i mikron. R\u00f6r ner mj\u00f6l, havregryn och socker. L\u00e5t svalna n\u00e5got. Tryck ut degen i mazarinformar, g\u00e4rna av papper (varje form med deg v\u00e4ger ca 30 g).\u00a0Gr\u00e4dda mitt i ugnen ca 8 min. L\u00e5t kallna och fyll sedan med citruskesellan och toppa med bl\u00e5b\u00e4r. Mums.<\/p>\n<\/div><div class=\"fusion-clearfix\"><\/div><\/div><\/div><div class=\"fusion-layout-column fusion_builder_column fusion-builder-column-3 fusion_builder_column_1_1 1_1 fusion-one-full fusion-column-last fusion-column-no-min-height\" style=\"--awb-bg-size:cover;--awb-margin-bottom:0px;\"><div class=\"fusion-column-wrapper fusion-flex-column-wrapper-legacy\"><div class=\"fusion-sep-clear\"><\/div><div class=\"fusion-separator fusion-full-width-sep\" style=\"margin-left: auto;margin-right: auto;margin-top:40px;margin-bottom:40px;width:100%;\"><div class=\"fusion-separator-border sep-shadow\" style=\"--awb-height:20px;--awb-amount:20px;background:radial-gradient(ellipse at 50% -50% , #e0dede 0px, rgba(255, 255, 255, 0) 80%) repeat scroll 0 0 rgba(0, 0, 0, 0);background:-webkit-radial-gradient(ellipse at 50% -50% , #e0dede 0px, rgba(255, 255, 255, 0) 80%) repeat scroll 0 0 rgba(0, 0, 0, 0);background:-moz-radial-gradient(ellipse at 50% -50% , #e0dede 0px, rgba(255, 255, 255, 0) 80%) repeat scroll 0 0 rgba(0, 0, 0, 0);background:-o-radial-gradient(ellipse at 50% -50% , #e0dede 0px, rgba(255, 255, 255, 0) 80%) repeat scroll 0 0 rgba(0, 0, 0, 0);\"><\/div><\/div><div class=\"fusion-sep-clear\"><\/div><div class=\"fusion-clearfix\"><\/div><\/div><\/div><\/div><\/div>\n","protected":false},"excerpt":{"rendered":"","protected":false},"author":3,"featured_media":0,"parent":216,"menu_order":104,"comment_status":"open","ping_status":"open","template":"100-width.php","meta":{"footnotes":""},"class_list":["post-1847","page","type-page","status-publish","hentry"],"_links":{"self":[{"href":"https:\/\/zallan.se\/index.php?rest_route=\/wp\/v2\/pages\/1847","targetHints":{"allow":["GET"]}}],"collection":[{"href":"https:\/\/zallan.se\/index.php?rest_route=\/wp\/v2\/pages"}],"about":[{"href":"https:\/\/zallan.se\/index.php?rest_route=\/wp\/v2\/types\/page"}],"author":[{"embeddable":true,"href":"https:\/\/zallan.se\/index.php?rest_route=\/wp\/v2\/users\/3"}],"replies":[{"embeddable":true,"href":"https:\/\/zallan.se\/index.php?rest_route=%2Fwp%2Fv2%2Fcomments&post=1847"}],"version-history":[{"count":2,"href":"https:\/\/zallan.se\/index.php?rest_route=\/wp\/v2\/pages\/1847\/revisions"}],"predecessor-version":[{"id":5955,"href":"https:\/\/zallan.se\/index.php?rest_route=\/wp\/v2\/pages\/1847\/revisions\/5955"}],"up":[{"embeddable":true,"href":"https:\/\/zallan.se\/index.php?rest_route=\/wp\/v2\/pages\/216"}],"wp:attachment":[{"href":"https:\/\/zallan.se\/index.php?rest_route=%2Fwp%2Fv2%2Fmedia&parent=1847"}],"curies":[{"name":"wp","href":"https:\/\/api.w.org\/{rel}","templated":true}]}}