{"id":1659,"date":"2014-02-11T18:26:17","date_gmt":"2014-02-11T17:26:17","guid":{"rendered":"http:\/\/zallan.se\/?page_id=1659"},"modified":"2019-05-08T14:18:30","modified_gmt":"2019-05-08T12:18:30","slug":"kot-japansk-flaskfile","status":"publish","type":"page","link":"https:\/\/zallan.se\/?page_id=1659","title":{"rendered":"Japansk fl\u00e4skfil\u00e9"},"content":{"rendered":"<div class=\"fusion-fullwidth fullwidth-box fusion-builder-row-1 hundred-percent-fullwidth non-hundred-percent-height-scrolling\" style=\"--awb-border-radius-top-left:0px;--awb-border-radius-top-right:0px;--awb-border-radius-bottom-right:0px;--awb-border-radius-bottom-left:0px;--awb-overflow:visible;--awb-padding-right:30px;--awb-padding-left:30px;--awb-flex-wrap:wrap;\" ><div class=\"fusion-builder-row fusion-row\"><div class=\"fusion-layout-column fusion_builder_column fusion-builder-column-0 fusion_builder_column_1_2 1_2 fusion-one-half fusion-column-first\" style=\"--awb-bg-size:cover;width:50%;width:calc(50% - ( ( 4% ) * 0.5 ) );margin-right: 4%;\"><div class=\"fusion-column-wrapper fusion-flex-column-wrapper-legacy\"><div class=\"fusion-text fusion-text-1\"><p><a href=\"http:\/\/zallan.se\/wp-content\/uploads\/2014\/02\/Japansk-flaeskfileprep1.jpg\"><img decoding=\"async\" class=\"alignleft wp-image-2826 size-full\" src=\"http:\/\/zallan.se\/wp-content\/uploads\/2014\/02\/Japansk-flaeskfileprep1.jpg\" alt=\"\" width=\"560\" height=\"420\" srcset=\"https:\/\/zallan.se\/wp-content\/uploads\/2014\/02\/Japansk-flaeskfileprep1-180x135.jpg 180w, https:\/\/zallan.se\/wp-content\/uploads\/2014\/02\/Japansk-flaeskfileprep1-200x150.jpg 200w, https:\/\/zallan.se\/wp-content\/uploads\/2014\/02\/Japansk-flaeskfileprep1-360x270.jpg 360w, https:\/\/zallan.se\/wp-content\/uploads\/2014\/02\/Japansk-flaeskfileprep1.jpg 560w\" sizes=\"(max-width: 560px) 100vw, 560px\" \/><\/a><\/p>\n<\/div><div class=\"fusion-clearfix\"><\/div><\/div><\/div><div class=\"fusion-layout-column fusion_builder_column fusion-builder-column-1 fusion_builder_column_1_2 1_2 fusion-one-half fusion-column-last\" style=\"--awb-bg-size:cover;width:50%;width:calc(50% - ( ( 4% ) * 0.5 ) );\"><div class=\"fusion-column-wrapper fusion-flex-column-wrapper-legacy\"><div class=\"fusion-text fusion-text-2\"><h2><strong>Japansk fl\u00e4skfil\u00e9<\/strong><\/h2>\n<p><strong>2 pers<\/strong><\/p>\n<p>300 g fl\u00e4skytterfil\u00e9<br \/>\n1-1\u00bd dl potatismj\u00f6l<br \/>\n1\u00bd dl rapsolja<\/p>\n<p><em>S\u00e5s<\/em><br \/>\n\u00bd dl torrt vitt vin (eller sake om man har)<br \/>\n\u00bd dl Mirin (finns i asiatiska matbutiker)<br \/>\n2\u00bd msk japansk soja<br \/>\n1 dryg tsk r\u00e5socker eller palmsocker (finns i asiatiska butiker och \u00e4r mindre s\u00f6t \u00e4n vanligt socker)<br \/>\n1 bit purjol\u00f6k till garnering<\/p>\n<\/div><div class=\"fusion-clearfix\"><\/div><\/div><\/div><div class=\"fusion-layout-column fusion_builder_column fusion-builder-column-2 fusion_builder_column_1_1 1_1 fusion-one-full fusion-column-first fusion-column-last\" style=\"--awb-bg-size:cover;--awb-margin-bottom:0px;\"><div class=\"fusion-column-wrapper fusion-flex-column-wrapper-legacy\"><div class=\"fusion-clearfix\"><\/div><\/div><\/div><div class=\"fusion-layout-column fusion_builder_column fusion-builder-column-3 fusion_builder_column_1_1 1_1 fusion-one-full fusion-column-first fusion-column-last\" style=\"--awb-bg-size:cover;--awb-margin-bottom:0px;\"><div class=\"fusion-column-wrapper fusion-flex-column-wrapper-legacy\"><div class=\"fusion-text fusion-text-3\"><p>B\u00f6rja med s\u00e5sen och h\u00e4ll vinet i en kastrull tillsammans med soja och socker. Koka upp under omr\u00f6rning och st\u00e4ll sedan \u00e5t sidan.<br \/>\nAnv\u00e4nd halvfryst fil\u00e9 som g\u00e5r att skiva tunt, ca 3 mm tunna skivor. V\u00e4nd dem i potatismj\u00f6l. Hetta upp en stekpanna,h\u00e4ll i oljan och stek skivorna ljusbruna. L\u00e5t rinna av p\u00e5 hush\u00e5llspapper. L\u00e4gg den stekta fil\u00e9n i en upp v\u00e4rmd ren stekpanna och h\u00e4ll \u00f6ver s\u00e5sen. L\u00e5t koka sakta ca 5 minuter. R\u00f6r om och garnera med finstrimlad purjo. Servera ris till och wokade gr\u00f6nsaker.<\/p>\n<\/div><div class=\"fusion-clearfix\"><\/div><\/div><\/div><div class=\"fusion-layout-column fusion_builder_column fusion-builder-column-4 fusion_builder_column_1_1 1_1 fusion-one-full fusion-column-first fusion-column-last fusion-column-no-min-height\" style=\"--awb-bg-size:cover;--awb-margin-bottom:0px;\"><div class=\"fusion-column-wrapper fusion-flex-column-wrapper-legacy\"><div class=\"fusion-sep-clear\"><\/div><div class=\"fusion-separator fusion-full-width-sep\" style=\"margin-left: auto;margin-right: auto;margin-top:40px;margin-bottom:40px;width:100%;\"><div class=\"fusion-separator-border sep-shadow\" style=\"--awb-height:20px;--awb-amount:20px;background:radial-gradient(ellipse at 50% -50% , #e0dede 0px, rgba(255, 255, 255, 0) 80%) repeat scroll 0 0 rgba(0, 0, 0, 0);background:-webkit-radial-gradient(ellipse at 50% -50% , #e0dede 0px, rgba(255, 255, 255, 0) 80%) repeat scroll 0 0 rgba(0, 0, 0, 0);background:-moz-radial-gradient(ellipse at 50% -50% , #e0dede 0px, rgba(255, 255, 255, 0) 80%) repeat scroll 0 0 rgba(0, 0, 0, 0);background:-o-radial-gradient(ellipse at 50% -50% , #e0dede 0px, rgba(255, 255, 255, 0) 80%) repeat scroll 0 0 rgba(0, 0, 0, 0);\"><\/div><\/div><div class=\"fusion-sep-clear\"><\/div><div class=\"fusion-clearfix\"><\/div><\/div><\/div><\/div><\/div>\n","protected":false},"excerpt":{"rendered":"","protected":false},"author":3,"featured_media":0,"parent":219,"menu_order":130,"comment_status":"open","ping_status":"open","template":"100-width.php","meta":{"footnotes":""},"class_list":["post-1659","page","type-page","status-publish","hentry"],"_links":{"self":[{"href":"https:\/\/zallan.se\/index.php?rest_route=\/wp\/v2\/pages\/1659","targetHints":{"allow":["GET"]}}],"collection":[{"href":"https:\/\/zallan.se\/index.php?rest_route=\/wp\/v2\/pages"}],"about":[{"href":"https:\/\/zallan.se\/index.php?rest_route=\/wp\/v2\/types\/page"}],"author":[{"embeddable":true,"href":"https:\/\/zallan.se\/index.php?rest_route=\/wp\/v2\/users\/3"}],"replies":[{"embeddable":true,"href":"https:\/\/zallan.se\/index.php?rest_route=%2Fwp%2Fv2%2Fcomments&post=1659"}],"version-history":[{"count":2,"href":"https:\/\/zallan.se\/index.php?rest_route=\/wp\/v2\/pages\/1659\/revisions"}],"predecessor-version":[{"id":5981,"href":"https:\/\/zallan.se\/index.php?rest_route=\/wp\/v2\/pages\/1659\/revisions\/5981"}],"up":[{"embeddable":true,"href":"https:\/\/zallan.se\/index.php?rest_route=\/wp\/v2\/pages\/219"}],"wp:attachment":[{"href":"https:\/\/zallan.se\/index.php?rest_route=%2Fwp%2Fv2%2Fmedia&parent=1659"}],"curies":[{"name":"wp","href":"https:\/\/api.w.org\/{rel}","templated":true}]}}