{"id":1650,"date":"2014-02-11T17:32:58","date_gmt":"2014-02-11T16:32:58","guid":{"rendered":"http:\/\/zallan.se\/?page_id=1650"},"modified":"2019-05-08T14:15:23","modified_gmt":"2019-05-08T12:15:23","slug":"kot-indisk-lammgryta","status":"publish","type":"page","link":"https:\/\/zallan.se\/?page_id=1650","title":{"rendered":"Indisk lammgryta"},"content":{"rendered":"<div class=\"fusion-fullwidth fullwidth-box fusion-builder-row-1 hundred-percent-fullwidth non-hundred-percent-height-scrolling\" style=\"--awb-border-radius-top-left:0px;--awb-border-radius-top-right:0px;--awb-border-radius-bottom-right:0px;--awb-border-radius-bottom-left:0px;--awb-overflow:visible;--awb-padding-right:30px;--awb-padding-left:30px;--awb-flex-wrap:wrap;\" ><div class=\"fusion-builder-row fusion-row\"><div class=\"fusion-layout-column fusion_builder_column fusion-builder-column-0 fusion_builder_column_1_2 1_2 fusion-one-half fusion-column-first\" style=\"--awb-bg-size:cover;width:50%;width:calc(50% - ( ( 4% ) * 0.5 ) );margin-right: 4%;\"><div class=\"fusion-column-wrapper fusion-flex-column-wrapper-legacy\"><div class=\"fusion-text fusion-text-1\"><p><img decoding=\"async\" class=\"alignnone size-full wp-image-2809\" src=\"http:\/\/zallan.se\/wp-content\/uploads\/2014\/10\/indisk-lammgryta.jpg\" alt=\"\" width=\"560\" height=\"385\" srcset=\"https:\/\/zallan.se\/wp-content\/uploads\/2014\/10\/indisk-lammgryta-360x248.jpg 360w, https:\/\/zallan.se\/wp-content\/uploads\/2014\/10\/indisk-lammgryta.jpg 560w\" sizes=\"(max-width: 560px) 100vw, 560px\" \/><\/p>\n<\/div><div class=\"fusion-clearfix\"><\/div><\/div><\/div><div class=\"fusion-layout-column fusion_builder_column fusion-builder-column-1 fusion_builder_column_1_2 1_2 fusion-one-half fusion-column-last\" style=\"--awb-bg-size:cover;width:50%;width:calc(50% - ( ( 4% ) * 0.5 ) );\"><div class=\"fusion-column-wrapper fusion-flex-column-wrapper-legacy\"><div class=\"fusion-text fusion-text-2\"><h2><strong>Indisk lammgryta<\/strong><\/h2>\n<p><strong>4-6 pers<\/strong><br \/>\n1 kg benfritt lammk\u00f6tt<br \/>\n4 medelstora l\u00f6kar<br \/>\n4 vitl\u00f6ksklyftor<br \/>\n3-4 gr\u00f6na chilifrukter<br \/>\n1 bit f\u00e4rsk ingef\u00e4ra eller 1 tsk malen<br \/>\n1 tsk gurkmeja<br \/>\n1 tsk spiskummin<br \/>\n2 tsk koriander<br \/>\n1 tsk r\u00f6kt paprikapulver<br \/>\n2 tsk salt<br \/>\n1\u00bd dl turkisk yoghurt<br \/>\n1 tsk <a title=\"KRY Garam masala\" href=\"http:\/\/zallan.se\/?page_id=1340\">garam masala<\/a><br \/>\nsm\u00f6r och olja<\/p>\n<\/div><div class=\"fusion-clearfix\"><\/div><\/div><\/div><div class=\"fusion-layout-column fusion_builder_column fusion-builder-column-2 fusion_builder_column_1_1 1_1 fusion-one-full fusion-column-first fusion-column-last\" style=\"--awb-bg-size:cover;--awb-margin-bottom:0px;\"><div class=\"fusion-column-wrapper fusion-flex-column-wrapper-legacy\"><div class=\"fusion-text fusion-text-3\"><p>Sk\u00e4r k\u00f6ttet i kalopsstora bitar. Skiva l\u00f6ken fint och hacka vitl\u00f6ken. Sk\u00e4r chilin i ringar rakt \u00f6ver med k\u00e4rnor och v\u00e4ggar (den gr\u00f6na \u00e4r inte s\u00e5 stark). Bryn k\u00f6ttet i sm\u00f6r blandat med lite olja och l\u00e4gg i en gryta. Fr\u00e4s l\u00f6k, vitl\u00f6k och chili i lite olja, s\u00e4nk v\u00e4rmen och tills\u00e4tt samtliga kryddor och laga i 3-4 minuter under st\u00e4ndig omr\u00f6rning. L\u00e4gg \u00f6ver till k\u00f6ttet i grytan. Tills\u00e4tt yoghurt och st\u00e4ll in grytan i ugnen p\u00e5 125 grader i 3 timmar. N\u00e4r k\u00f6ttet st\u00e5tt inne ca 2 timmar tills\u00e4tter man garam masala.<br \/>\nServera med kokt basmatiris och en <a title=\"VEG Indisk gr\u00f6nsaksblandning\" href=\"http:\/\/zallan.se\/?page_id=1627\">indisk gr\u00f6nsaksblandning<\/a>.<\/p>\n<\/div><div class=\"fusion-clearfix\"><\/div><\/div><\/div><div class=\"fusion-layout-column fusion_builder_column fusion-builder-column-3 fusion_builder_column_1_1 1_1 fusion-one-full fusion-column-first fusion-column-last fusion-column-no-min-height\" style=\"--awb-bg-size:cover;--awb-margin-bottom:0px;\"><div class=\"fusion-column-wrapper fusion-flex-column-wrapper-legacy\"><div class=\"fusion-sep-clear\"><\/div><div class=\"fusion-separator fusion-full-width-sep\" style=\"margin-left: auto;margin-right: auto;margin-top:20px;margin-bottom:20px;width:100%;\"><div class=\"fusion-separator-border sep-shadow\" style=\"--awb-height:20px;--awb-amount:20px;background:radial-gradient(ellipse at 50% -50% , #e0dede 0px, rgba(255, 255, 255, 0) 80%) repeat scroll 0 0 rgba(0, 0, 0, 0);background:-webkit-radial-gradient(ellipse at 50% -50% , #e0dede 0px, rgba(255, 255, 255, 0) 80%) repeat scroll 0 0 rgba(0, 0, 0, 0);background:-moz-radial-gradient(ellipse at 50% -50% , #e0dede 0px, rgba(255, 255, 255, 0) 80%) repeat scroll 0 0 rgba(0, 0, 0, 0);background:-o-radial-gradient(ellipse at 50% -50% , #e0dede 0px, rgba(255, 255, 255, 0) 80%) repeat scroll 0 0 rgba(0, 0, 0, 0);\"><\/div><\/div><div class=\"fusion-sep-clear\"><\/div><div class=\"fusion-clearfix\"><\/div><\/div><\/div><\/div><\/div>\n","protected":false},"excerpt":{"rendered":"","protected":false},"author":3,"featured_media":0,"parent":219,"menu_order":129,"comment_status":"open","ping_status":"open","template":"100-width.php","meta":{"footnotes":""},"class_list":["post-1650","page","type-page","status-publish","hentry"],"_links":{"self":[{"href":"https:\/\/zallan.se\/index.php?rest_route=\/wp\/v2\/pages\/1650","targetHints":{"allow":["GET"]}}],"collection":[{"href":"https:\/\/zallan.se\/index.php?rest_route=\/wp\/v2\/pages"}],"about":[{"href":"https:\/\/zallan.se\/index.php?rest_route=\/wp\/v2\/types\/page"}],"author":[{"embeddable":true,"href":"https:\/\/zallan.se\/index.php?rest_route=\/wp\/v2\/users\/3"}],"replies":[{"embeddable":true,"href":"https:\/\/zallan.se\/index.php?rest_route=%2Fwp%2Fv2%2Fcomments&post=1650"}],"version-history":[{"count":1,"href":"https:\/\/zallan.se\/index.php?rest_route=\/wp\/v2\/pages\/1650\/revisions"}],"predecessor-version":[{"id":5979,"href":"https:\/\/zallan.se\/index.php?rest_route=\/wp\/v2\/pages\/1650\/revisions\/5979"}],"up":[{"embeddable":true,"href":"https:\/\/zallan.se\/index.php?rest_route=\/wp\/v2\/pages\/219"}],"wp:attachment":[{"href":"https:\/\/zallan.se\/index.php?rest_route=%2Fwp%2Fv2%2Fmedia&parent=1650"}],"curies":[{"name":"wp","href":"https:\/\/api.w.org\/{rel}","templated":true}]}}