{"id":1513,"date":"2014-02-09T17:24:33","date_gmt":"2014-02-09T16:24:33","guid":{"rendered":"http:\/\/zallan.se\/?page_id=1513"},"modified":"2019-05-08T13:31:03","modified_gmt":"2019-05-08T11:31:03","slug":"saffransskorpor","status":"publish","type":"page","link":"https:\/\/zallan.se\/?page_id=1513","title":{"rendered":"Saffransskorpor"},"content":{"rendered":"<div class=\"fusion-fullwidth fullwidth-box fusion-builder-row-1 hundred-percent-fullwidth non-hundred-percent-height-scrolling\" style=\"--awb-border-radius-top-left:0px;--awb-border-radius-top-right:0px;--awb-border-radius-bottom-right:0px;--awb-border-radius-bottom-left:0px;--awb-overflow:visible;--awb-padding-right:30px;--awb-padding-left:30px;--awb-flex-wrap:wrap;\" ><div class=\"fusion-builder-row fusion-row\"><div class=\"fusion-layout-column fusion_builder_column fusion-builder-column-0 fusion_builder_column_1_2 1_2 fusion-one-half fusion-column-first\" style=\"--awb-bg-size:cover;width:50%;width:calc(50% - ( ( 4% ) * 0.5 ) );margin-right: 4%;\"><div class=\"fusion-column-wrapper fusion-flex-column-wrapper-legacy\"><div class=\"fusion-text fusion-text-1\"><p><img decoding=\"async\" class=\"alignnone wp-image-1520\" src=\"http:\/\/zallan.se\/wp-content\/uploads\/2014\/02\/KAKsaffransskorpor-deg-360x270.jpg\" alt=\"\" width=\"523\" height=\"392\" srcset=\"https:\/\/zallan.se\/wp-content\/uploads\/2014\/02\/KAKsaffransskorpor-deg-180x135.jpg 180w, https:\/\/zallan.se\/wp-content\/uploads\/2014\/02\/KAKsaffransskorpor-deg-200x150.jpg 200w, https:\/\/zallan.se\/wp-content\/uploads\/2014\/02\/KAKsaffransskorpor-deg-360x270.jpg 360w, https:\/\/zallan.se\/wp-content\/uploads\/2014\/02\/KAKsaffransskorpor-deg.jpg 560w\" sizes=\"(max-width: 523px) 100vw, 523px\" \/><\/p>\n<\/div><div class=\"fusion-sep-clear\"><\/div><div class=\"fusion-separator fusion-full-width-sep\" style=\"margin-left: auto;margin-right: auto;width:100%;\"><\/div><div class=\"fusion-sep-clear\"><\/div><div class=\"fusion-text fusion-text-2\"><p><img decoding=\"async\" class=\"alignnone wp-image-1519\" src=\"http:\/\/zallan.se\/wp-content\/uploads\/2014\/02\/KAKsaffransskorpor-360x270.jpg\" alt=\"\" width=\"523\" height=\"392\" srcset=\"https:\/\/zallan.se\/wp-content\/uploads\/2014\/02\/KAKsaffransskorpor-180x135.jpg 180w, https:\/\/zallan.se\/wp-content\/uploads\/2014\/02\/KAKsaffransskorpor-200x150.jpg 200w, https:\/\/zallan.se\/wp-content\/uploads\/2014\/02\/KAKsaffransskorpor-360x270.jpg 360w, https:\/\/zallan.se\/wp-content\/uploads\/2014\/02\/KAKsaffransskorpor.jpg 560w\" sizes=\"(max-width: 523px) 100vw, 523px\" \/><\/p>\n<\/div><div class=\"fusion-clearfix\"><\/div><\/div><\/div><div class=\"fusion-layout-column fusion_builder_column fusion-builder-column-1 fusion_builder_column_1_2 1_2 fusion-one-half fusion-column-last\" style=\"--awb-bg-size:cover;width:50%;width:calc(50% - ( ( 4% ) * 0.5 ) );\"><div class=\"fusion-column-wrapper fusion-flex-column-wrapper-legacy\"><div class=\"fusion-text fusion-text-3\"><h2><strong>Leilas mammas supergoda saffransskorpor<\/strong><\/h2>\n<p><strong>ca 35 st<\/strong><br \/>\n100 g sm\u00f6r<br \/>\n1 g saffran<br \/>\n2 \u00e4gg (g\u00e4rna ekologiska)<br \/>\n1\u00bd dl str\u00f6socker<br \/>\n5 dl vetemj\u00f6l<br \/>\n1\u00bd tsk bakpulver<br \/>\n1\u00bd tsk kardemummak\u00e4rnor<br \/>\n1\u00bd dl s\u00f6tmandel<\/p>\n<p>S\u00e4tt ugnen p\u00e5 175 grader. Grovhacka och rosta mandlarna l\u00e4tt. Krossa kardemummak\u00e4rnorna i en mortel. Sm\u00e4lt sm\u00f6ret tillsammans med saffran, h\u00e4ll \u00f6ver i en bunke och r\u00f6r ner \u00e4ggen. Blanda de torra ingredienserna med den rostade mandeln och kardemumman och v\u00e4nd ner i bunken. Forma degen till tre l\u00e4ngder och l\u00e4gg dem p\u00e5 en pl\u00e5t med bakpl\u00e5tspapper. Gr\u00e4dda mitt i ugnen i ca 25 minuter. Ta ut l\u00e4ngderna och s\u00e4nk temperaturen till 125 grader. Sk\u00e4r l\u00e4ngderna i ca 1 cm tjocka skivor (p\u00e5 snedden) och l\u00e4gg tillbaka p\u00e5 pl\u00e5ten. Torka skorporna i mitten av ugnen i ca 15 minuter.<\/p>\n<\/div><div class=\"fusion-clearfix\"><\/div><\/div><\/div><div class=\"fusion-layout-column fusion_builder_column fusion-builder-column-2 fusion_builder_column_1_1 1_1 fusion-one-full fusion-column-first fusion-column-last fusion-column-no-min-height\" style=\"--awb-bg-size:cover;--awb-margin-bottom:0px;\"><div class=\"fusion-column-wrapper fusion-flex-column-wrapper-legacy\"><div class=\"fusion-sep-clear\"><\/div><div class=\"fusion-separator fusion-full-width-sep\" style=\"margin-left: auto;margin-right: auto;width:100%;\"><div class=\"fusion-separator-border sep-shadow\" style=\"--awb-height:20px;--awb-amount:20px;background:radial-gradient(ellipse at 50% -50% , #e0dede 0px, rgba(255, 255, 255, 0) 80%) repeat scroll 0 0 rgba(0, 0, 0, 0);background:-webkit-radial-gradient(ellipse at 50% -50% , #e0dede 0px, rgba(255, 255, 255, 0) 80%) repeat scroll 0 0 rgba(0, 0, 0, 0);background:-moz-radial-gradient(ellipse at 50% -50% , #e0dede 0px, rgba(255, 255, 255, 0) 80%) repeat scroll 0 0 rgba(0, 0, 0, 0);background:-o-radial-gradient(ellipse at 50% -50% , #e0dede 0px, rgba(255, 255, 255, 0) 80%) repeat scroll 0 0 rgba(0, 0, 0, 0);\"><\/div><\/div><div class=\"fusion-sep-clear\"><\/div><div class=\"fusion-clearfix\"><\/div><\/div><\/div><\/div><\/div>\n","protected":false},"excerpt":{"rendered":"","protected":false},"author":3,"featured_media":0,"parent":216,"menu_order":115,"comment_status":"open","ping_status":"open","template":"100-width.php","meta":{"footnotes":""},"class_list":["post-1513","page","type-page","status-publish","hentry"],"_links":{"self":[{"href":"https:\/\/zallan.se\/index.php?rest_route=\/wp\/v2\/pages\/1513","targetHints":{"allow":["GET"]}}],"collection":[{"href":"https:\/\/zallan.se\/index.php?rest_route=\/wp\/v2\/pages"}],"about":[{"href":"https:\/\/zallan.se\/index.php?rest_route=\/wp\/v2\/types\/page"}],"author":[{"embeddable":true,"href":"https:\/\/zallan.se\/index.php?rest_route=\/wp\/v2\/users\/3"}],"replies":[{"embeddable":true,"href":"https:\/\/zallan.se\/index.php?rest_route=%2Fwp%2Fv2%2Fcomments&post=1513"}],"version-history":[{"count":2,"href":"https:\/\/zallan.se\/index.php?rest_route=\/wp\/v2\/pages\/1513\/revisions"}],"predecessor-version":[{"id":5969,"href":"https:\/\/zallan.se\/index.php?rest_route=\/wp\/v2\/pages\/1513\/revisions\/5969"}],"up":[{"embeddable":true,"href":"https:\/\/zallan.se\/index.php?rest_route=\/wp\/v2\/pages\/216"}],"wp:attachment":[{"href":"https:\/\/zallan.se\/index.php?rest_route=%2Fwp%2Fv2%2Fmedia&parent=1513"}],"curies":[{"name":"wp","href":"https:\/\/api.w.org\/{rel}","templated":true}]}}