{"id":1468,"date":"2014-02-09T16:43:22","date_gmt":"2014-02-09T15:43:22","guid":{"rendered":"http:\/\/zallan.se\/?page_id=1468"},"modified":"2019-05-08T12:50:06","modified_gmt":"2019-05-08T10:50:06","slug":"for-cheesecake-pa-rokt-lammfiol","status":"publish","type":"page","link":"https:\/\/zallan.se\/?page_id=1468","title":{"rendered":"Cheesecake p\u00e5 r\u00f6kt lammfiol"},"content":{"rendered":"<div class=\"fusion-fullwidth fullwidth-box fusion-builder-row-1 hundred-percent-fullwidth non-hundred-percent-height-scrolling\" style=\"--awb-border-radius-top-left:0px;--awb-border-radius-top-right:0px;--awb-border-radius-bottom-right:0px;--awb-border-radius-bottom-left:0px;--awb-overflow:visible;--awb-padding-right:30px;--awb-padding-left:30px;--awb-flex-wrap:wrap;\" ><div class=\"fusion-builder-row fusion-row\"><div class=\"fusion-layout-column fusion_builder_column fusion-builder-column-0 fusion_builder_column_1_2 1_2 fusion-one-half fusion-column-first\" style=\"--awb-bg-size:cover;width:50%;width:calc(50% - ( ( 4% ) * 0.5 ) );margin-right: 4%;\"><div class=\"fusion-column-wrapper fusion-flex-column-wrapper-legacy\"><div class=\"fusion-text fusion-text-1\"><p><img decoding=\"async\" class=\"alignnone size-medium wp-image-2898\" src=\"http:\/\/zallan.se\/wp-content\/uploads\/2014\/10\/lammcheesecake-360x270.jpg\" alt=\"\" width=\"360\" height=\"270\" srcset=\"https:\/\/zallan.se\/wp-content\/uploads\/2014\/10\/lammcheesecake-180x135.jpg 180w, https:\/\/zallan.se\/wp-content\/uploads\/2014\/10\/lammcheesecake-200x150.jpg 200w, https:\/\/zallan.se\/wp-content\/uploads\/2014\/10\/lammcheesecake-360x270.jpg 360w, https:\/\/zallan.se\/wp-content\/uploads\/2014\/10\/lammcheesecake.jpg 560w\" sizes=\"(max-width: 360px) 100vw, 360px\" \/><\/p>\n<\/div><div class=\"fusion-clearfix\"><\/div><\/div><\/div><div class=\"fusion-layout-column fusion_builder_column fusion-builder-column-1 fusion_builder_column_1_2 1_2 fusion-one-half fusion-column-last\" style=\"--awb-bg-size:cover;width:50%;width:calc(50% - ( ( 4% ) * 0.5 ) );\"><div class=\"fusion-column-wrapper fusion-flex-column-wrapper-legacy\"><div class=\"fusion-text fusion-text-2\"><h2><strong>Cheesecake p\u00e5 r\u00f6kt lammfiol<\/strong><\/h2>\n<p><strong>7-8 bitar<\/strong><br \/>\n150 g kavring<br \/>\n50 g sm\u00e4lt sm\u00f6r<br \/>\n1 krm salt<\/p>\n<p><em>Fyllning<\/em>:<br \/>\n400 g philadelphiaost<br \/>\n\u00bd dl cr\u00e8me fraiche<br \/>\n100 g r\u00f6kt lammfiol<br \/>\nrenstek eller hamburgerk\u00f6tt<br \/>\n3 tsk riven pepparrot<br \/>\n1 krm vitpeppar<br \/>\nev lite salt<br \/>\ngr\u00e4sl\u00f6k och salladsblad t till garnering<\/p>\n<\/div><div class=\"fusion-clearfix\"><\/div><\/div><\/div><div class=\"fusion-layout-column fusion_builder_column fusion-builder-column-2 fusion_builder_column_1_2 1_2 fusion-one-half fusion-column-first\" style=\"--awb-bg-size:cover;width:48%; margin-right: 4%;\"><div class=\"fusion-column-wrapper fusion-flex-column-wrapper-legacy\"><div class=\"fusion-text fusion-text-3\"><p>Bryt kavringen i mindre bitar och k\u00f6r tillsammans med sm\u00f6r och salt i matberedare till en smulig massa. Tryck ut blandningen i botten p\u00e5 en pajform med l\u00f6stagbar kant, ca 23 cm i diameter. St\u00e4ll den i kylen medan fyllningen f\u00f6rbereds.<br \/>\nR\u00f6r philadelphiaost och cr\u00e8me fraiche mjukt och blanda sedan i lammfiolen, skuren i sm\u00e5 bitar, pepparrot och vitpeppar.\u00a0Smaka ev av med lite salt. Spara g\u00e4rna lite finskuret k\u00f6tt till garnering. Stek det d\u00e5 f\u00f6rst knaprigt och l\u00e5t kallna. Bred ut blandningen \u00f6ver kavringbotten. Garnera med hackad gr\u00e4sl\u00f6k, ev knaperstekt k\u00f6tt och str\u00e5n av gr\u00e4sl\u00f6k. St\u00e4ll kallt n\u00e5gra timmar f\u00f6re servering. Garnera med t ex rucolasallad.<\/p>\n<\/div><div class=\"fusion-clearfix\"><\/div><\/div><\/div><div class=\"fusion-layout-column fusion_builder_column fusion-builder-column-3 fusion_builder_column_1_1 1_1 fusion-one-full fusion-column-last fusion-column-no-min-height\" style=\"--awb-bg-size:cover;--awb-margin-bottom:0px;\"><div class=\"fusion-column-wrapper fusion-flex-column-wrapper-legacy\"><div class=\"fusion-sep-clear\"><\/div><div class=\"fusion-separator fusion-full-width-sep\" style=\"margin-left: auto;margin-right: auto;width:100%;\"><div class=\"fusion-separator-border sep-shadow\" style=\"--awb-height:20px;--awb-amount:20px;background:radial-gradient(ellipse at 50% -50% , #e0dede 0px, rgba(255, 255, 255, 0) 80%) repeat scroll 0 0 rgba(0, 0, 0, 0);background:-webkit-radial-gradient(ellipse at 50% -50% , #e0dede 0px, rgba(255, 255, 255, 0) 80%) repeat scroll 0 0 rgba(0, 0, 0, 0);background:-moz-radial-gradient(ellipse at 50% -50% , #e0dede 0px, rgba(255, 255, 255, 0) 80%) repeat scroll 0 0 rgba(0, 0, 0, 0);background:-o-radial-gradient(ellipse at 50% -50% , #e0dede 0px, rgba(255, 255, 255, 0) 80%) repeat scroll 0 0 rgba(0, 0, 0, 0);\"><\/div><\/div><div class=\"fusion-sep-clear\"><\/div><div class=\"fusion-clearfix\"><\/div><\/div><\/div><\/div><\/div>\n","protected":false},"excerpt":{"rendered":"","protected":false},"author":3,"featured_media":0,"parent":212,"menu_order":89,"comment_status":"open","ping_status":"open","template":"100-width.php","meta":{"footnotes":""},"class_list":["post-1468","page","type-page","status-publish","hentry"],"_links":{"self":[{"href":"https:\/\/zallan.se\/index.php?rest_route=\/wp\/v2\/pages\/1468","targetHints":{"allow":["GET"]}}],"collection":[{"href":"https:\/\/zallan.se\/index.php?rest_route=\/wp\/v2\/pages"}],"about":[{"href":"https:\/\/zallan.se\/index.php?rest_route=\/wp\/v2\/types\/page"}],"author":[{"embeddable":true,"href":"https:\/\/zallan.se\/index.php?rest_route=\/wp\/v2\/users\/3"}],"replies":[{"embeddable":true,"href":"https:\/\/zallan.se\/index.php?rest_route=%2Fwp%2Fv2%2Fcomments&post=1468"}],"version-history":[{"count":2,"href":"https:\/\/zallan.se\/index.php?rest_route=\/wp\/v2\/pages\/1468\/revisions"}],"predecessor-version":[{"id":5944,"href":"https:\/\/zallan.se\/index.php?rest_route=\/wp\/v2\/pages\/1468\/revisions\/5944"}],"up":[{"embeddable":true,"href":"https:\/\/zallan.se\/index.php?rest_route=\/wp\/v2\/pages\/212"}],"wp:attachment":[{"href":"https:\/\/zallan.se\/index.php?rest_route=%2Fwp%2Fv2%2Fmedia&parent=1468"}],"curies":[{"name":"wp","href":"https:\/\/api.w.org\/{rel}","templated":true}]}}