{"id":1292,"date":"2014-02-08T14:30:44","date_gmt":"2014-02-08T13:30:44","guid":{"rendered":"http:\/\/zallan.se\/?page_id=1292"},"modified":"2019-05-08T17:54:59","modified_gmt":"2019-05-08T15:54:59","slug":"ma-naan-brod","status":"publish","type":"page","link":"https:\/\/zallan.se\/?page_id=1292","title":{"rendered":"Naan br\u00f6d"},"content":{"rendered":"<div class=\"fusion-fullwidth fullwidth-box fusion-builder-row-1 hundred-percent-fullwidth non-hundred-percent-height-scrolling\" style=\"--awb-border-radius-top-left:0px;--awb-border-radius-top-right:0px;--awb-border-radius-bottom-right:0px;--awb-border-radius-bottom-left:0px;--awb-overflow:visible;--awb-padding-right:30px;--awb-padding-left:30px;--awb-flex-wrap:wrap;\" ><div class=\"fusion-builder-row fusion-row\"><div class=\"fusion-layout-column fusion_builder_column fusion-builder-column-0 fusion_builder_column_1_2 1_2 fusion-one-half fusion-column-first\" style=\"--awb-bg-size:cover;width:50%;width:calc(50% - ( ( 4% ) * 0.5 ) );margin-right: 4%;\"><div class=\"fusion-column-wrapper fusion-flex-column-wrapper-legacy\"><div class=\"fusion-text fusion-text-1\"><p><img decoding=\"async\" class=\"alignnone size-full wp-image-2950\" src=\"http:\/\/zallan.se\/wp-content\/uploads\/2014\/02\/Naanbrod1.jpg\" alt=\"\" width=\"560\" height=\"420\" srcset=\"https:\/\/zallan.se\/wp-content\/uploads\/2014\/02\/Naanbrod1-180x135.jpg 180w, https:\/\/zallan.se\/wp-content\/uploads\/2014\/02\/Naanbrod1-200x150.jpg 200w, https:\/\/zallan.se\/wp-content\/uploads\/2014\/02\/Naanbrod1-360x270.jpg 360w, https:\/\/zallan.se\/wp-content\/uploads\/2014\/02\/Naanbrod1.jpg 560w\" sizes=\"(max-width: 560px) 100vw, 560px\" \/><\/p>\n<\/div><div class=\"fusion-clearfix\"><\/div><\/div><\/div><div class=\"fusion-layout-column fusion_builder_column fusion-builder-column-1 fusion_builder_column_1_2 1_2 fusion-one-half fusion-column-last\" style=\"--awb-bg-size:cover;width:50%;width:calc(50% - ( ( 4% ) * 0.5 ) );\"><div class=\"fusion-column-wrapper fusion-flex-column-wrapper-legacy\"><div class=\"fusion-text fusion-text-2\"><h2><strong>Naan br\u00f6d<\/strong><\/h2>\n<p><strong>6 st<\/strong><\/p>\n<p>1\u00bd dl ljummet vatten (37 grader)<br \/>\n1 tsk socker<br \/>\n1\/4 pkt f\u00e4rskj\u00e4st<br \/>\n300 g vetemj\u00f6l special<br \/>\n120 g siktat dinkel<br \/>\n1 tsk salt<br \/>\n1 tsk bakpulver<br \/>\n2 msk olja<br \/>\n1\u00bd dl yoghurt<br \/>\n1 \u00e4gg<\/p>\n<\/div><div class=\"fusion-clearfix\"><\/div><\/div><\/div><div class=\"fusion-layout-column fusion_builder_column fusion-builder-column-2 fusion_builder_column_1_2 1_2 fusion-one-half fusion-column-first\" style=\"--awb-bg-size:cover;width:48%; margin-right: 4%;\"><div class=\"fusion-column-wrapper fusion-flex-column-wrapper-legacy\"><div class=\"fusion-text fusion-text-3\"><p>R\u00f6r ut j\u00e4sten i vattnet i en matberedare. Tills\u00e4tt socker, salt,\u00a0yoghurt, olja och det uppvispade \u00e4gget och k\u00f6r maskinen n\u00e5gra varv. Blanda mj\u00f6let med bakpulver och h\u00e4ll i bunken. K\u00f6r till en smidig och blank deg som sl\u00e4pper bunkens kanter, ca 5 minuter.<br \/>\nH\u00e4ll en tsk olja i baksk\u00e5len och v\u00e4nd runt degen. J\u00e4s sedan degen \u00f6vert\u00e4ckt i ca 1 timme.<br \/>\nV\u00e4rm\u00a0 ugn och pl\u00e5t till 250\u00b0. Arbeta ihop den j\u00e4sta degen p\u00e5 bakbord och dela i 6 delar. Forma varje degbit till en oval, tunnare p\u00e5 mitten och tjockare mot kanten. Det f\u00e5r plats\u00a0tre stycken p\u00e5 den f\u00f6rv\u00e4rmda pl\u00e5ten. Gr\u00e4dda ca 6-7 min eller tills br\u00f6den f\u00e5tt fin f\u00e4rg. \u00a0Br\u00f6den \u00e4r godast nybakade, men g\u00e5r bra att frysa.<\/p>\n<\/div><div class=\"fusion-clearfix\"><\/div><\/div><\/div><div class=\"fusion-layout-column fusion_builder_column fusion-builder-column-3 fusion_builder_column_1_1 1_1 fusion-one-full fusion-column-last fusion-column-no-min-height\" style=\"--awb-bg-size:cover;--awb-margin-bottom:0px;\"><div class=\"fusion-column-wrapper fusion-flex-column-wrapper-legacy\"><div class=\"fusion-sep-clear\"><\/div><div class=\"fusion-separator fusion-full-width-sep\" style=\"margin-left: auto;margin-right: auto;width:100%;\"><div class=\"fusion-separator-border sep-shadow\" style=\"--awb-height:20px;--awb-amount:20px;background:radial-gradient(ellipse at 50% -50% , #e0dede 0px, rgba(255, 255, 255, 0) 80%) repeat scroll 0 0 rgba(0, 0, 0, 0);background:-webkit-radial-gradient(ellipse at 50% -50% , #e0dede 0px, rgba(255, 255, 255, 0) 80%) repeat scroll 0 0 rgba(0, 0, 0, 0);background:-moz-radial-gradient(ellipse at 50% -50% , #e0dede 0px, rgba(255, 255, 255, 0) 80%) repeat scroll 0 0 rgba(0, 0, 0, 0);background:-o-radial-gradient(ellipse at 50% -50% , #e0dede 0px, rgba(255, 255, 255, 0) 80%) repeat scroll 0 0 rgba(0, 0, 0, 0);\"><\/div><\/div><div class=\"fusion-sep-clear\"><\/div><div class=\"fusion-clearfix\"><\/div><\/div><\/div><\/div><\/div>\n","protected":false},"excerpt":{"rendered":"","protected":false},"author":3,"featured_media":0,"parent":221,"menu_order":191,"comment_status":"open","ping_status":"open","template":"100-width.php","meta":{"footnotes":""},"class_list":["post-1292","page","type-page","status-publish","hentry"],"_links":{"self":[{"href":"https:\/\/zallan.se\/index.php?rest_route=\/wp\/v2\/pages\/1292","targetHints":{"allow":["GET"]}}],"collection":[{"href":"https:\/\/zallan.se\/index.php?rest_route=\/wp\/v2\/pages"}],"about":[{"href":"https:\/\/zallan.se\/index.php?rest_route=\/wp\/v2\/types\/page"}],"author":[{"embeddable":true,"href":"https:\/\/zallan.se\/index.php?rest_route=\/wp\/v2\/users\/3"}],"replies":[{"embeddable":true,"href":"https:\/\/zallan.se\/index.php?rest_route=%2Fwp%2Fv2%2Fcomments&post=1292"}],"version-history":[{"count":2,"href":"https:\/\/zallan.se\/index.php?rest_route=\/wp\/v2\/pages\/1292\/revisions"}],"predecessor-version":[{"id":6049,"href":"https:\/\/zallan.se\/index.php?rest_route=\/wp\/v2\/pages\/1292\/revisions\/6049"}],"up":[{"embeddable":true,"href":"https:\/\/zallan.se\/index.php?rest_route=\/wp\/v2\/pages\/221"}],"wp:attachment":[{"href":"https:\/\/zallan.se\/index.php?rest_route=%2Fwp%2Fv2%2Fmedia&parent=1292"}],"curies":[{"name":"wp","href":"https:\/\/api.w.org\/{rel}","templated":true}]}}