{"id":1256,"date":"2014-02-07T16:04:48","date_gmt":"2014-02-07T15:04:48","guid":{"rendered":"http:\/\/zallan.se\/?page_id=1256"},"modified":"2019-05-07T18:58:34","modified_gmt":"2019-05-07T16:58:34","slug":"chu-fladerbarschutney","status":"publish","type":"page","link":"https:\/\/zallan.se\/?page_id=1256","title":{"rendered":"Fl\u00e4derb\u00e4rschutney"},"content":{"rendered":"<div class=\"fusion-fullwidth fullwidth-box fusion-builder-row-1 hundred-percent-fullwidth non-hundred-percent-height-scrolling\" style=\"--awb-border-radius-top-left:0px;--awb-border-radius-top-right:0px;--awb-border-radius-bottom-right:0px;--awb-border-radius-bottom-left:0px;--awb-overflow:visible;--awb-padding-right:30px;--awb-padding-left:30px;--awb-flex-wrap:wrap;\" ><div class=\"fusion-builder-row fusion-row\"><div class=\"fusion-layout-column fusion_builder_column fusion-builder-column-0 fusion_builder_column_1_2 1_2 fusion-one-half fusion-column-first\" style=\"--awb-bg-size:cover;width:50%;width:calc(50% - ( ( 4% ) * 0.5 ) );margin-right: 4%;\"><div class=\"fusion-column-wrapper fusion-flex-column-wrapper-legacy\"><div class=\"fusion-text fusion-text-1\"><p><img decoding=\"async\" class=\"alignleft size-full wp-image-1259\" src=\"http:\/\/zallan.se\/wp-content\/uploads\/2014\/02\/CHUfladerbar.jpg\" alt=\"\" width=\"560\" height=\"420\" srcset=\"https:\/\/zallan.se\/wp-content\/uploads\/2014\/02\/CHUfladerbar-180x135.jpg 180w, https:\/\/zallan.se\/wp-content\/uploads\/2014\/02\/CHUfladerbar-200x150.jpg 200w, https:\/\/zallan.se\/wp-content\/uploads\/2014\/02\/CHUfladerbar-360x270.jpg 360w, https:\/\/zallan.se\/wp-content\/uploads\/2014\/02\/CHUfladerbar.jpg 560w\" sizes=\"(max-width: 560px) 100vw, 560px\" \/><\/p>\n<\/div><div class=\"fusion-clearfix\"><\/div><\/div><\/div><div class=\"fusion-layout-column fusion_builder_column fusion-builder-column-1 fusion_builder_column_1_2 1_2 fusion-one-half fusion-column-last\" style=\"--awb-bg-size:cover;width:50%;width:calc(50% - ( ( 4% ) * 0.5 ) );\"><div class=\"fusion-column-wrapper fusion-flex-column-wrapper-legacy\"><div class=\"fusion-text fusion-text-2\"><h2><strong>Fl\u00e4derb\u00e4rschutney<\/strong><\/h2>\n<p>1 l fl\u00e4derb\u00e4r,<br \/>\n1 stor hackad r\u00f6dl\u00f6k,<br \/>\n1 pressad vitl\u00f6ksklyfta<br \/>\n1\u00bd dl str\u00f6socker<br \/>\n3 dl \u00e4ppelcidervin\u00e4ger<br \/>\n1 citronskiva<br \/>\n\u00bd tsk malda kryddnejlikor<br \/>\n1 tsk mald kanel<br \/>\n1 tsk mald ingef\u00e4ra<\/p>\n<\/div><div class=\"fusion-clearfix\"><\/div><\/div><\/div><div class=\"fusion-layout-column fusion_builder_column fusion-builder-column-2 fusion_builder_column_1_2 1_2 fusion-one-half fusion-column-first\" style=\"--awb-bg-size:cover;width:48%; margin-right: 4%;\"><div class=\"fusion-column-wrapper fusion-flex-column-wrapper-legacy\"><div class=\"fusion-text fusion-text-3\"><p>R\u00f6r ihop alla ingredienser och l\u00e5t\u00a0koka under omr\u00f6rning tills blandningen tjocknar (tar 20-30 min). H\u00e4ll upp p\u00e5 burkar och f\u00f6rslut. V\u00e4nd burkarna upp och ner f\u00f6r l\u00e4ngre h\u00e5llbarhet. Jag gjorda halva satsen.<\/p>\n<\/div><div class=\"fusion-clearfix\"><\/div><\/div><\/div><div class=\"fusion-layout-column fusion_builder_column fusion-builder-column-3 fusion_builder_column_1_1 1_1 fusion-one-full fusion-column-last fusion-column-no-min-height\" style=\"--awb-bg-size:cover;--awb-margin-bottom:0px;\"><div class=\"fusion-column-wrapper fusion-flex-column-wrapper-legacy\"><div class=\"fusion-sep-clear\"><\/div><div class=\"fusion-separator fusion-full-width-sep\" style=\"margin-left: auto;margin-right: auto;margin-top:5px;margin-bottom:5px;width:100%;\"><div class=\"fusion-separator-border sep-shadow\" style=\"--awb-height:20px;--awb-amount:20px;background:radial-gradient(ellipse at 50% -50% , #e0dede 0px, rgba(255, 255, 255, 0) 80%) repeat scroll 0 0 rgba(0, 0, 0, 0);background:-webkit-radial-gradient(ellipse at 50% -50% , #e0dede 0px, rgba(255, 255, 255, 0) 80%) repeat scroll 0 0 rgba(0, 0, 0, 0);background:-moz-radial-gradient(ellipse at 50% -50% , #e0dede 0px, rgba(255, 255, 255, 0) 80%) repeat scroll 0 0 rgba(0, 0, 0, 0);background:-o-radial-gradient(ellipse at 50% -50% , #e0dede 0px, rgba(255, 255, 255, 0) 80%) repeat scroll 0 0 rgba(0, 0, 0, 0);\"><\/div><\/div><div class=\"fusion-sep-clear\"><\/div><div class=\"fusion-clearfix\"><\/div><\/div><\/div><\/div><\/div>\n","protected":false},"excerpt":{"rendered":"","protected":false},"author":3,"featured_media":0,"parent":959,"menu_order":87,"comment_status":"open","ping_status":"open","template":"100-width.php","meta":{"footnotes":""},"class_list":["post-1256","page","type-page","status-publish","hentry"],"_links":{"self":[{"href":"https:\/\/zallan.se\/index.php?rest_route=\/wp\/v2\/pages\/1256","targetHints":{"allow":["GET"]}}],"collection":[{"href":"https:\/\/zallan.se\/index.php?rest_route=\/wp\/v2\/pages"}],"about":[{"href":"https:\/\/zallan.se\/index.php?rest_route=\/wp\/v2\/types\/page"}],"author":[{"embeddable":true,"href":"https:\/\/zallan.se\/index.php?rest_route=\/wp\/v2\/users\/3"}],"replies":[{"embeddable":true,"href":"https:\/\/zallan.se\/index.php?rest_route=%2Fwp%2Fv2%2Fcomments&post=1256"}],"version-history":[{"count":1,"href":"https:\/\/zallan.se\/index.php?rest_route=\/wp\/v2\/pages\/1256\/revisions"}],"predecessor-version":[{"id":5880,"href":"https:\/\/zallan.se\/index.php?rest_route=\/wp\/v2\/pages\/1256\/revisions\/5880"}],"up":[{"embeddable":true,"href":"https:\/\/zallan.se\/index.php?rest_route=\/wp\/v2\/pages\/959"}],"wp:attachment":[{"href":"https:\/\/zallan.se\/index.php?rest_route=%2Fwp%2Fv2%2Fmedia&parent=1256"}],"curies":[{"name":"wp","href":"https:\/\/api.w.org\/{rel}","templated":true}]}}