{"id":1024,"date":"2014-02-06T12:47:04","date_gmt":"2014-02-06T11:47:04","guid":{"rendered":"http:\/\/zallan.se\/?page_id=1024"},"modified":"2019-05-08T17:53:24","modified_gmt":"2019-05-08T15:53:24","slug":"ma-mors-jullimpor","status":"publish","type":"page","link":"https:\/\/zallan.se\/?page_id=1024","title":{"rendered":"Mors jullimpor"},"content":{"rendered":"<div class=\"fusion-fullwidth fullwidth-box fusion-builder-row-1 hundred-percent-fullwidth non-hundred-percent-height-scrolling\" style=\"--awb-border-radius-top-left:0px;--awb-border-radius-top-right:0px;--awb-border-radius-bottom-right:0px;--awb-border-radius-bottom-left:0px;--awb-overflow:visible;--awb-padding-right:30px;--awb-padding-left:30px;--awb-flex-wrap:wrap;\" ><div class=\"fusion-builder-row fusion-row\"><div class=\"fusion-layout-column fusion_builder_column fusion-builder-column-0 fusion_builder_column_1_2 1_2 fusion-one-half fusion-column-first\" style=\"--awb-bg-size:cover;width:50%;width:calc(50% - ( ( 4% ) * 0.5 ) );margin-right: 4%;\"><div class=\"fusion-column-wrapper fusion-flex-column-wrapper-legacy\"><div class=\"fusion-text fusion-text-1\"><p><img decoding=\"async\" class=\"alignnone size-full wp-image-1105\" src=\"http:\/\/zallan.se\/wp-content\/uploads\/2014\/02\/MAmors-jullimpor.jpg\" alt=\"\" width=\"560\" height=\"420\" srcset=\"https:\/\/zallan.se\/wp-content\/uploads\/2014\/02\/MAmors-jullimpor-180x135.jpg 180w, https:\/\/zallan.se\/wp-content\/uploads\/2014\/02\/MAmors-jullimpor-200x150.jpg 200w, https:\/\/zallan.se\/wp-content\/uploads\/2014\/02\/MAmors-jullimpor-360x270.jpg 360w, https:\/\/zallan.se\/wp-content\/uploads\/2014\/02\/MAmors-jullimpor.jpg 560w\" sizes=\"(max-width: 560px) 100vw, 560px\" \/><\/p>\n<\/div><div class=\"fusion-clearfix\"><\/div><\/div><\/div><div class=\"fusion-layout-column fusion_builder_column fusion-builder-column-1 fusion_builder_column_1_2 1_2 fusion-one-half fusion-column-last\" style=\"--awb-bg-size:cover;width:50%;width:calc(50% - ( ( 4% ) * 0.5 ) );\"><div class=\"fusion-column-wrapper fusion-flex-column-wrapper-legacy\"><div class=\"fusion-text fusion-text-2\"><h2><strong>Mors jullimpor<\/strong><\/h2>\n<p><strong>3 st<\/strong><br \/>\n750 g vetemj\u00f6l<br \/>\n750 g r\u00e5gmj\u00f6l<br \/>\n100 g j\u00e4st (2 pkt)<br \/>\n2-3 dl m\u00f6rk sirap<br \/>\n2-3 torkade pomeransskal (ca 10 g) eller 1 r\u00e5gad tsk malen pomerans<br \/>\n8 dl svagdricka<br \/>\n1 tsk salt<\/p>\n<\/div><div class=\"fusion-clearfix\"><\/div><\/div><\/div><div class=\"fusion-layout-column fusion_builder_column fusion-builder-column-2 fusion_builder_column_1_2 1_2 fusion-one-half fusion-column-first\" style=\"--awb-bg-size:cover;width:48%; margin-right: 4%;\"><div class=\"fusion-column-wrapper fusion-flex-column-wrapper-legacy\"><div class=\"fusion-text fusion-text-3\"><p>Koka pomeransskalen i ca 30 min och l\u00e5t svalna. Sk\u00e4r bort det vita p\u00e5 skalen, som ger en mycket besk smak, och hacka resten i sm\u00e5 bitar. Smula j\u00e4sten i en bunke. V\u00e4rm svagdrickan till 37 grader och l\u00f6s upp j\u00e4sten i lite av den. Tills\u00e4tt salt, de hackade pomeransskalen och sirap. K\u00f6r ig\u00e5ng maskinen s\u00e5 allt blandas och sl\u00e5 i r\u00e5gmj\u00f6let. Blanda ner vetemj\u00f6let efter hand. Om inte allt f\u00e5r plats i bunken f\u00e5r man arbeta in mj\u00f6let f\u00f6r hand p\u00e5 bakbordet. J\u00e4s degen i 1 timme.<br \/>\nS\u00e4tt ugnen p\u00e5 175 grader. Baka ut tre limpor och l\u00e4gg i smorda avl\u00e5nga 1,5 liters-formar och gr\u00e4dda i ca 1 timme. L\u00e5t svalna p\u00e5 galler under bakduk.<\/p>\n<\/div><div class=\"fusion-clearfix\"><\/div><\/div><\/div><div class=\"fusion-layout-column fusion_builder_column fusion-builder-column-3 fusion_builder_column_1_1 1_1 fusion-one-full fusion-column-last fusion-column-no-min-height\" style=\"--awb-bg-size:cover;--awb-margin-bottom:0px;\"><div class=\"fusion-column-wrapper fusion-flex-column-wrapper-legacy\"><div class=\"fusion-sep-clear\"><\/div><div class=\"fusion-separator fusion-full-width-sep\" style=\"margin-left: auto;margin-right: auto;margin-top:5px;margin-bottom:5px;width:100%;\"><div class=\"fusion-separator-border sep-shadow\" style=\"--awb-height:20px;--awb-amount:20px;background:radial-gradient(ellipse at 50% -50% , #e0dede 0px, rgba(255, 255, 255, 0) 80%) repeat scroll 0 0 rgba(0, 0, 0, 0);background:-webkit-radial-gradient(ellipse at 50% -50% , #e0dede 0px, rgba(255, 255, 255, 0) 80%) repeat scroll 0 0 rgba(0, 0, 0, 0);background:-moz-radial-gradient(ellipse at 50% -50% , #e0dede 0px, rgba(255, 255, 255, 0) 80%) repeat scroll 0 0 rgba(0, 0, 0, 0);background:-o-radial-gradient(ellipse at 50% -50% , #e0dede 0px, rgba(255, 255, 255, 0) 80%) repeat scroll 0 0 rgba(0, 0, 0, 0);\"><\/div><\/div><div class=\"fusion-sep-clear\"><\/div><div class=\"fusion-clearfix\"><\/div><\/div><\/div><\/div><\/div>\n","protected":false},"excerpt":{"rendered":"","protected":false},"author":3,"featured_media":0,"parent":221,"menu_order":190,"comment_status":"open","ping_status":"open","template":"100-width.php","meta":{"footnotes":""},"class_list":["post-1024","page","type-page","status-publish","hentry"],"_links":{"self":[{"href":"https:\/\/zallan.se\/index.php?rest_route=\/wp\/v2\/pages\/1024","targetHints":{"allow":["GET"]}}],"collection":[{"href":"https:\/\/zallan.se\/index.php?rest_route=\/wp\/v2\/pages"}],"about":[{"href":"https:\/\/zallan.se\/index.php?rest_route=\/wp\/v2\/types\/page"}],"author":[{"embeddable":true,"href":"https:\/\/zallan.se\/index.php?rest_route=\/wp\/v2\/users\/3"}],"replies":[{"embeddable":true,"href":"https:\/\/zallan.se\/index.php?rest_route=%2Fwp%2Fv2%2Fcomments&post=1024"}],"version-history":[{"count":1,"href":"https:\/\/zallan.se\/index.php?rest_route=\/wp\/v2\/pages\/1024\/revisions"}],"predecessor-version":[{"id":6047,"href":"https:\/\/zallan.se\/index.php?rest_route=\/wp\/v2\/pages\/1024\/revisions\/6047"}],"up":[{"embeddable":true,"href":"https:\/\/zallan.se\/index.php?rest_route=\/wp\/v2\/pages\/221"}],"wp:attachment":[{"href":"https:\/\/zallan.se\/index.php?rest_route=%2Fwp%2Fv2%2Fmedia&parent=1024"}],"curies":[{"name":"wp","href":"https:\/\/api.w.org\/{rel}","templated":true}]}}