{"id":1021,"date":"2014-02-06T12:43:02","date_gmt":"2014-02-06T11:43:02","guid":{"rendered":"http:\/\/zallan.se\/?page_id=1021"},"modified":"2019-05-08T17:36:50","modified_gmt":"2019-05-08T15:36:50","slug":"ma-julknackebrod","status":"publish","type":"page","link":"https:\/\/zallan.se\/?page_id=1021","title":{"rendered":"Julkn\u00e4ckebr\u00f6d"},"content":{"rendered":"<div class=\"fusion-fullwidth fullwidth-box fusion-builder-row-1 hundred-percent-fullwidth non-hundred-percent-height-scrolling\" style=\"--awb-border-radius-top-left:0px;--awb-border-radius-top-right:0px;--awb-border-radius-bottom-right:0px;--awb-border-radius-bottom-left:0px;--awb-overflow:visible;--awb-padding-right:30px;--awb-padding-left:30px;--awb-flex-wrap:wrap;\" ><div class=\"fusion-builder-row fusion-row\"><div class=\"fusion-layout-column fusion_builder_column fusion-builder-column-0 fusion_builder_column_1_2 1_2 fusion-one-half fusion-column-first\" style=\"--awb-bg-size:cover;width:50%;width:calc(50% - ( ( 4% ) * 0.5 ) );margin-right: 4%;\"><div class=\"fusion-column-wrapper fusion-flex-column-wrapper-legacy\"><div class=\"fusion-text fusion-text-1\"><p><img decoding=\"async\" class=\"alignnone size-full wp-image-1102\" src=\"http:\/\/zallan.se\/wp-content\/uploads\/2014\/02\/MAjulknacke-deg.jpg\" alt=\"\" width=\"560\" height=\"420\" srcset=\"https:\/\/zallan.se\/wp-content\/uploads\/2014\/02\/MAjulknacke-deg-180x135.jpg 180w, https:\/\/zallan.se\/wp-content\/uploads\/2014\/02\/MAjulknacke-deg-200x150.jpg 200w, https:\/\/zallan.se\/wp-content\/uploads\/2014\/02\/MAjulknacke-deg-360x270.jpg 360w, https:\/\/zallan.se\/wp-content\/uploads\/2014\/02\/MAjulknacke-deg.jpg 560w\" sizes=\"(max-width: 560px) 100vw, 560px\" \/><\/p>\n<\/div><div class=\"fusion-clearfix\"><\/div><\/div><\/div><div class=\"fusion-layout-column fusion_builder_column fusion-builder-column-1 fusion_builder_column_1_2 1_2 fusion-one-half fusion-column-last\" style=\"--awb-bg-size:cover;width:50%;width:calc(50% - ( ( 4% ) * 0.5 ) );\"><div class=\"fusion-column-wrapper fusion-flex-column-wrapper-legacy\"><div class=\"fusion-text fusion-text-2\"><h2><strong>Julkn\u00e4ckebr\u00f6d<\/strong><\/h2>\n<p><strong>24 st<\/strong><br \/>\n50 g j\u00e4st<br \/>\n5 dl vatten<br \/>\n2 tsk salt<br \/>\n2 tsk socker<br \/>\n1 msk st\u00f6tt kummin<br \/>\n1 l grovt r\u00e5gmj\u00f6l<br \/>\n50 g mjukt sm\u00f6r<br \/>\nca 5 dl r\u00e5gsikt<\/p>\n<\/div><div class=\"fusion-clearfix\"><\/div><\/div><\/div><div class=\"fusion-layout-column fusion_builder_column fusion-builder-column-2 fusion_builder_column_1_2 1_2 fusion-one-half fusion-column-first\" style=\"--awb-bg-size:cover;width:48%; margin-right: 4%;\"><div class=\"fusion-column-wrapper fusion-flex-column-wrapper-legacy\"><div class=\"fusion-text fusion-text-3\"><p>Smula j\u00e4sten i degbunken. V\u00e4rm vattnet till fingerv\u00e4rme och h\u00e4ll \u00f6ver j\u00e4sten. Tills\u00e4tt salt, socker och kummin och r\u00f6r tills j\u00e4sten l\u00f6sts upp. R\u00f6r ner allt r\u00e5gmj\u00f6let och klicka i det mjuka sm\u00f6ret. Arbeta in sm\u00f6ret i degen och s\u00e4tt sedan till s\u00e5 mycket r\u00e5gsikt att det blir en hyfsat fast deg, som f\u00e5r j\u00e4sa \u00f6vert\u00e4ckt i 15 minuter. S\u00e4tt ugnen p\u00e5 225 grader. Ta upp degen p\u00e5 bakbordet, kn\u00e5da igenom den och dela sedan i 24 bitar. Rulla dessa till bullar och l\u00e4gg under en handduk. Kavla ut en bulle i taget till en tunn kaka, 2-24 cm i diameter. Anv\u00e4nd r\u00e5gmj\u00f6l s\u00e5 degen inte fastnar p\u00e5 bordet. L\u00e4gg s\u00e5 m\u00e5nga kakor som ryms p\u00e5 en pl\u00e5t. Om man inte anv\u00e4nder en kruskavel naggar man kakorna t\u00e4tt med en gaffel. Om man vill kan man ta ut ett h\u00e5l i mitten av varje kaka. Gr\u00e4dda sedan i 6-8 minuter. L\u00e5t kakorna kallna ordentligt innan de l\u00e4ggs i en burk.<\/p>\n<\/div><div class=\"fusion-clearfix\"><\/div><\/div><\/div><div class=\"fusion-layout-column fusion_builder_column fusion-builder-column-3 fusion_builder_column_1_1 1_1 fusion-one-full fusion-column-last fusion-column-no-min-height\" style=\"--awb-bg-size:cover;--awb-margin-bottom:0px;\"><div class=\"fusion-column-wrapper fusion-flex-column-wrapper-legacy\"><div class=\"fusion-sep-clear\"><\/div><div class=\"fusion-separator fusion-full-width-sep\" style=\"margin-left: auto;margin-right: auto;margin-top:5px;margin-bottom:5px;width:100%;\"><div class=\"fusion-separator-border sep-shadow\" style=\"--awb-height:20px;--awb-amount:20px;background:radial-gradient(ellipse at 50% -50% , #e0dede 0px, rgba(255, 255, 255, 0) 80%) repeat scroll 0 0 rgba(0, 0, 0, 0);background:-webkit-radial-gradient(ellipse at 50% -50% , #e0dede 0px, rgba(255, 255, 255, 0) 80%) repeat scroll 0 0 rgba(0, 0, 0, 0);background:-moz-radial-gradient(ellipse at 50% -50% , #e0dede 0px, rgba(255, 255, 255, 0) 80%) repeat scroll 0 0 rgba(0, 0, 0, 0);background:-o-radial-gradient(ellipse at 50% -50% , #e0dede 0px, rgba(255, 255, 255, 0) 80%) repeat scroll 0 0 rgba(0, 0, 0, 0);\"><\/div><\/div><div class=\"fusion-sep-clear\"><\/div><div class=\"fusion-clearfix\"><\/div><\/div><\/div><\/div><\/div>\n","protected":false},"excerpt":{"rendered":"","protected":false},"author":3,"featured_media":0,"parent":221,"menu_order":178,"comment_status":"open","ping_status":"open","template":"100-width.php","meta":{"footnotes":""},"class_list":["post-1021","page","type-page","status-publish","hentry"],"_links":{"self":[{"href":"https:\/\/zallan.se\/index.php?rest_route=\/wp\/v2\/pages\/1021","targetHints":{"allow":["GET"]}}],"collection":[{"href":"https:\/\/zallan.se\/index.php?rest_route=\/wp\/v2\/pages"}],"about":[{"href":"https:\/\/zallan.se\/index.php?rest_route=\/wp\/v2\/types\/page"}],"author":[{"embeddable":true,"href":"https:\/\/zallan.se\/index.php?rest_route=\/wp\/v2\/users\/3"}],"replies":[{"embeddable":true,"href":"https:\/\/zallan.se\/index.php?rest_route=%2Fwp%2Fv2%2Fcomments&post=1021"}],"version-history":[{"count":1,"href":"https:\/\/zallan.se\/index.php?rest_route=\/wp\/v2\/pages\/1021\/revisions"}],"predecessor-version":[{"id":6035,"href":"https:\/\/zallan.se\/index.php?rest_route=\/wp\/v2\/pages\/1021\/revisions\/6035"}],"up":[{"embeddable":true,"href":"https:\/\/zallan.se\/index.php?rest_route=\/wp\/v2\/pages\/221"}],"wp:attachment":[{"href":"https:\/\/zallan.se\/index.php?rest_route=%2Fwp%2Fv2%2Fmedia&parent=1021"}],"curies":[{"name":"wp","href":"https:\/\/api.w.org\/{rel}","templated":true}]}}