{"id":1013,"date":"2014-02-06T12:38:18","date_gmt":"2014-02-06T11:38:18","guid":{"rendered":"http:\/\/zallan.se\/?page_id=1013"},"modified":"2019-05-08T18:03:38","modified_gmt":"2019-05-08T16:03:38","slug":"ma","status":"publish","type":"page","link":"https:\/\/zallan.se\/?page_id=1013","title":{"rendered":"R\u00f6dbetslimpor"},"content":{"rendered":"<div class=\"fusion-fullwidth fullwidth-box fusion-builder-row-1 hundred-percent-fullwidth non-hundred-percent-height-scrolling\" style=\"--awb-border-radius-top-left:0px;--awb-border-radius-top-right:0px;--awb-border-radius-bottom-right:0px;--awb-border-radius-bottom-left:0px;--awb-overflow:visible;--awb-padding-right:30px;--awb-padding-left:30px;--awb-flex-wrap:wrap;\" ><div class=\"fusion-builder-row fusion-row\"><div class=\"fusion-layout-column fusion_builder_column fusion-builder-column-0 fusion_builder_column_1_2 1_2 fusion-one-half fusion-column-first\" style=\"--awb-bg-size:cover;width:50%;width:calc(50% - ( ( 4% ) * 0.5 ) );margin-right: 4%;\"><div class=\"fusion-column-wrapper fusion-flex-column-wrapper-legacy\"><div class=\"fusion-text fusion-text-1\"><p><a href=\"http:\/\/zallan.se\/wp-content\/uploads\/2014\/02\/rodbetsbrod.jpg\"><img decoding=\"async\" class=\"alignleft wp-image-2955 size-full\" src=\"http:\/\/zallan.se\/wp-content\/uploads\/2014\/02\/rodbetsbrod.jpg\" alt=\"\" width=\"560\" height=\"420\" srcset=\"https:\/\/zallan.se\/wp-content\/uploads\/2014\/02\/rodbetsbrod-180x135.jpg 180w, https:\/\/zallan.se\/wp-content\/uploads\/2014\/02\/rodbetsbrod-200x150.jpg 200w, https:\/\/zallan.se\/wp-content\/uploads\/2014\/02\/rodbetsbrod-360x270.jpg 360w, https:\/\/zallan.se\/wp-content\/uploads\/2014\/02\/rodbetsbrod.jpg 560w\" sizes=\"(max-width: 560px) 100vw, 560px\" \/><\/a><\/p>\n<\/div><div class=\"fusion-clearfix\"><\/div><\/div><\/div><div class=\"fusion-layout-column fusion_builder_column fusion-builder-column-1 fusion_builder_column_1_2 1_2 fusion-one-half fusion-column-last\" style=\"--awb-bg-size:cover;width:50%;width:calc(50% - ( ( 4% ) * 0.5 ) );\"><div class=\"fusion-column-wrapper fusion-flex-column-wrapper-legacy\"><div class=\"fusion-text fusion-text-2\"><h1><strong>R\u00f6dbetslimpor<\/strong><\/h1>\n<p><strong>2 br\u00f6d<\/strong><br \/>\n1\u00bd dl vetekross<br \/>\n1\u00bd dl vatten<br \/>\n300 g r\u00e5rivna r\u00f6dbetor<br \/>\n50 g j\u00e4st<br \/>\n3\u00bd+\u00bd dl vatten<br \/>\n2 tsk (havs)salt<br \/>\nca 840 g vetemj\u00f6l special<\/p>\n<\/div><div class=\"fusion-clearfix\"><\/div><\/div><\/div><div class=\"fusion-layout-column fusion_builder_column fusion-builder-column-2 fusion_builder_column_1_2 1_2 fusion-one-half fusion-column-first\" style=\"--awb-bg-size:cover;width:48%; margin-right: 4%;\"><div class=\"fusion-column-wrapper fusion-flex-column-wrapper-legacy\"><div class=\"fusion-text fusion-text-3\"><p>Koka ihop vetekross och vatten ett par minuter. L\u00e4gg de r\u00e5rivna r\u00f6dbetorna i en bunke och h\u00e4ll \u00f6ver vetekrosset och 3\u00bd dl vatten. Blandningen ska nu h\u00e5lla 37 grader. R\u00f6r ut j\u00e4sten i \u00bd dl vatten och blanda ner. Tills\u00e4tt saltet och det mesta av mj\u00f6let och arbeta till en smidig deg. L\u00e5t j\u00e4sa under duk i 40 min. Ta upp degen och arbeta den v\u00e4l. Dela degen p\u00e5 h\u00e4lften och sedan varje del i 3 delar, som rullas ut till l\u00e4ngder och fl\u00e4tas ihop. L\u00e4gg fl\u00e4torna i 2 smorda 1\u00bd-liters formar. Om man tycker det \u00e4r jobbigt att fl\u00e4ta bakar man bara ut tv\u00e5 limpor, som l\u00e4ggs i formarna. L\u00e5t j\u00e4sa 30 min och gr\u00e4dda sedan i nedre delen av ugnen i 250 grader i 30-40 min.<\/p>\n<\/div><div class=\"fusion-clearfix\"><\/div><\/div><\/div><div class=\"fusion-layout-column fusion_builder_column fusion-builder-column-3 fusion_builder_column_1_1 1_1 fusion-one-full fusion-column-last fusion-column-no-min-height\" style=\"--awb-bg-size:cover;--awb-margin-bottom:0px;\"><div class=\"fusion-column-wrapper fusion-flex-column-wrapper-legacy\"><div class=\"fusion-sep-clear\"><\/div><div class=\"fusion-separator fusion-full-width-sep\" style=\"margin-left: auto;margin-right: auto;margin-top:5px;margin-bottom:5px;width:100%;\"><div class=\"fusion-separator-border sep-shadow\" style=\"--awb-height:20px;--awb-amount:20px;background:radial-gradient(ellipse at 50% -50% , #e0dede 0px, rgba(255, 255, 255, 0) 80%) repeat scroll 0 0 rgba(0, 0, 0, 0);background:-webkit-radial-gradient(ellipse at 50% -50% , #e0dede 0px, rgba(255, 255, 255, 0) 80%) repeat scroll 0 0 rgba(0, 0, 0, 0);background:-moz-radial-gradient(ellipse at 50% -50% , #e0dede 0px, rgba(255, 255, 255, 0) 80%) repeat scroll 0 0 rgba(0, 0, 0, 0);background:-o-radial-gradient(ellipse at 50% -50% , #e0dede 0px, rgba(255, 255, 255, 0) 80%) repeat scroll 0 0 rgba(0, 0, 0, 0);\"><\/div><\/div><div class=\"fusion-sep-clear\"><\/div><div class=\"fusion-clearfix\"><\/div><\/div><\/div><\/div><\/div>\n","protected":false},"excerpt":{"rendered":"","protected":false},"author":3,"featured_media":0,"parent":221,"menu_order":197,"comment_status":"open","ping_status":"open","template":"100-width.php","meta":{"footnotes":""},"class_list":["post-1013","page","type-page","status-publish","hentry"],"_links":{"self":[{"href":"https:\/\/zallan.se\/index.php?rest_route=\/wp\/v2\/pages\/1013","targetHints":{"allow":["GET"]}}],"collection":[{"href":"https:\/\/zallan.se\/index.php?rest_route=\/wp\/v2\/pages"}],"about":[{"href":"https:\/\/zallan.se\/index.php?rest_route=\/wp\/v2\/types\/page"}],"author":[{"embeddable":true,"href":"https:\/\/zallan.se\/index.php?rest_route=\/wp\/v2\/users\/3"}],"replies":[{"embeddable":true,"href":"https:\/\/zallan.se\/index.php?rest_route=%2Fwp%2Fv2%2Fcomments&post=1013"}],"version-history":[{"count":1,"href":"https:\/\/zallan.se\/index.php?rest_route=\/wp\/v2\/pages\/1013\/revisions"}],"predecessor-version":[{"id":6057,"href":"https:\/\/zallan.se\/index.php?rest_route=\/wp\/v2\/pages\/1013\/revisions\/6057"}],"up":[{"embeddable":true,"href":"https:\/\/zallan.se\/index.php?rest_route=\/wp\/v2\/pages\/221"}],"wp:attachment":[{"href":"https:\/\/zallan.se\/index.php?rest_route=%2Fwp%2Fv2%2Fmedia&parent=1013"}],"curies":[{"name":"wp","href":"https:\/\/api.w.org\/{rel}","templated":true}]}}