{"id":1008,"date":"2014-02-06T12:30:54","date_gmt":"2014-02-06T11:30:54","guid":{"rendered":"http:\/\/zallan.se\/?page_id=1008"},"modified":"2019-05-08T17:50:42","modified_gmt":"2019-05-08T15:50:42","slug":"ma-medelhavsbrod","status":"publish","type":"page","link":"https:\/\/zallan.se\/?page_id=1008","title":{"rendered":"Medelhavsbr\u00f6d"},"content":{"rendered":"<div class=\"fusion-fullwidth fullwidth-box fusion-builder-row-1 hundred-percent-fullwidth non-hundred-percent-height-scrolling\" style=\"--awb-border-radius-top-left:0px;--awb-border-radius-top-right:0px;--awb-border-radius-bottom-right:0px;--awb-border-radius-bottom-left:0px;--awb-overflow:visible;--awb-padding-right:30px;--awb-padding-left:30px;--awb-flex-wrap:wrap;\" ><div class=\"fusion-builder-row fusion-row\"><div class=\"fusion-layout-column fusion_builder_column fusion-builder-column-0 fusion_builder_column_1_2 1_2 fusion-one-half fusion-column-first\" style=\"--awb-bg-size:cover;width:50%;width:calc(50% - ( ( 4% ) * 0.5 ) );margin-right: 4%;\"><div class=\"fusion-column-wrapper fusion-flex-column-wrapper-legacy\"><div class=\"fusion-text fusion-text-1\"><p><a href=\"http:\/\/zallan.se\/wp-content\/uploads\/2014\/02\/surdegsbrod.jpg\"><img decoding=\"async\" class=\"alignleft wp-image-2947 size-full\" src=\"http:\/\/zallan.se\/wp-content\/uploads\/2014\/02\/surdegsbrod.jpg\" alt=\"\" width=\"560\" height=\"420\" srcset=\"https:\/\/zallan.se\/wp-content\/uploads\/2014\/02\/surdegsbrod-180x135.jpg 180w, https:\/\/zallan.se\/wp-content\/uploads\/2014\/02\/surdegsbrod-200x150.jpg 200w, https:\/\/zallan.se\/wp-content\/uploads\/2014\/02\/surdegsbrod-360x270.jpg 360w, https:\/\/zallan.se\/wp-content\/uploads\/2014\/02\/surdegsbrod.jpg 560w\" sizes=\"(max-width: 560px) 100vw, 560px\" \/><\/a><\/p>\n<\/div><div class=\"fusion-clearfix\"><\/div><\/div><\/div><div class=\"fusion-layout-column fusion_builder_column fusion-builder-column-1 fusion_builder_column_1_2 1_2 fusion-one-half fusion-column-last\" style=\"--awb-bg-size:cover;width:50%;width:calc(50% - ( ( 4% ) * 0.5 ) );\"><div class=\"fusion-column-wrapper fusion-flex-column-wrapper-legacy\"><div class=\"fusion-text fusion-text-2\"><h1><strong>Medelhavsbr\u00f6d<\/strong><\/h1>\n<p><strong>1 br\u00f6d<\/strong><br \/>\n1\/4 pkt j\u00e4st (12,5 g)<br \/>\n300 g vatten<br \/>\n100 g vetesurdeg<br \/>\n\u00bd msk salt<br \/>\n390 g vetemj\u00f6l special<\/p>\n<\/div><div class=\"fusion-clearfix\"><\/div><\/div><\/div><div class=\"fusion-layout-column fusion_builder_column fusion-builder-column-2 fusion_builder_column_1_2 1_2 fusion-one-half fusion-column-first\" style=\"--awb-bg-size:cover;width:48%; margin-right: 4%;\"><div class=\"fusion-column-wrapper fusion-flex-column-wrapper-legacy\"><div class=\"fusion-text fusion-text-3\"><p>Smula j\u00e4sten i en bunke. L\u00f6s den noga i vattnet och surdegen. R\u00f6r i\u00a0salt och vetemj\u00f6l till en l\u00f6s deg. J\u00e4s i 30 min. Fukta en slickepott med vatten och anv\u00e4nd den f\u00f6r att lossa en del av degen fr\u00e5n kanten p\u00e5 bunken och vik in den mot mitten. Upprepa runt hela bunken och j\u00e4s sedan 30 min till. G\u00f6r om proceduren ytterligare tv\u00e5 g\u00e5nger. H\u00e4ll f\u00f6rsiktigt upp degen p\u00e5 en v\u00e4l mj\u00f6lad b\u00e4nk. Dra ut degen till en fyrkant och vik sedan in varje sida mot mitten till ett paket.\u00a0V\u00e4nd upp br\u00f6det, s\u00e5 skarven hamnar ned\u00e5t, i en ordentligt mj\u00f6lad j\u00e4skorg och\u00a0j\u00e4s ytterligare 1 timme. S\u00e4tt ugnen p\u00e5 275 grader (250 f\u00f6r varmluftsugn) och stoppa in en pl\u00e5t. V\u00e4nd f\u00f6rsiktigt upp br\u00f6det p\u00e5 ett bakpl\u00e5tspapper och dra \u00f6ver pappret till den heta pl\u00e5ten. S\u00e4tt tillbaka in i ugnen\u00a0och spreja med vatten uppe och nere i ugnen och gr\u00e4dda i 10 min. S\u00e4nk ugnsv\u00e4rmen till 150 grader (varmluftsugn 125) och gr\u00e4dda i ytterligare 45 min. L\u00e5t br\u00f6det svalna p\u00e5 galler utan bakduk.<\/p>\n<\/div><div class=\"fusion-clearfix\"><\/div><\/div><\/div><div class=\"fusion-layout-column fusion_builder_column fusion-builder-column-3 fusion_builder_column_1_1 1_1 fusion-one-full fusion-column-last fusion-column-no-min-height\" style=\"--awb-bg-size:cover;--awb-margin-bottom:0px;\"><div class=\"fusion-column-wrapper fusion-flex-column-wrapper-legacy\"><div class=\"fusion-sep-clear\"><\/div><div class=\"fusion-separator fusion-full-width-sep\" style=\"margin-left: auto;margin-right: auto;margin-top:20px;margin-bottom:20px;width:100%;\"><div class=\"fusion-separator-border sep-shadow\" style=\"--awb-height:20px;--awb-amount:20px;background:radial-gradient(ellipse at 50% -50% , #e0dede 0px, rgba(255, 255, 255, 0) 80%) repeat scroll 0 0 rgba(0, 0, 0, 0);background:-webkit-radial-gradient(ellipse at 50% -50% , #e0dede 0px, rgba(255, 255, 255, 0) 80%) repeat scroll 0 0 rgba(0, 0, 0, 0);background:-moz-radial-gradient(ellipse at 50% -50% , #e0dede 0px, rgba(255, 255, 255, 0) 80%) repeat scroll 0 0 rgba(0, 0, 0, 0);background:-o-radial-gradient(ellipse at 50% -50% , #e0dede 0px, rgba(255, 255, 255, 0) 80%) repeat scroll 0 0 rgba(0, 0, 0, 0);\"><\/div><\/div><div class=\"fusion-sep-clear\"><\/div><div class=\"fusion-clearfix\"><\/div><\/div><\/div><\/div><\/div>\n","protected":false},"excerpt":{"rendered":"","protected":false},"author":3,"featured_media":0,"parent":221,"menu_order":188,"comment_status":"open","ping_status":"open","template":"100-width.php","meta":{"footnotes":""},"class_list":["post-1008","page","type-page","status-publish","hentry"],"_links":{"self":[{"href":"https:\/\/zallan.se\/index.php?rest_route=\/wp\/v2\/pages\/1008","targetHints":{"allow":["GET"]}}],"collection":[{"href":"https:\/\/zallan.se\/index.php?rest_route=\/wp\/v2\/pages"}],"about":[{"href":"https:\/\/zallan.se\/index.php?rest_route=\/wp\/v2\/types\/page"}],"author":[{"embeddable":true,"href":"https:\/\/zallan.se\/index.php?rest_route=\/wp\/v2\/users\/3"}],"replies":[{"embeddable":true,"href":"https:\/\/zallan.se\/index.php?rest_route=%2Fwp%2Fv2%2Fcomments&post=1008"}],"version-history":[{"count":1,"href":"https:\/\/zallan.se\/index.php?rest_route=\/wp\/v2\/pages\/1008\/revisions"}],"predecessor-version":[{"id":6045,"href":"https:\/\/zallan.se\/index.php?rest_route=\/wp\/v2\/pages\/1008\/revisions\/6045"}],"up":[{"embeddable":true,"href":"https:\/\/zallan.se\/index.php?rest_route=\/wp\/v2\/pages\/221"}],"wp:attachment":[{"href":"https:\/\/zallan.se\/index.php?rest_route=%2Fwp%2Fv2%2Fmedia&parent=1008"}],"curies":[{"name":"wp","href":"https:\/\/api.w.org\/{rel}","templated":true}]}}